{"id":1081,"date":"2021-04-07T11:54:59","date_gmt":"2021-04-07T09:54:59","guid":{"rendered":"https:\/\/animaolistic.com\/site\/?page_id=1081"},"modified":"2026-04-15T17:45:09","modified_gmt":"2026-04-15T15:45:09","slug":"les-tournees-et-deplacements","status":"publish","type":"page","link":"https:\/\/animaolistic.com\/site\/les-tournees-et-deplacements\/","title":{"rendered":"Tourn\u00e9es &amp; \u00e9v\u00e8nements"},"content":{"rendered":"\n<div class=\"wp-block-cover is-light\"><span aria-hidden=\"true\" class=\"wp-block-cover__background has-background-dim\"><\/span><img loading=\"lazy\" decoding=\"async\" width=\"668\" height=\"501\" class=\"wp-block-cover__image-background wp-image-1092\" alt=\"\" src=\"https:\/\/animaolistic.com\/site\/wp-content\/uploads\/2021\/03\/IMG_20201023_165044-scaled-e1617121135146.jpg\" data-object-fit=\"cover\"\/><div class=\"wp-block-cover__inner-container is-layout-flow wp-block-cover-is-layout-flow\">\n<p><\/p>\n\n\n\n<p class=\"has-text-align-center has-large-font-size\">Tourn\u00e9es &amp; \u00e9v\u00e8nements<\/p>\n<\/div><\/div>\n\n\n\n<p><br><strong>ACCUEIL EN CABINET POUR LE SHIATSU HUMAIN<\/strong><br><strong>&#8211; Cabinet Espace Ressources<\/strong>, 105 place des Papetteries Latune \u00e0&nbsp;Mirabel et Blacons 26400<br>  Les lundis \u00e0 partir de 13h sur rendez-vous<br><strong>&#8211; Cabinet de CREST <\/strong>: sur rendez-vous, au Dispensaire de Soins Naturels &#8211; 21 avenue des Arbres \u00c9crits &#8211; b\u00e2timent A &#8211; 26400 CREST<br><br><strong>ACCUEIL DES S\u00c9ANCES CANIN \/ F\u00c9LIN \/ DUO ANIMAL-HUMAIN \u00e0 Valence : <\/strong><a href=\"http:\/\/ocaneo.fr\/\">http:\/\/ocaneo.fr\/<\/a><br>En s\u00e9ance individuelle ou journ\u00e9e programm\u00e9e, aux <a href=\"https:\/\/animaolistic.com\/site\/tarifs\/\">tarifs habituels<\/a> sans frais de d\u00e9placement.<br><br><strong>TOURN\u00c9ES<\/strong>, <strong>d\u00e8s 3 s\u00e9ances sur le m\u00eame secteur<\/strong> :<br><strong>-5 \u20ac sur la s\u00e9ance humain, \u00e9quin et animalier &#8211; frais de d\u00e9placement partag\u00e9s<\/strong><br>(hors forfaits <a href=\"https:\/\/animaolistic.com\/site\/tarifs\/\">\u00ab\u00a0Equilibre 4 s\u00e9ances\u00a0\u00bb<\/a>)<\/p>\n\n\n\n<p>\u2666\ufe0f Vous avez plusieurs \u00e9quid\u00e9s ou animaux,<br>\u2666\ufe0f Vous souhaitez une intervention en milieu collectif ou professionnel,<br>\u2666\ufe0f Vous \u00eates dans une \u00e9curie et d\u2019autres propri\u00e9taires souhaitent une s\u00e9ance pour leur cheval,<br>\u2666\ufe0f Vous avez un seul cheval ou animal, mais vous connaissez d\u2019autres propri\u00e9taires int\u00e9ress\u00e9s sur votre secteur,<br>\u2666\ufe0f Vous souhaitez vous joindre \u00e0 une tourn\u00e9e sur votre secteur, <\/p>\n\n\n\n<p>Pour organiser ou rejoindre une tourn\u00e9e, consultez le planning et <a data-type=\"page\" data-id=\"19\" href=\"https:\/\/animaolistic.com\/site\/contact\/\">r\u00e9servez votre s\u00e9ance<\/a> <br>email : animaolistic@orange.fr<br>sms au 06 20 27 15 49<br>facebook : <a data-type=\"URL\" data-id=\"https:\/\/www.facebook.com\/AnimaOlistic\/\" href=\"https:\/\/www.facebook.com\/AnimaOlistic\/\">https:\/\/www.facebook.com\/AnimaOlistic\/<\/a><br><\/p>\n\n\n\n<p><strong>JUIN 2026 :<\/strong><br><strong>&#8211; samedi 06<\/strong> : secteur LAMOTTE DU RH\u00d4NE 84840 : complet<br><br><strong>MAI 2026 :<\/strong><br><strong>&#8211; dimanche 03<\/strong> : <strong>STAGE BIEN-\u00caTRE : BIOM\u00c9CANIQUE &amp; SHIATSU<\/strong>, co-anim\u00e9 avec Chlo\u00e9 Bureau-Roubaud \u00e0 <a href=\"https:\/\/equi-paradis.fr\/\">EQUI-PARADIS<\/a> JAILLANS 26300 : programme d\u00e9taill\u00e9 \u00e0 venir<br><strong>&#8211; vendredi 08<\/strong> : secteur UPIE 26120<br><strong>&#8211; mercredi 13<\/strong> : secteur ST PAULET DE CAISSON 30130 (d\u00e9pl. \u00e0 partager 20\u20ac)<br><strong>&#8211; mardi 19<\/strong> : secteur CHABRILLAN 26400<br><strong>&#8211; samedi 30<\/strong> : secteur LAMOTTE DU RH\u00d4NE 84840 : complet<br><br><strong>AVRIL 2026 :<\/strong><br><strong>&#8211; jeudi 02<\/strong> : secteur ALIXAN 26300<br><strong>&#8211; vendredi 03<\/strong> : secteur PORTES EN VALDAINE \/ LA B\u00c9GUDE DE MAZENC 26160<br><strong>&#8211; mardi 07<\/strong> : secteur MONTJOUX \/ DIEULEFIT 26220<br><strong>&#8211; jeudi 16<\/strong> : canin\/f\u00e9lin ou humain (sur chaise\/table) \u00e0 <a href=\"https:\/\/ocaneo.fr\/\">O&rsquo;CANEO<\/a> Valence<br><strong>&#8211; vendredi 17<\/strong> : secteur LA BAUME CORNILLANE \/ CHABEUIL 26120<br><strong>&#8211; mercredi 22<\/strong> : secteur JAILLANS 26300<br><strong>&#8211; vendredi 24<\/strong> : secteur CLAVEYSON 26240 (d\u00e9pl. \u00e0 partager 10\u20ac)<br><strong>&#8211; mercredi 29<\/strong> : secteur ROIFFIEUX 07100 (d\u00e9pl. \u00e0 partager 25\u20ac)<br><br><strong>MARS 2026 :<\/strong><br><strong>&#8211; mercredi 04<\/strong> : secteur ALIXAN \/ BOURG LES VALENCE 26500<br><strong>&#8211; vendredi 06 <\/strong>: secteur DIE 26150<br><strong>&#8211; samedi 07<\/strong> : canin\/f\u00e9lin ou humain (sur chaise\/table) \u00e0 <a href=\"https:\/\/ocaneo.fr\/\">O&rsquo;CANEO<\/a> Valence<br><strong>&#8211; mardi 10<\/strong> : secteur GILHOC SUR ORMEZE 07270 \/ ALBOUSSIERE (d\u00e9pl. 10\u20ac \u00e0 partager)<br><strong>&#8211; vendredi 13<\/strong> : secteur ROMANS\/ISERE \/ JAILLANS 26300<br><strong>&#8211; dimanche 15 &#8212;> report\u00e9 au dimanche 03 mai<\/strong> : STAGE BIEN-\u00caTRE : BIOM\u00c9CANIQUE &amp; SHIATSU, co-anim\u00e9 avec Chlo\u00e9 Bureau-Roubaud \u00e0 <a href=\"https:\/\/equi-paradis.fr\/\">EQUI-PARADIS<\/a> JAILLANS 26300 : programme d\u00e9taill\u00e9 \u00e0 venir<br><strong>&#8211; mardi 31<\/strong> : secteur GILHOC SUR ORMEZE 07270 \/ ALBOUSSIERE (d\u00e9pl. 10\u20ac \u00e0 partager)<br><br><strong>F\u00c9VRIER 2026 :<\/strong><br><strong>&#8211; jeudi 12<\/strong> : secteur DIE 26150 : complet<br><strong>&#8211; vendredi 13<\/strong> : secteur LA BAUME CORNILLANE \/ CHABEUIL 26120<br><strong>&#8211; samedi 14<\/strong> : <a href=\"https:\/\/animaolistic.com\/site\/les-seances-humain\/\">shiatsu anma sur chaise <\/a>\u00e0 l&rsquo;occasion de la journ\u00e9e St Valentin \u00e0 <a href=\"https:\/\/ocaneo.fr\/\">O&rsquo;CANEO<\/a> Valence (env. 30mn = 25\u20ac, sur r\u00e9servation)<br><strong>&#8211; mercredi 18<\/strong> : canin\/f\u00e9lin ou humain (sur chaise\/table) \u00e0 <a href=\"https:\/\/ocaneo.fr\/\">O&rsquo;CANEO<\/a> Valence<br><strong>&#8211; vendredi 20 <\/strong>: secteur AUBIGNAS \/ LE TEIL 07400 (d\u00e9pl. \u00e0 partager 5\u20ac)<br><strong>&#8211; samedi 28<\/strong> : secteur LAMOTTE DU RH\u00d4NE 84840 : complet<br><br><strong>JANVIER 2026 :<\/strong><br><strong>&#8211; vendredi 09<\/strong> : secteur CLAVEYSON 26240 (d\u00e9pl. \u00e0 partager 10\u20ac)<br><br><br><strong>D\u00c9CEMBRE 2025 :<\/strong><br><strong>&#8211; vendredi 05<\/strong> : secteur JAILLANS 26300<br><br><strong>NOVEMBRE 2025 :<\/strong><br><strong>&#8211; mercredi 12<\/strong> : secteur BOURG LES VALENCE \/ ST MARCEL 26320 : report\u00e9e, date \u00e0 d\u00e9finir<br><strong>&#8211; vendredi 14<\/strong> : secteur ST AUBAN\/OUVEZE \/ BUIS LES BARONNIES 26170 (d\u00e9pl. 20\u20ac \u00e0 partager)<br><strong>\u2013 jeudi 20<\/strong> : secteur DIE 26150 : complet<br><strong>&#8211; jeudi 27<\/strong> : secteur ALIXAN 26300<br><strong>&#8211; samedi 29<\/strong> : secteur LAMOTTE DU RH\u00d4NE 84840 : complet<br><br><strong>OCTOBRE 2025 :<\/strong><br><strong>&#8211; samedi 04<\/strong> : journ\u00e9e d\u00e9couverte du shiatsu (canin\/f\u00e9lin et humain) en partenariat avec l&rsquo;association <a href=\"https:\/\/www.lespetitespattesaf.com\/\">Les Petites Pattes d&rsquo;Agn\u00e8s Feraud<\/a> \u00e0 ST RESTITUT 26130 (103 chemin de Sol\u00e9rieux)<br>S\u00e9ances d&rsquo;environ 30mn (sur chaise ergonomique pour le shiatsu humain)<br>Tarif : 20\u20ac<br>Sur r\u00e9servation : animaolistic@orange.fr ou 06 20 27 15 49<br>Les Petites Pattes : 06 51 41 58 69<br><strong>&#8211; samedi 11 et dimanche 12<\/strong> : participation au SALON DU BIEN-\u00caTRE de CREST 26400 : <br>s\u00e9ances d\u00e9couverte du shiatsu anma sur chaise et r\u00e9ductions sur les s\u00e9ances humain, \u00e9quin &amp; animalier r\u00e9serv\u00e9es durant le salon !<br>&#8211; <strong>mercredi 22<\/strong> : secteur BOURG LES VALENCE 26500 \/ ST MARCEL LES VALENCE<br><strong>&#8211; samedi 25<\/strong> : secteur LAMOTTE DU RH\u00d4NE 84840 (d\u00e9placement 15\u20ac \u00e0 partager)<br>&#8211; <strong>jeudi 30<\/strong> : secteur CHANAS 38150 (d\u00e9placement 20\u20ac \u00e0 partager)<br><br><strong>SEPTEMBRE 2025 :<\/strong><br><strong>&#8211; lundi 1er<\/strong> : secteur LA VOULTE SUR RH\u00d4NE 07800<br><strong>&#8211; vendredi 05<\/strong> : secteur DIE 26150<br><strong>&#8211; dimanche 07<\/strong> : <a href=\"https:\/\/animaolistic.com\/site\/wp-admin\/post.php?post=2159&amp;action=edit\">STAGE BIOM\u00c9CANIQUE &amp; SHIATSU \u00c9QUIN<\/a>, co-anim\u00e9 avec Chlo\u00e9 Bureau-Roubaud \u00e0 EQUI-PARADIS JAILLANS 26300<br>Au programme : bienfaits des pratiques et liens entre biom\u00e9canique &amp; shiatsu, d\u00e9tection des signaux de confort\/inconfort, rep\u00e9rage des d\u00e9s\u00e9quilibres, initiation aux techniques manuelles \u00e9nerg\u00e9tiques et de shiatsu \u00e9quin (m\u00e9ridien Vessie, d\u00e9contraction du dos, de l&rsquo;arri\u00e8re-main, avant-main, encolure), correction des d\u00e9s\u00e9quilibres par des exercices de biom\u00e9canique et le shiatsu.<br>Tarif 130 \u20ac la journ\u00e9e<br>Nombre de places limit\u00e9, pour r\u00e9server me contacter <br><strong>&#8211; samedi 13<\/strong> : CONF\u00c9RENCE\/D\u00c9MONSTRATION du shiatsu canin lors de la journ\u00e9e portes ouvertes du centre canin O&rsquo;CAN\u00c9O VALENCE<br>&#8211; <strong>mercredi 17<\/strong> : secteur DIE 26150<br>&#8211; <strong>mardi 23<\/strong> : secteur MONTVENDRE \/ LA BAUME CORNILLANE 26120<br><strong>&#8211; vendredi 26<\/strong> : secteur AUBIGNAS \/ LE TEIL 07400<br><br><strong>AO\u00dbT 2025 :<\/strong><br>&#8211; mercredi 20 : secteur MONTVENDRE \/ LA BAUME CORNILLANE 26120<br>&#8211; vendredi 22 : secteur UPIE 26120<br>&#8211; samedi 30 : secteur LAMOTTE DU RH\u00d4NE 84840 : complet<br><br><strong>JUILLET 2025 :<\/strong><br>&#8211; vendredi 11 : secteur PORTES EN VALDAINE \/ MONT\u00c9LIMAR 26200<br><br><strong>JUIN 2025 :<\/strong><br>&#8211; mardi 03 : secteur BUIS LES BARONNIES (d\u00e9pl. 20\u20ac \u00e0 partager)<br>&#8211; jeudi 05 : <strong>\u00e0 l&rsquo;occasion des Journ\u00e9es Internationales du Shiatsu, au cabinet de CREST<\/strong>,<br>S\u00e9ances d\u00e9couverte, au choix :<br> . <a href=\"https:\/\/animaolistic.com\/site\/les-seances-humain\/\">Shiatsu anma sur chaise<\/a> <br> . <a href=\"https:\/\/animaolistic.com\/site\/do-in\/\">ateliers individuels de Do-In<\/a> (auto-shiatsu) &#8211; travail des m\u00e9ridiens saison (\u00e9t\u00e9)<br>dur\u00e9e env. 30 mn \u2013 Rdv sur r\u00e9servation &#8211; prix libre et conscient<br>&#8211; samedi 14 : secteur LAMOTTE DU RH\u00d4NE 84840 (d\u00e9pl. 15\u20ac \u00e0 partager)<br>&#8211; mercredi 18 : secteur BOURG LES VALENCE \/ ALIXAN 26300<br>&#8211; vendredi 27 : secteur ST HILAIRE DU ROSIER 38840 \/ JAILLANS 26300 (d\u00e9pl. 5\u20ac \u00e0 partager)<br><br><strong>MAI 2025 :<\/strong><br>&#8211; samedi 03 : secteur PORTES EN VALDAINE 26160<br>&#8211; vendredi 09 : secteur MONTVENDRE \/ LA BAUME CORNILLANE 26120<br>&#8211; samedi 17 : secteur LAMOTTE DU RH\u00d4NE 84840 (reste 1 cr\u00e9neau)<br><br><strong>AVRIL 2025 :<\/strong><br>&#8211; mercredi 02 : secteur LE TEIL 07400 \/ ESPELUCHE 26780<br>&#8211; vendredi 04 : secteur DIE 26150<br>&#8211; mercredi 09 : secteur LAMOTTE DU RH\u00d4NE 84840<br>&#8211; vendredi 11 : secteur CHABRILLAN 26400<br>&#8211; mercredi 16 : secteur AUBIGNAS 07400<br>&#8211; vendredi 18 : secteur PUY SAINT MARTIN 26450<br>&#8211; mercredi 23 : secteur UPIE 26120<br><br><strong>MARS 2025 :<\/strong><br>&#8211; samedi 01 : secteur LAMOTTE DU RH\u00d4NE 84840 : 2 cr\u00e9neaux l&rsquo;apr\u00e8s-midi<br>&#8211; vendredi 07 : secteur DIE 26150 : 1 dispo l&rsquo;apr\u00e8s-midi<br>&#8211; jeudi 13 : au cabinet de CREST 26400 : shiatsu anma sur chaise (env. 30mn)<br>&#8211; lundi 17 : secteur DIVAJEU 26400 : 2 dispo<br>&#8211; mardi 18 : secteur BARCELONNE\/MONTVENDRE 26120 : 2 dispo<br>&#8211; jeudi 27 : shiatsu \u00e0 th\u00e8me au cabinet de CREST 26400 : inconfort et troubles du cycle menstruel (env. 45mn)<br>&#8211; lundi 31 : secteur BOURG LES VALENCE 26500<br><br>&#8211; samedi 15 : <a href=\"https:\/\/animaolistic.com\/site\/__trashed\/\">STAGE D&rsquo;INITIATION AU SHIATSU \u00c9QUIN<\/a> au domaine \u00e9questre de Leca \u00e0 LAMOTTE DU RH\u00d4NE 84840 (30 quartier Santi)<br>Au programme : th\u00e9orie et pratique du shiatsu, mise en condition du praticien (ancrage et intention, do-in, adopter la bonne posture et les bons gestes), d\u00e9tection des signaux de confort\/inconfort, rep\u00e9rage des d\u00e9s\u00e9quilibres, initiation aux techniques manuelles \u00e9nerg\u00e9tiques et de shiatsu \u00e9quin (m\u00e9ridien Vessie\u00a0: dos, encolure, d\u00e9contraction de l\u2019arri\u00e8re-main et de la queue).<br>Tarif 110 \u20ac la journ\u00e9e<br>Ecurie de propri\u00e9taires avec possibilit\u00e9 de mise \u00e0 disposition d&rsquo;un \u00e9quid\u00e9, 4 places disponibles<br>Sur r\u00e9servation, me contacter<br><br>&#8211; samedi 22 (ou dimanche 23 selon m\u00e9t\u00e9o) : <a href=\"https:\/\/animaolistic.com\/site\/__trashed\/\">STAGE D&rsquo;INITIATION AU SHIATSU \u00c9QUIN<\/a> avec l&rsquo;association ARPE \u00c9QUID\u00c9S \u00e0 CHANAS 38150 (2 mont\u00e9e Gampaloup).<br>Au programme : th\u00e9orie et pratique du shiatsu, mise en condition du praticien (ancrage et intention, do-in, adopter la bonne posture et les bons gestes), d\u00e9tection des signaux de confort\/inconfort, rep\u00e9rage des d\u00e9s\u00e9quilibres, initiation aux techniques manuelles \u00e9nerg\u00e9tiques et de shiatsu \u00e9quin (m\u00e9ridien Vessie\u00a0: dos, encolure, d\u00e9contraction de l\u2019arri\u00e8re-main et de la queue).<br>Tarif : 130 \u20ac la journ\u00e9e, possibilit\u00e9 de venir avec son cheval<br>Sur r\u00e9servation (nombre de places limit\u00e9) au 06.74.50.61.13 ou assoharpe38150@gmail.com<br><br>&#8211; dimanche 30 de 10h \u00e0 12h :<a href=\"https:\/\/animaolistic.com\/site\/do-in\/\"> ATELIER DO-IN<\/a> (ou auto-shiatsu) \u00e0 l&rsquo;espace Hanabi &#8211; 39 rue Branly (face \u00e0 Gamm Vert) \u00e0 CREST &#8211; co-anim\u00e9 avec B\u00e9atrice Mathelin (Deux mains pour demain)<br>Venez d\u00e9couvrir cet art du bien-\u00eatre et d\u00e9velopper souplesse, coordination et dynamisme. Le Do-In aide \u00e0 la gestion du stress, lib\u00e8re les tensions et renforce sant\u00e9 et \u00e9quilibre.<br>Prix libre et conscient<br>Pour plus d&rsquo;info me contacter, inscription aupr\u00e8s de B\u00e9atrice \u00e0 2mpour2m@gmail.com <br><br><strong>F\u00c9VRIER 2025 :<\/strong><br>&#8211; vendredi 07 : secteur LA BAUME CORNILLANE 26120<br>&#8211; samedi 08 : secteur PORTES EN VALDAINE \/ LA B\u00c9GUDE 26160<br>&#8211; jeudi 13 : au cabinet de CREST 26400 : shiatsu anma sur chaise (env. 30mn)<br>&#8211; samedi 22 : secteur LAMOTTE DU RH\u00d4NE 84840 : complet<br>&#8211; jeudi 27 : secteur VALENCE 26 : 1 dispo canin\/f\u00e9lin matin<br>apr\u00e8s-midi : shiatsu \u00e0 th\u00e8me au cabinet de CREST 26400 : stress et sommeil (env. 45mn)<br><br><strong>JANVIER 2025 :<\/strong><br>\u2013 samedi 11 : secteur BOLLENE 84500 (d\u00e9placement 15\u20ac \u00e0 partager)<br>&#8211; vendredi 17 : <strong>pr\u00e9sence au salon CHEVAL PASSION<\/strong> Avignon sur le stand de La Dr\u00f4me \u00e0 Cheval, r\u00e9ductions sur les s\u00e9ances humain, \u00e9quin &amp; animalier r\u00e9serv\u00e9es durant le salon !<br>&#8211; jeudi 23 : au cabinet de CREST 26400 : shiatsu anma sur chaise (env. 30mn)<br>&#8211; vendredi 24 : secteur CRUAS 07350<br>&#8211; jeudi 30 : shiatsu \u00e0 th\u00e8me au cabinet de CREST 26400 : les tensions et maux du dos (env. 45mn)<br><br><br><br><\/p>\n\n\n\n<p><\/p>\n\n\n\n<p><\/p>\n","protected":false},"excerpt":{"rendered":"<p>ACCUEIL EN CABINET POUR LE SHIATSU HUMAIN&#8211; Cabinet Espace Ressources, 105 place des Papetteries Latune \u00e0&nbsp;Mirabel et Blacons 26400 Les lundis \u00e0 partir de 13h sur rendez-vous&#8211; Cabinet de CREST : sur rendez-vous, au Dispensaire de Soins Naturels &#8211; 21 avenue des Arbres \u00c9crits &#8211; b\u00e2timent A &#8211; 26400 CREST ACCUEIL DES S\u00c9ANCES CANIN \/ [&hellip;]<\/p>\n","protected":false},"author":2,"featured_media":0,"parent":0,"menu_order":0,"comment_status":"closed","ping_status":"closed","template":"","meta":{"ngg_post_thumbnail":0,"footnotes":""},"class_list":["post-1081","page","type-page","status-publish","hentry"],"yoast_head":"<!-- This site is optimized with the Yoast SEO plugin v24.5 - https:\/\/yoast.com\/wordpress\/plugins\/seo\/ -->\n<title>Tourn\u00e9es &amp; \u00e9v\u00e8nements &#8211; AnimaOlistic<\/title>\n<meta name=\"robots\" content=\"index, follow, max-snippet:-1, max-image-preview:large, max-video-preview:-1\" \/>\n<link rel=\"canonical\" href=\"https:\/\/animaolistic.com\/site\/les-tournees-et-deplacements\/\" \/>\n<meta property=\"og:locale\" content=\"fr_FR\" \/>\n<meta property=\"og:type\" content=\"article\" \/>\n<meta property=\"og:title\" content=\"Tourn\u00e9es &amp; \u00e9v\u00e8nements &#8211; AnimaOlistic\" \/>\n<meta property=\"og:description\" content=\"ACCUEIL EN CABINET POUR LE SHIATSU HUMAIN&#8211; Cabinet Espace Ressources, 105 place des Papetteries Latune \u00e0&nbsp;Mirabel et Blacons 26400 Les lundis \u00e0 partir de 13h sur rendez-vous&#8211; Cabinet de CREST : sur rendez-vous, au Dispensaire de Soins Naturels &#8211; 21 avenue des Arbres \u00c9crits &#8211; b\u00e2timent A &#8211; 26400 CREST ACCUEIL DES S\u00c9ANCES CANIN \/ [&hellip;]\" \/>\n<meta property=\"og:url\" content=\"https:\/\/animaolistic.com\/site\/les-tournees-et-deplacements\/\" \/>\n<meta property=\"og:site_name\" content=\"AnimaOlistic\" \/>\n<meta property=\"article:publisher\" content=\"https:\/\/www.facebook.com\/AnimaOlistic\/\" \/>\n<meta property=\"article:modified_time\" content=\"2026-04-15T15:45:09+00:00\" \/>\n<meta property=\"og:image\" content=\"https:\/\/animaolistic.com\/site\/wp-content\/uploads\/2021\/03\/IMG_20201023_165044-scaled-e1617121135146.jpg\" \/>\n\t<meta property=\"og:image:width\" content=\"668\" \/>\n\t<meta property=\"og:image:height\" content=\"501\" \/>\n\t<meta property=\"og:image:type\" content=\"image\/jpeg\" \/>\n<meta name=\"twitter:card\" content=\"summary_large_image\" \/>\n<meta name=\"twitter:label1\" content=\"Dur\u00e9e de lecture estim\u00e9e\" \/>\n\t<meta name=\"twitter:data1\" content=\"4 minutes\" \/>\n<script type=\"application\/ld+json\" class=\"yoast-schema-graph\">{\"@context\":\"https:\/\/schema.org\",\"@graph\":[{\"@type\":\"WebPage\",\"@id\":\"https:\/\/animaolistic.com\/site\/les-tournees-et-deplacements\/\",\"url\":\"https:\/\/animaolistic.com\/site\/les-tournees-et-deplacements\/\",\"name\":\"Tourn\u00e9es &amp; \u00e9v\u00e8nements &#8211; AnimaOlistic\",\"isPartOf\":{\"@id\":\"https:\/\/animaolistic.com\/site\/#website\"},\"primaryImageOfPage\":{\"@id\":\"https:\/\/animaolistic.com\/site\/les-tournees-et-deplacements\/#primaryimage\"},\"image\":{\"@id\":\"https:\/\/animaolistic.com\/site\/les-tournees-et-deplacements\/#primaryimage\"},\"thumbnailUrl\":\"https:\/\/animaolistic.com\/site\/wp-content\/uploads\/2021\/03\/IMG_20201023_165044-scaled-e1617121135146.jpg\",\"datePublished\":\"2021-04-07T09:54:59+00:00\",\"dateModified\":\"2026-04-15T15:45:09+00:00\",\"breadcrumb\":{\"@id\":\"https:\/\/animaolistic.com\/site\/les-tournees-et-deplacements\/#breadcrumb\"},\"inLanguage\":\"fr-FR\",\"potentialAction\":[{\"@type\":\"ReadAction\",\"target\":[\"https:\/\/animaolistic.com\/site\/les-tournees-et-deplacements\/\"]}]},{\"@type\":\"ImageObject\",\"inLanguage\":\"fr-FR\",\"@id\":\"https:\/\/animaolistic.com\/site\/les-tournees-et-deplacements\/#primaryimage\",\"url\":\"https:\/\/animaolistic.com\/site\/wp-content\/uploads\/2021\/03\/IMG_20201023_165044-scaled-e1617121135146.jpg\",\"contentUrl\":\"https:\/\/animaolistic.com\/site\/wp-content\/uploads\/2021\/03\/IMG_20201023_165044-scaled-e1617121135146.jpg\",\"width\":668,\"height\":501},{\"@type\":\"BreadcrumbList\",\"@id\":\"https:\/\/animaolistic.com\/site\/les-tournees-et-deplacements\/#breadcrumb\",\"itemListElement\":[{\"@type\":\"ListItem\",\"position\":1,\"name\":\"Accueil\",\"item\":\"https:\/\/animaolistic.com\/site\/\"},{\"@type\":\"ListItem\",\"position\":2,\"name\":\"Tourn\u00e9es &amp; \u00e9v\u00e8nements\"}]},{\"@type\":\"WebSite\",\"@id\":\"https:\/\/animaolistic.com\/site\/#website\",\"url\":\"https:\/\/animaolistic.com\/site\/\",\"name\":\"AnimaOlistic\",\"description\":\"Shiatsu et \u00e9nerg\u00e9tique orientale \u00e9quin, animalier et humain\",\"publisher\":{\"@id\":\"https:\/\/animaolistic.com\/site\/#organization\"},\"potentialAction\":[{\"@type\":\"SearchAction\",\"target\":{\"@type\":\"EntryPoint\",\"urlTemplate\":\"https:\/\/animaolistic.com\/site\/?s={search_term_string}\"},\"query-input\":{\"@type\":\"PropertyValueSpecification\",\"valueRequired\":true,\"valueName\":\"search_term_string\"}}],\"inLanguage\":\"fr-FR\"},{\"@type\":\"Organization\",\"@id\":\"https:\/\/animaolistic.com\/site\/#organization\",\"name\":\"Animaolistic\",\"url\":\"https:\/\/animaolistic.com\/site\/\",\"logo\":{\"@type\":\"ImageObject\",\"inLanguage\":\"fr-FR\",\"@id\":\"https:\/\/animaolistic.com\/site\/#\/schema\/logo\/image\/\",\"url\":\"https:\/\/animaolistic.com\/site\/wp-content\/uploads\/2019\/09\/animaolistic-logo-2.png\",\"contentUrl\":\"https:\/\/animaolistic.com\/site\/wp-content\/uploads\/2019\/09\/animaolistic-logo-2.png\",\"width\":150,\"height\":150,\"caption\":\"Animaolistic\"},\"image\":{\"@id\":\"https:\/\/animaolistic.com\/site\/#\/schema\/logo\/image\/\"},\"sameAs\":[\"https:\/\/www.facebook.com\/AnimaOlistic\/\",\"https:\/\/www.instagram.com\/animaolistic\/\",\"https:\/\/fr.linkedin.com\/in\/nathalie-hilaire-12b32592\"]}]}<\/script>\n<!-- \/ Yoast SEO plugin. -->","yoast_head_json":{"title":"Tourn\u00e9es &amp; \u00e9v\u00e8nements &#8211; AnimaOlistic","robots":{"index":"index","follow":"follow","max-snippet":"max-snippet:-1","max-image-preview":"max-image-preview:large","max-video-preview":"max-video-preview:-1"},"canonical":"https:\/\/animaolistic.com\/site\/les-tournees-et-deplacements\/","og_locale":"fr_FR","og_type":"article","og_title":"Tourn\u00e9es &amp; \u00e9v\u00e8nements &#8211; AnimaOlistic","og_description":"ACCUEIL EN CABINET POUR LE SHIATSU HUMAIN&#8211; Cabinet Espace Ressources, 105 place des Papetteries Latune \u00e0&nbsp;Mirabel et Blacons 26400 Les lundis \u00e0 partir de 13h sur rendez-vous&#8211; Cabinet de CREST : sur rendez-vous, au Dispensaire de Soins Naturels &#8211; 21 avenue des Arbres \u00c9crits &#8211; b\u00e2timent A &#8211; 26400 CREST ACCUEIL DES S\u00c9ANCES CANIN \/ [&hellip;]","og_url":"https:\/\/animaolistic.com\/site\/les-tournees-et-deplacements\/","og_site_name":"AnimaOlistic","article_publisher":"https:\/\/www.facebook.com\/AnimaOlistic\/","article_modified_time":"2026-04-15T15:45:09+00:00","og_image":[{"width":668,"height":501,"url":"https:\/\/animaolistic.com\/site\/wp-content\/uploads\/2021\/03\/IMG_20201023_165044-scaled-e1617121135146.jpg","type":"image\/jpeg"}],"twitter_card":"summary_large_image","twitter_misc":{"Dur\u00e9e de lecture estim\u00e9e":"4 minutes"},"schema":{"@context":"https:\/\/schema.org","@graph":[{"@type":"WebPage","@id":"https:\/\/animaolistic.com\/site\/les-tournees-et-deplacements\/","url":"https:\/\/animaolistic.com\/site\/les-tournees-et-deplacements\/","name":"Tourn\u00e9es &amp; \u00e9v\u00e8nements &#8211; AnimaOlistic","isPartOf":{"@id":"https:\/\/animaolistic.com\/site\/#website"},"primaryImageOfPage":{"@id":"https:\/\/animaolistic.com\/site\/les-tournees-et-deplacements\/#primaryimage"},"image":{"@id":"https:\/\/animaolistic.com\/site\/les-tournees-et-deplacements\/#primaryimage"},"thumbnailUrl":"https:\/\/animaolistic.com\/site\/wp-content\/uploads\/2021\/03\/IMG_20201023_165044-scaled-e1617121135146.jpg","datePublished":"2021-04-07T09:54:59+00:00","dateModified":"2026-04-15T15:45:09+00:00","breadcrumb":{"@id":"https:\/\/animaolistic.com\/site\/les-tournees-et-deplacements\/#breadcrumb"},"inLanguage":"fr-FR","potentialAction":[{"@type":"ReadAction","target":["https:\/\/animaolistic.com\/site\/les-tournees-et-deplacements\/"]}]},{"@type":"ImageObject","inLanguage":"fr-FR","@id":"https:\/\/animaolistic.com\/site\/les-tournees-et-deplacements\/#primaryimage","url":"https:\/\/animaolistic.com\/site\/wp-content\/uploads\/2021\/03\/IMG_20201023_165044-scaled-e1617121135146.jpg","contentUrl":"https:\/\/animaolistic.com\/site\/wp-content\/uploads\/2021\/03\/IMG_20201023_165044-scaled-e1617121135146.jpg","width":668,"height":501},{"@type":"BreadcrumbList","@id":"https:\/\/animaolistic.com\/site\/les-tournees-et-deplacements\/#breadcrumb","itemListElement":[{"@type":"ListItem","position":1,"name":"Accueil","item":"https:\/\/animaolistic.com\/site\/"},{"@type":"ListItem","position":2,"name":"Tourn\u00e9es &amp; \u00e9v\u00e8nements"}]},{"@type":"WebSite","@id":"https:\/\/animaolistic.com\/site\/#website","url":"https:\/\/animaolistic.com\/site\/","name":"AnimaOlistic","description":"Shiatsu et \u00e9nerg\u00e9tique orientale \u00e9quin, animalier et humain","publisher":{"@id":"https:\/\/animaolistic.com\/site\/#organization"},"potentialAction":[{"@type":"SearchAction","target":{"@type":"EntryPoint","urlTemplate":"https:\/\/animaolistic.com\/site\/?s={search_term_string}"},"query-input":{"@type":"PropertyValueSpecification","valueRequired":true,"valueName":"search_term_string"}}],"inLanguage":"fr-FR"},{"@type":"Organization","@id":"https:\/\/animaolistic.com\/site\/#organization","name":"Animaolistic","url":"https:\/\/animaolistic.com\/site\/","logo":{"@type":"ImageObject","inLanguage":"fr-FR","@id":"https:\/\/animaolistic.com\/site\/#\/schema\/logo\/image\/","url":"https:\/\/animaolistic.com\/site\/wp-content\/uploads\/2019\/09\/animaolistic-logo-2.png","contentUrl":"https:\/\/animaolistic.com\/site\/wp-content\/uploads\/2019\/09\/animaolistic-logo-2.png","width":150,"height":150,"caption":"Animaolistic"},"image":{"@id":"https:\/\/animaolistic.com\/site\/#\/schema\/logo\/image\/"},"sameAs":["https:\/\/www.facebook.com\/AnimaOlistic\/","https:\/\/www.instagram.com\/animaolistic\/","https:\/\/fr.linkedin.com\/in\/nathalie-hilaire-12b32592"]}]}},"_links":{"self":[{"href":"https:\/\/animaolistic.com\/site\/wp-json\/wp\/v2\/pages\/1081","targetHints":{"allow":["GET"]}}],"collection":[{"href":"https:\/\/animaolistic.com\/site\/wp-json\/wp\/v2\/pages"}],"about":[{"href":"https:\/\/animaolistic.com\/site\/wp-json\/wp\/v2\/types\/page"}],"author":[{"embeddable":true,"href":"https:\/\/animaolistic.com\/site\/wp-json\/wp\/v2\/users\/2"}],"replies":[{"embeddable":true,"href":"https:\/\/animaolistic.com\/site\/wp-json\/wp\/v2\/comments?post=1081"}],"version-history":[{"count":382,"href":"https:\/\/animaolistic.com\/site\/wp-json\/wp\/v2\/pages\/1081\/revisions"}],"predecessor-version":[{"id":2467,"href":"https:\/\/animaolistic.com\/site\/wp-json\/wp\/v2\/pages\/1081\/revisions\/2467"}],"wp:attachment":[{"href":"https:\/\/animaolistic.com\/site\/wp-json\/wp\/v2\/media?parent=1081"}],"curies":[{"name":"wp","href":"https:\/\/api.w.org\/{rel}","templated":true}]}}