{"id":17,"date":"2018-10-28T16:41:08","date_gmt":"2018-10-28T15:41:08","guid":{"rendered":"http:\/\/animolistic.com\/chantier\/?page_id=17"},"modified":"2025-02-01T13:23:34","modified_gmt":"2025-02-01T12:23:34","slug":"accueil","status":"publish","type":"page","link":"https:\/\/animaolistic.com\/site\/","title":{"rendered":"Bonjour et bienvenue"},"content":{"rendered":"\n<p><\/p>\n\n\n\n<h2 class=\"wp-block-heading\"><\/h2>\n\n\n\n<p>Cet espace, d\u00e9di\u00e9 au bien-\u00eatre humain et animal, est aussi le v\u00f4tre.<\/p>\n\n\n\n<p>Je vous invite \u00e0 le parcourir au gr\u00e9 de vos envies, \u00e0 fl\u00e2ner au fil des pages&#8230;<br>Vous y trouverez <a href=\"https:\/\/animaolistic.com\/site\/qui-suis-je\/\">mon parcours<\/a>, des informations sur ma pratique et le d\u00e9roulement des s\u00e9ances propos\u00e9es.<br>Je vous attends au bout du chemin pour r\u00e9pondre \u00e0 vos questions et <a href=\"\/site\/contact\/\">\u00e9changer en toute bienveillance<\/a>, sans jugement.<br><br>Je <a href=\"\/site\/les-tournees-et-deplacements\/\">me d\u00e9place<\/a> sur <a href=\"\/site\/tarifs\/\">rendez-vous<\/a> dans la Dr\u00f4me, l&rsquo;Ard\u00e8che et d\u00e9partements limitrophes ou vous accueille en <a href=\"https:\/\/animaolistic.com\/site\/les-tournees-et-deplacements\/\">cabinet<\/a>.<\/p>\n\n\n\n<p>Au plaisir de vous rencontrer,<br>Merci de votre visite&nbsp;!<\/p>\n\n\n\n<p>Energ\u00e9tiquement v\u00f4tre,<br>Nathalie Hilaire<\/p>\n\n\n\n<h3 class=\"wp-block-heading has-text-align-center\">Consultez les derni\u00e8res actus :<br> <\/h3>\n\n\n\n<hr class=\"wp-block-separator has-css-opacity is-style-default\"\/>\n\n\n<ul class=\"wp-block-latest-posts__list is-grid columns-3 has-dates wp-block-latest-posts\"><li><div class=\"wp-block-latest-posts__featured-image alignleft\"><a href=\"https:\/\/animaolistic.com\/site\/2021\/08\/03\/revenir-au-centre-et-recolter-lenergie-en-intersaison-5eme-saison\/\" aria-label=\"Revenir au centre et r\u00e9colter : l&rsquo;\u00e9nergie en Intersaison (5\u00e8me saison)\"><img loading=\"lazy\" decoding=\"async\" width=\"150\" height=\"150\" src=\"https:\/\/animaolistic.com\/site\/wp-content\/uploads\/2021\/08\/IMG_4949-150x150.jpg\" class=\"attachment-thumbnail size-thumbnail wp-post-image\" alt=\"\" style=\"\" \/><\/a><\/div><a class=\"wp-block-latest-posts__post-title\" href=\"https:\/\/animaolistic.com\/site\/2021\/08\/03\/revenir-au-centre-et-recolter-lenergie-en-intersaison-5eme-saison\/\">Revenir au centre et r\u00e9colter : l&rsquo;\u00e9nergie en Intersaison (5\u00e8me saison)<\/a><time datetime=\"2021-08-03T10:19:17+02:00\" class=\"wp-block-latest-posts__post-date\">3 ao\u00fbt 2021<\/time><\/li>\n<li><div class=\"wp-block-latest-posts__featured-image alignleft\"><a href=\"https:\/\/animaolistic.com\/site\/2021\/03\/30\/epanouissement-lenergie-en-ete\/\" aria-label=\"\u00c9panouissement : l&rsquo;\u00e9nergie en \u00c9t\u00e9\"><img loading=\"lazy\" decoding=\"async\" width=\"150\" height=\"150\" src=\"https:\/\/animaolistic.com\/site\/wp-content\/uploads\/2021\/03\/IMG_7045-150x150.jpg\" class=\"attachment-thumbnail size-thumbnail wp-post-image\" alt=\"\" style=\"\" \/><\/a><\/div><a class=\"wp-block-latest-posts__post-title\" href=\"https:\/\/animaolistic.com\/site\/2021\/03\/30\/epanouissement-lenergie-en-ete\/\">\u00c9panouissement : l&rsquo;\u00e9nergie en \u00c9t\u00e9<\/a><time datetime=\"2021-03-30T12:43:07+02:00\" class=\"wp-block-latest-posts__post-date\">30 mars 2021<\/time><\/li>\n<li><div class=\"wp-block-latest-posts__featured-image alignleft\"><a href=\"https:\/\/animaolistic.com\/site\/2021\/01\/30\/mise-en-mouvement-lenergie-au-printemps\/\" aria-label=\"Mise en mouvement : l&rsquo;\u00e9nergie au Printemps\"><img loading=\"lazy\" decoding=\"async\" width=\"150\" height=\"150\" src=\"https:\/\/animaolistic.com\/site\/wp-content\/uploads\/2021\/01\/IMG_4854-150x150.jpg\" class=\"attachment-thumbnail size-thumbnail wp-post-image\" alt=\"\" style=\"\" \/><\/a><\/div><a class=\"wp-block-latest-posts__post-title\" href=\"https:\/\/animaolistic.com\/site\/2021\/01\/30\/mise-en-mouvement-lenergie-au-printemps\/\">Mise en mouvement : l&rsquo;\u00e9nergie au Printemps<\/a><time datetime=\"2021-01-30T11:42:30+01:00\" class=\"wp-block-latest-posts__post-date\">30 janvier 2021<\/time><\/li>\n<\/ul>","protected":false},"excerpt":{"rendered":"<p>Cet espace, d\u00e9di\u00e9 au bien-\u00eatre humain et animal, est aussi le v\u00f4tre. Je vous invite \u00e0 le parcourir au gr\u00e9 de vos envies, \u00e0 fl\u00e2ner au fil des pages&#8230;Vous y trouverez mon parcours, des informations sur ma pratique et le d\u00e9roulement des s\u00e9ances propos\u00e9es.Je vous attends au bout du chemin pour r\u00e9pondre \u00e0 vos questions [&hellip;]<\/p>\n","protected":false},"author":2,"featured_media":0,"parent":0,"menu_order":0,"comment_status":"closed","ping_status":"closed","template":"","meta":{"ngg_post_thumbnail":0,"footnotes":""},"class_list":["post-17","page","type-page","status-publish","hentry"],"yoast_head":"<!-- This site is optimized with the Yoast SEO plugin v24.5 - https:\/\/yoast.com\/wordpress\/plugins\/seo\/ -->\n<title>Bonjour et bienvenue &#8211; AnimaOlistic<\/title>\n<meta name=\"description\" content=\"Praticienne shiatsu certifi\u00e9e et ma\u00eetre re\u00efki je propose des soins \u00e9nerg\u00e9tiques et holistiques : shiatsu, \u00e9nerg\u00e9tique orientale, aromatologie\" \/>\n<meta name=\"robots\" content=\"index, follow, max-snippet:-1, max-image-preview:large, max-video-preview:-1\" \/>\n<link rel=\"canonical\" href=\"https:\/\/animaolistic.com\/site\/\" \/>\n<meta property=\"og:locale\" content=\"fr_FR\" \/>\n<meta property=\"og:type\" content=\"article\" \/>\n<meta property=\"og:title\" content=\"Bonjour et bienvenue &#8211; AnimaOlistic\" \/>\n<meta property=\"og:description\" content=\"Praticienne shiatsu certifi\u00e9e et ma\u00eetre re\u00efki je propose des soins \u00e9nerg\u00e9tiques et holistiques : shiatsu, \u00e9nerg\u00e9tique orientale, aromatologie\" \/>\n<meta property=\"og:url\" content=\"https:\/\/animaolistic.com\/site\/\" \/>\n<meta property=\"og:site_name\" content=\"AnimaOlistic\" \/>\n<meta property=\"article:publisher\" content=\"https:\/\/www.facebook.com\/AnimaOlistic\/\" \/>\n<meta property=\"article:modified_time\" content=\"2025-02-01T12:23:34+00:00\" \/>\n<meta name=\"twitter:card\" content=\"summary_large_image\" \/>\n<meta name=\"twitter:label1\" content=\"Dur\u00e9e de lecture estim\u00e9e\" \/>\n\t<meta name=\"twitter:data1\" content=\"1 minute\" \/>\n<script type=\"application\/ld+json\" class=\"yoast-schema-graph\">{\"@context\":\"https:\/\/schema.org\",\"@graph\":[{\"@type\":\"WebPage\",\"@id\":\"https:\/\/animaolistic.com\/site\/\",\"url\":\"https:\/\/animaolistic.com\/site\/\",\"name\":\"Bonjour et bienvenue &#8211; AnimaOlistic\",\"isPartOf\":{\"@id\":\"https:\/\/animaolistic.com\/site\/#website\"},\"datePublished\":\"2018-10-28T15:41:08+00:00\",\"dateModified\":\"2025-02-01T12:23:34+00:00\",\"description\":\"Praticienne shiatsu certifi\u00e9e et ma\u00eetre re\u00efki je propose des soins \u00e9nerg\u00e9tiques et holistiques : shiatsu, \u00e9nerg\u00e9tique orientale, aromatologie\",\"breadcrumb\":{\"@id\":\"https:\/\/animaolistic.com\/site\/#breadcrumb\"},\"inLanguage\":\"fr-FR\",\"potentialAction\":[{\"@type\":\"ReadAction\",\"target\":[\"https:\/\/animaolistic.com\/site\/\"]}]},{\"@type\":\"BreadcrumbList\",\"@id\":\"https:\/\/animaolistic.com\/site\/#breadcrumb\",\"itemListElement\":[{\"@type\":\"ListItem\",\"position\":1,\"name\":\"Accueil\",\"item\":\"https:\/\/animaolistic.com\/site\/\"},{\"@type\":\"ListItem\",\"position\":2,\"name\":\"Bonjour et bienvenue\"}]},{\"@type\":\"WebSite\",\"@id\":\"https:\/\/animaolistic.com\/site\/#website\",\"url\":\"https:\/\/animaolistic.com\/site\/\",\"name\":\"AnimaOlistic\",\"description\":\"Shiatsu et \u00e9nerg\u00e9tique orientale \u00e9quin, animalier et humain\",\"publisher\":{\"@id\":\"https:\/\/animaolistic.com\/site\/#organization\"},\"potentialAction\":[{\"@type\":\"SearchAction\",\"target\":{\"@type\":\"EntryPoint\",\"urlTemplate\":\"https:\/\/animaolistic.com\/site\/?s={search_term_string}\"},\"query-input\":{\"@type\":\"PropertyValueSpecification\",\"valueRequired\":true,\"valueName\":\"search_term_string\"}}],\"inLanguage\":\"fr-FR\"},{\"@type\":\"Organization\",\"@id\":\"https:\/\/animaolistic.com\/site\/#organization\",\"name\":\"Animaolistic\",\"url\":\"https:\/\/animaolistic.com\/site\/\",\"logo\":{\"@type\":\"ImageObject\",\"inLanguage\":\"fr-FR\",\"@id\":\"https:\/\/animaolistic.com\/site\/#\/schema\/logo\/image\/\",\"url\":\"https:\/\/animaolistic.com\/site\/wp-content\/uploads\/2019\/09\/animaolistic-logo-2.png\",\"contentUrl\":\"https:\/\/animaolistic.com\/site\/wp-content\/uploads\/2019\/09\/animaolistic-logo-2.png\",\"width\":150,\"height\":150,\"caption\":\"Animaolistic\"},\"image\":{\"@id\":\"https:\/\/animaolistic.com\/site\/#\/schema\/logo\/image\/\"},\"sameAs\":[\"https:\/\/www.facebook.com\/AnimaOlistic\/\",\"https:\/\/www.instagram.com\/animaolistic\/\",\"https:\/\/fr.linkedin.com\/in\/nathalie-hilaire-12b32592\"]}]}<\/script>\n<!-- \/ Yoast SEO plugin. -->","yoast_head_json":{"title":"Bonjour et bienvenue &#8211; AnimaOlistic","description":"Praticienne shiatsu certifi\u00e9e et ma\u00eetre re\u00efki je propose des soins \u00e9nerg\u00e9tiques et holistiques : shiatsu, \u00e9nerg\u00e9tique orientale, aromatologie","robots":{"index":"index","follow":"follow","max-snippet":"max-snippet:-1","max-image-preview":"max-image-preview:large","max-video-preview":"max-video-preview:-1"},"canonical":"https:\/\/animaolistic.com\/site\/","og_locale":"fr_FR","og_type":"article","og_title":"Bonjour et bienvenue &#8211; AnimaOlistic","og_description":"Praticienne shiatsu certifi\u00e9e et ma\u00eetre re\u00efki je propose des soins \u00e9nerg\u00e9tiques et holistiques : shiatsu, \u00e9nerg\u00e9tique orientale, aromatologie","og_url":"https:\/\/animaolistic.com\/site\/","og_site_name":"AnimaOlistic","article_publisher":"https:\/\/www.facebook.com\/AnimaOlistic\/","article_modified_time":"2025-02-01T12:23:34+00:00","twitter_card":"summary_large_image","twitter_misc":{"Dur\u00e9e de lecture estim\u00e9e":"1 minute"},"schema":{"@context":"https:\/\/schema.org","@graph":[{"@type":"WebPage","@id":"https:\/\/animaolistic.com\/site\/","url":"https:\/\/animaolistic.com\/site\/","name":"Bonjour et bienvenue &#8211; AnimaOlistic","isPartOf":{"@id":"https:\/\/animaolistic.com\/site\/#website"},"datePublished":"2018-10-28T15:41:08+00:00","dateModified":"2025-02-01T12:23:34+00:00","description":"Praticienne shiatsu certifi\u00e9e et ma\u00eetre re\u00efki je propose des soins \u00e9nerg\u00e9tiques et holistiques : shiatsu, \u00e9nerg\u00e9tique orientale, aromatologie","breadcrumb":{"@id":"https:\/\/animaolistic.com\/site\/#breadcrumb"},"inLanguage":"fr-FR","potentialAction":[{"@type":"ReadAction","target":["https:\/\/animaolistic.com\/site\/"]}]},{"@type":"BreadcrumbList","@id":"https:\/\/animaolistic.com\/site\/#breadcrumb","itemListElement":[{"@type":"ListItem","position":1,"name":"Accueil","item":"https:\/\/animaolistic.com\/site\/"},{"@type":"ListItem","position":2,"name":"Bonjour et bienvenue"}]},{"@type":"WebSite","@id":"https:\/\/animaolistic.com\/site\/#website","url":"https:\/\/animaolistic.com\/site\/","name":"AnimaOlistic","description":"Shiatsu et \u00e9nerg\u00e9tique orientale \u00e9quin, animalier et humain","publisher":{"@id":"https:\/\/animaolistic.com\/site\/#organization"},"potentialAction":[{"@type":"SearchAction","target":{"@type":"EntryPoint","urlTemplate":"https:\/\/animaolistic.com\/site\/?s={search_term_string}"},"query-input":{"@type":"PropertyValueSpecification","valueRequired":true,"valueName":"search_term_string"}}],"inLanguage":"fr-FR"},{"@type":"Organization","@id":"https:\/\/animaolistic.com\/site\/#organization","name":"Animaolistic","url":"https:\/\/animaolistic.com\/site\/","logo":{"@type":"ImageObject","inLanguage":"fr-FR","@id":"https:\/\/animaolistic.com\/site\/#\/schema\/logo\/image\/","url":"https:\/\/animaolistic.com\/site\/wp-content\/uploads\/2019\/09\/animaolistic-logo-2.png","contentUrl":"https:\/\/animaolistic.com\/site\/wp-content\/uploads\/2019\/09\/animaolistic-logo-2.png","width":150,"height":150,"caption":"Animaolistic"},"image":{"@id":"https:\/\/animaolistic.com\/site\/#\/schema\/logo\/image\/"},"sameAs":["https:\/\/www.facebook.com\/AnimaOlistic\/","https:\/\/www.instagram.com\/animaolistic\/","https:\/\/fr.linkedin.com\/in\/nathalie-hilaire-12b32592"]}]}},"_links":{"self":[{"href":"https:\/\/animaolistic.com\/site\/wp-json\/wp\/v2\/pages\/17","targetHints":{"allow":["GET"]}}],"collection":[{"href":"https:\/\/animaolistic.com\/site\/wp-json\/wp\/v2\/pages"}],"about":[{"href":"https:\/\/animaolistic.com\/site\/wp-json\/wp\/v2\/types\/page"}],"author":[{"embeddable":true,"href":"https:\/\/animaolistic.com\/site\/wp-json\/wp\/v2\/users\/2"}],"replies":[{"embeddable":true,"href":"https:\/\/animaolistic.com\/site\/wp-json\/wp\/v2\/comments?post=17"}],"version-history":[{"count":50,"href":"https:\/\/animaolistic.com\/site\/wp-json\/wp\/v2\/pages\/17\/revisions"}],"predecessor-version":[{"id":2102,"href":"https:\/\/animaolistic.com\/site\/wp-json\/wp\/v2\/pages\/17\/revisions\/2102"}],"wp:attachment":[{"href":"https:\/\/animaolistic.com\/site\/wp-json\/wp\/v2\/media?parent=17"}],"curies":[{"name":"wp","href":"https:\/\/api.w.org\/{rel}","templated":true}]}}