{"id":177,"date":"2019-09-15T20:30:21","date_gmt":"2019-09-15T18:30:21","guid":{"rendered":"https:\/\/animolistic.com\/chantier\/?page_id=177"},"modified":"2025-11-24T16:25:18","modified_gmt":"2025-11-24T15:25:18","slug":"liens-amis","status":"publish","type":"page","link":"https:\/\/animaolistic.com\/site\/liens-amis\/","title":{"rendered":"Partenaires et liens amis"},"content":{"rendered":"\n<div class=\"wp-block-cover\"><span aria-hidden=\"true\" class=\"wp-block-cover__background has-background-dim\"><\/span><img loading=\"lazy\" decoding=\"async\" width=\"500\" height=\"375\" class=\"wp-block-cover__image-background wp-image-505\" alt=\"\" src=\"https:\/\/animaolistic.com\/site\/wp-content\/uploads\/2019\/11\/intersaison-e1573483871214.jpg\" style=\"object-position:52% 41%\" data-object-fit=\"cover\" data-object-position=\"52% 41%\"\/><div class=\"wp-block-cover__inner-container is-layout-flow wp-block-cover-is-layout-flow\">\n<p class=\"has-text-align-center has-large-font-size\">Partenaires et liens amis<\/p>\n<\/div><\/div>\n\n\n\n<h2 class=\"wp-block-heading\">Partenaires :<\/h2>\n\n\n\n<p><\/p>\n\n\n\n<p><a href=\"https:\/\/www.lespetitespattesaf.com\/\">Les Petites Pattes d&rsquo;Agn\u00e8s Feraud<\/a><br>Association de protection animale reconnue d&rsquo;int\u00e9r\u00eat g\u00e9n\u00e9ral dont le local se situe \u00e0 Saint-Restitut (26130)<br><strong>Partenaire, -15% sur les s\u00e9ances shiatsu canin \/ f\u00e9lin \/ humain <\/strong>pour les animaux et familles d&rsquo;accueil de l&rsquo;association<br>Organisation de s\u00e9ances d\u00e9couverte du shiatsu (dur\u00e9e d&rsquo;environ 30mn) au local de St Restitut (103 chemin de Sol\u00e9rieux)<br><br><strong>O&rsquo;Caneo<\/strong>, boutique chien et chats, bien-\u00eatre et remise en forme, espace bain, ateliers<br><strong>Partenaire, accueil des s\u00e9ances shiatsu canin \/ f\u00e9lin \/ duo animal-humain \/ shiatsu sur chaise<\/strong> <br>En s\u00e9ance individuelle ou sur journ\u00e9e programm\u00e9e <br>Route de Malissard \u00e0 VALENCE<strong> :&nbsp;<\/strong><a href=\"http:\/\/ocaneo.fr\/\">http:\/\/ocaneo.fr\/<\/a><\/p>\n\n\n\n<p><strong>AnimoTao<\/strong>, compl\u00e9ments alimentaires selon la tradition chinoise pour le bien-\u00eatre des animaux<br><strong>Partenaire, -5\u20ac \u00e0 la premi\u00e8re commande en cliquant sur le bouton vert d&rsquo;affiliation \u00ab\u00a0sign up\u00a0\u00bb<\/strong><br><a href=\"http:\/\/www.animotao.com\/?src=link&amp;ref=hilaire\">http:\/\/www.animotao.com\/?src=link&amp;ref=hilaire<\/a><\/p>\n\n\n\n<p><strong>Biodalg<\/strong>, compl\u00e9ments alimentaires pour animaux (synergies&nbsp;biologiques&nbsp;de haute qualit\u00e9 formul\u00e9es par des v\u00e9t\u00e9rinaires)<br><strong>Partenaire, -5% avec le code r\u00e9f\u00e9rent \u00ab\u00a0NHILAIRE26\u00a0\u00bb<\/strong><br><a href=\"https:\/\/www.biodalg.com\/\">https:\/\/www.biodalg.com\/<\/a><\/p>\n\n\n\n<p><strong>Osmobiose<\/strong>, aromath\u00e9rapie et huiles essentielles QBI (Quantum Bio Informations)<br><strong>Partenaire, parrainage possible<\/strong> <strong>(-10% sur la 1\u00e8re commande \u00e0 partir de 40\u20ac)<\/strong><br><a href=\"http:\/\/www.osmobiose.com\/\">http:\/\/www.osmobiose.com\/<\/a><\/p>\n\n\n\n<p><strong>L&rsquo;Ame des Simples<\/strong>, hydrolats et mac\u00e9rats de bourgeons (gemmoth\u00e9rapie) et floraux<br><a href=\"http:\/\/amedessimples.fr\">http:\/\/amedessimples.fr\/<\/a><\/p>\n\n\n\n<p><strong>La Dr\u00f4me \u00e0 Cheval<\/strong>, promotion du tourisme \u00e9questre<br><strong>Partenaire<\/strong>, remise de 5&nbsp;\u20ac sur les s\u00e9ances de shiatsu \u00e9quin sur pr\u00e9sentation de la carte adh\u00e9rent \u00ab&nbsp;cavalier ind\u00e9pendant de la Dr\u00f4me \u00e0 Cheval&nbsp;\u00bb (hors forfaits \u201cpr\u00e9ventif-\u00e9quilibre\u201d et tarifs sp\u00e9ciaux)<br><a href=\"https:\/\/www.drome-a-cheval.com\/\">https:\/\/www.drome-a-cheval.com\/<\/a><\/p>\n\n\n\n<p><\/p>\n\n\n\n<h2 class=\"wp-block-heading\">Liens amis :<br><\/h2>\n\n\n\n<p><strong>Ouma Te Ate<\/strong>, \u00e9cole de shiatsu \u00e9quin, animalier et humain<br><a href=\"https:\/\/ecole-shiatsu-equin.fr\/\">https:\/\/ecole-shiatsu-equin.fr\/<\/a><\/p>\n\n\n\n<p><strong>Syndicat de Shiatsu Equin et Animalier<\/strong><br><a href=\"https:\/\/www.syndicatshiatsuequin.fr\/\">https:\/\/www.syndicatshiatsuequin.fr\/<\/a><\/p>\n\n\n\n<p><strong>F\u00e9d\u00e9ration Fran\u00e7aise de Shiatsu Traditionnel FFST<\/strong><br><a href=\"http:\/\/ffst.fr\/\" data-type=\"URL\" data-id=\"http:\/\/ffst.fr\/\">http:\/\/ffst.fr\/<\/a><\/p>\n\n\n\n<p><strong>Association GRAAL<\/strong>, Groupement de R\u00e9flexion et d&rsquo;Action pour l&rsquo;Animal de Laboratoire, pour une vie apr\u00e8s le labo<br><a href=\"https:\/\/www.graal-defenseanimale.org\/\">https:\/\/www.graal-defenseanimale.org\/<\/a><\/p>\n\n\n\n<p><strong>Equin\u00e9sio<\/strong>, approche en kin\u00e9siologie avec le cheval<br><a href=\"https:\/\/www.equinesio.com\/\">https:\/\/www.equinesio.com\/<\/a><br><br><strong>EponaFit Emilie Naud<\/strong>, Bit &amp; Bridle fitting, enseignement \u00e9quitation en conscience<br><a href=\"http:\/\/www.eponafit.com\/\">http:\/\/www.eponafit.com\/<\/a><\/p>\n\n\n\n<p><strong>Les Chevaux d&rsquo;Arcand<\/strong>, au-del\u00e0 de l&rsquo;\u00e9quitation<br><a href=\"http:\/\/chevauxdarcand.com\/\">http:\/\/chevauxdarcand.com\/<\/a><\/p>\n\n\n\n<p><strong>Podologie \u00c9quine Libre<\/strong>, pour comprendre le pied nu et la podologie \u00e9quine<br><a href=\"https:\/\/podologie-equine-libre.net\/\">https:\/\/podologie-equine-libre.net\/<\/a><\/p>\n\n\n\n<p><strong>Akita Equip\u00e9dagogie<\/strong>, l\u2019Art d\u2019\u00eatre \u00e0 cheval en libert\u00e9<br><a href=\"https:\/\/akita-equipedagogie.com\/\">https:\/\/akita-equipedagogie.com\/<\/a><\/p>\n\n\n\n<p><strong>Equipassion Donz\u00e8re<\/strong>, \u00e9ducation de chevaux et conseils \u00e0 domicile (Dr\u00f4me, Ard\u00e8che, Vaucluse et Gard)<br><a href=\"https:\/\/www.equipassion-donzere.fr\/\">https:\/\/www.equipassion-donzere.fr\/<\/a><br><br><strong>Association A R P E \u00c9quid\u00e9s<\/strong>, m\u00e9diation \u00e9quine et accompagnement \u00e9ducatif assist\u00e9 par les chevaux<br><a data-type=\"URL\" data-id=\"https:\/\/arpeasso.blog\/\" href=\"https:\/\/arpeasso.blog\/\">https:\/\/arpeasso.blog\/<\/a><\/p>\n\n\n\n<p><strong>Claire Morin Caval\u2019Essence<\/strong>, accompagnement de l\u2019Etre sur la voie du cheval<br><a href=\"http:\/\/www.cavalessence.com\/\">http:\/\/www.cavalessence.com\/<\/a><\/p>\n\n\n\n<p><\/p>\n\n\n\n<p><\/p>\n","protected":false},"excerpt":{"rendered":"<p>Partenaires : Les Petites Pattes d&rsquo;Agn\u00e8s FeraudAssociation de protection animale reconnue d&rsquo;int\u00e9r\u00eat g\u00e9n\u00e9ral dont le local se situe \u00e0 Saint-Restitut (26130)Partenaire, -15% sur les s\u00e9ances shiatsu canin \/ f\u00e9lin \/ humain pour les animaux et familles d&rsquo;accueil de l&rsquo;associationOrganisation de s\u00e9ances d\u00e9couverte du shiatsu (dur\u00e9e d&rsquo;environ 30mn) au local de St Restitut (103 chemin de [&hellip;]<\/p>\n","protected":false},"author":2,"featured_media":0,"parent":0,"menu_order":0,"comment_status":"closed","ping_status":"closed","template":"","meta":{"ngg_post_thumbnail":0,"footnotes":""},"class_list":["post-177","page","type-page","status-publish","hentry"],"yoast_head":"<!-- This site is optimized with the Yoast SEO plugin v24.5 - https:\/\/yoast.com\/wordpress\/plugins\/seo\/ -->\n<title>Partenaires et liens amis &#8211; AnimaOlistic<\/title>\n<meta name=\"robots\" content=\"index, follow, max-snippet:-1, max-image-preview:large, max-video-preview:-1\" \/>\n<link rel=\"canonical\" href=\"https:\/\/animaolistic.com\/site\/liens-amis\/\" \/>\n<meta property=\"og:locale\" content=\"fr_FR\" \/>\n<meta property=\"og:type\" content=\"article\" \/>\n<meta property=\"og:title\" content=\"Partenaires et liens amis &#8211; AnimaOlistic\" \/>\n<meta property=\"og:description\" content=\"Partenaires : Les Petites Pattes d&rsquo;Agn\u00e8s FeraudAssociation de protection animale reconnue d&rsquo;int\u00e9r\u00eat g\u00e9n\u00e9ral dont le local se situe \u00e0 Saint-Restitut (26130)Partenaire, -15% sur les s\u00e9ances shiatsu canin \/ f\u00e9lin \/ humain pour les animaux et familles d&rsquo;accueil de l&rsquo;associationOrganisation de s\u00e9ances d\u00e9couverte du shiatsu (dur\u00e9e d&rsquo;environ 30mn) au local de St Restitut (103 chemin de [&hellip;]\" \/>\n<meta property=\"og:url\" content=\"https:\/\/animaolistic.com\/site\/liens-amis\/\" \/>\n<meta property=\"og:site_name\" content=\"AnimaOlistic\" \/>\n<meta property=\"article:publisher\" content=\"https:\/\/www.facebook.com\/AnimaOlistic\/\" \/>\n<meta property=\"article:modified_time\" content=\"2025-11-24T15:25:18+00:00\" \/>\n<meta property=\"og:image\" content=\"https:\/\/animaolistic.com\/site\/wp-content\/uploads\/2019\/11\/intersaison-e1573483871214.jpg\" \/>\n\t<meta property=\"og:image:width\" content=\"500\" \/>\n\t<meta property=\"og:image:height\" content=\"375\" \/>\n\t<meta property=\"og:image:type\" content=\"image\/jpeg\" \/>\n<meta name=\"twitter:card\" content=\"summary_large_image\" \/>\n<meta name=\"twitter:label1\" content=\"Dur\u00e9e de lecture estim\u00e9e\" \/>\n\t<meta name=\"twitter:data1\" content=\"2 minutes\" \/>\n<script type=\"application\/ld+json\" class=\"yoast-schema-graph\">{\"@context\":\"https:\/\/schema.org\",\"@graph\":[{\"@type\":\"WebPage\",\"@id\":\"https:\/\/animaolistic.com\/site\/liens-amis\/\",\"url\":\"https:\/\/animaolistic.com\/site\/liens-amis\/\",\"name\":\"Partenaires et liens amis &#8211; AnimaOlistic\",\"isPartOf\":{\"@id\":\"https:\/\/animaolistic.com\/site\/#website\"},\"primaryImageOfPage\":{\"@id\":\"https:\/\/animaolistic.com\/site\/liens-amis\/#primaryimage\"},\"image\":{\"@id\":\"https:\/\/animaolistic.com\/site\/liens-amis\/#primaryimage\"},\"thumbnailUrl\":\"https:\/\/animaolistic.com\/site\/wp-content\/uploads\/2019\/11\/intersaison-e1573483871214.jpg\",\"datePublished\":\"2019-09-15T18:30:21+00:00\",\"dateModified\":\"2025-11-24T15:25:18+00:00\",\"breadcrumb\":{\"@id\":\"https:\/\/animaolistic.com\/site\/liens-amis\/#breadcrumb\"},\"inLanguage\":\"fr-FR\",\"potentialAction\":[{\"@type\":\"ReadAction\",\"target\":[\"https:\/\/animaolistic.com\/site\/liens-amis\/\"]}]},{\"@type\":\"ImageObject\",\"inLanguage\":\"fr-FR\",\"@id\":\"https:\/\/animaolistic.com\/site\/liens-amis\/#primaryimage\",\"url\":\"https:\/\/animaolistic.com\/site\/wp-content\/uploads\/2019\/11\/intersaison-e1573483871214.jpg\",\"contentUrl\":\"https:\/\/animaolistic.com\/site\/wp-content\/uploads\/2019\/11\/intersaison-e1573483871214.jpg\",\"width\":500,\"height\":375},{\"@type\":\"BreadcrumbList\",\"@id\":\"https:\/\/animaolistic.com\/site\/liens-amis\/#breadcrumb\",\"itemListElement\":[{\"@type\":\"ListItem\",\"position\":1,\"name\":\"Accueil\",\"item\":\"https:\/\/animaolistic.com\/site\/\"},{\"@type\":\"ListItem\",\"position\":2,\"name\":\"Partenaires et liens amis\"}]},{\"@type\":\"WebSite\",\"@id\":\"https:\/\/animaolistic.com\/site\/#website\",\"url\":\"https:\/\/animaolistic.com\/site\/\",\"name\":\"AnimaOlistic\",\"description\":\"Shiatsu et \u00e9nerg\u00e9tique orientale \u00e9quin, animalier et humain\",\"publisher\":{\"@id\":\"https:\/\/animaolistic.com\/site\/#organization\"},\"potentialAction\":[{\"@type\":\"SearchAction\",\"target\":{\"@type\":\"EntryPoint\",\"urlTemplate\":\"https:\/\/animaolistic.com\/site\/?s={search_term_string}\"},\"query-input\":{\"@type\":\"PropertyValueSpecification\",\"valueRequired\":true,\"valueName\":\"search_term_string\"}}],\"inLanguage\":\"fr-FR\"},{\"@type\":\"Organization\",\"@id\":\"https:\/\/animaolistic.com\/site\/#organization\",\"name\":\"Animaolistic\",\"url\":\"https:\/\/animaolistic.com\/site\/\",\"logo\":{\"@type\":\"ImageObject\",\"inLanguage\":\"fr-FR\",\"@id\":\"https:\/\/animaolistic.com\/site\/#\/schema\/logo\/image\/\",\"url\":\"https:\/\/animaolistic.com\/site\/wp-content\/uploads\/2019\/09\/animaolistic-logo-2.png\",\"contentUrl\":\"https:\/\/animaolistic.com\/site\/wp-content\/uploads\/2019\/09\/animaolistic-logo-2.png\",\"width\":150,\"height\":150,\"caption\":\"Animaolistic\"},\"image\":{\"@id\":\"https:\/\/animaolistic.com\/site\/#\/schema\/logo\/image\/\"},\"sameAs\":[\"https:\/\/www.facebook.com\/AnimaOlistic\/\",\"https:\/\/www.instagram.com\/animaolistic\/\",\"https:\/\/fr.linkedin.com\/in\/nathalie-hilaire-12b32592\"]}]}<\/script>\n<!-- \/ Yoast SEO plugin. -->","yoast_head_json":{"title":"Partenaires et liens amis &#8211; AnimaOlistic","robots":{"index":"index","follow":"follow","max-snippet":"max-snippet:-1","max-image-preview":"max-image-preview:large","max-video-preview":"max-video-preview:-1"},"canonical":"https:\/\/animaolistic.com\/site\/liens-amis\/","og_locale":"fr_FR","og_type":"article","og_title":"Partenaires et liens amis &#8211; AnimaOlistic","og_description":"Partenaires : Les Petites Pattes d&rsquo;Agn\u00e8s FeraudAssociation de protection animale reconnue d&rsquo;int\u00e9r\u00eat g\u00e9n\u00e9ral dont le local se situe \u00e0 Saint-Restitut (26130)Partenaire, -15% sur les s\u00e9ances shiatsu canin \/ f\u00e9lin \/ humain pour les animaux et familles d&rsquo;accueil de l&rsquo;associationOrganisation de s\u00e9ances d\u00e9couverte du shiatsu (dur\u00e9e d&rsquo;environ 30mn) au local de St Restitut (103 chemin de [&hellip;]","og_url":"https:\/\/animaolistic.com\/site\/liens-amis\/","og_site_name":"AnimaOlistic","article_publisher":"https:\/\/www.facebook.com\/AnimaOlistic\/","article_modified_time":"2025-11-24T15:25:18+00:00","og_image":[{"width":500,"height":375,"url":"https:\/\/animaolistic.com\/site\/wp-content\/uploads\/2019\/11\/intersaison-e1573483871214.jpg","type":"image\/jpeg"}],"twitter_card":"summary_large_image","twitter_misc":{"Dur\u00e9e de lecture estim\u00e9e":"2 minutes"},"schema":{"@context":"https:\/\/schema.org","@graph":[{"@type":"WebPage","@id":"https:\/\/animaolistic.com\/site\/liens-amis\/","url":"https:\/\/animaolistic.com\/site\/liens-amis\/","name":"Partenaires et liens amis &#8211; AnimaOlistic","isPartOf":{"@id":"https:\/\/animaolistic.com\/site\/#website"},"primaryImageOfPage":{"@id":"https:\/\/animaolistic.com\/site\/liens-amis\/#primaryimage"},"image":{"@id":"https:\/\/animaolistic.com\/site\/liens-amis\/#primaryimage"},"thumbnailUrl":"https:\/\/animaolistic.com\/site\/wp-content\/uploads\/2019\/11\/intersaison-e1573483871214.jpg","datePublished":"2019-09-15T18:30:21+00:00","dateModified":"2025-11-24T15:25:18+00:00","breadcrumb":{"@id":"https:\/\/animaolistic.com\/site\/liens-amis\/#breadcrumb"},"inLanguage":"fr-FR","potentialAction":[{"@type":"ReadAction","target":["https:\/\/animaolistic.com\/site\/liens-amis\/"]}]},{"@type":"ImageObject","inLanguage":"fr-FR","@id":"https:\/\/animaolistic.com\/site\/liens-amis\/#primaryimage","url":"https:\/\/animaolistic.com\/site\/wp-content\/uploads\/2019\/11\/intersaison-e1573483871214.jpg","contentUrl":"https:\/\/animaolistic.com\/site\/wp-content\/uploads\/2019\/11\/intersaison-e1573483871214.jpg","width":500,"height":375},{"@type":"BreadcrumbList","@id":"https:\/\/animaolistic.com\/site\/liens-amis\/#breadcrumb","itemListElement":[{"@type":"ListItem","position":1,"name":"Accueil","item":"https:\/\/animaolistic.com\/site\/"},{"@type":"ListItem","position":2,"name":"Partenaires et liens amis"}]},{"@type":"WebSite","@id":"https:\/\/animaolistic.com\/site\/#website","url":"https:\/\/animaolistic.com\/site\/","name":"AnimaOlistic","description":"Shiatsu et \u00e9nerg\u00e9tique orientale \u00e9quin, animalier et humain","publisher":{"@id":"https:\/\/animaolistic.com\/site\/#organization"},"potentialAction":[{"@type":"SearchAction","target":{"@type":"EntryPoint","urlTemplate":"https:\/\/animaolistic.com\/site\/?s={search_term_string}"},"query-input":{"@type":"PropertyValueSpecification","valueRequired":true,"valueName":"search_term_string"}}],"inLanguage":"fr-FR"},{"@type":"Organization","@id":"https:\/\/animaolistic.com\/site\/#organization","name":"Animaolistic","url":"https:\/\/animaolistic.com\/site\/","logo":{"@type":"ImageObject","inLanguage":"fr-FR","@id":"https:\/\/animaolistic.com\/site\/#\/schema\/logo\/image\/","url":"https:\/\/animaolistic.com\/site\/wp-content\/uploads\/2019\/09\/animaolistic-logo-2.png","contentUrl":"https:\/\/animaolistic.com\/site\/wp-content\/uploads\/2019\/09\/animaolistic-logo-2.png","width":150,"height":150,"caption":"Animaolistic"},"image":{"@id":"https:\/\/animaolistic.com\/site\/#\/schema\/logo\/image\/"},"sameAs":["https:\/\/www.facebook.com\/AnimaOlistic\/","https:\/\/www.instagram.com\/animaolistic\/","https:\/\/fr.linkedin.com\/in\/nathalie-hilaire-12b32592"]}]}},"_links":{"self":[{"href":"https:\/\/animaolistic.com\/site\/wp-json\/wp\/v2\/pages\/177","targetHints":{"allow":["GET"]}}],"collection":[{"href":"https:\/\/animaolistic.com\/site\/wp-json\/wp\/v2\/pages"}],"about":[{"href":"https:\/\/animaolistic.com\/site\/wp-json\/wp\/v2\/types\/page"}],"author":[{"embeddable":true,"href":"https:\/\/animaolistic.com\/site\/wp-json\/wp\/v2\/users\/2"}],"replies":[{"embeddable":true,"href":"https:\/\/animaolistic.com\/site\/wp-json\/wp\/v2\/comments?post=177"}],"version-history":[{"count":46,"href":"https:\/\/animaolistic.com\/site\/wp-json\/wp\/v2\/pages\/177\/revisions"}],"predecessor-version":[{"id":2384,"href":"https:\/\/animaolistic.com\/site\/wp-json\/wp\/v2\/pages\/177\/revisions\/2384"}],"wp:attachment":[{"href":"https:\/\/animaolistic.com\/site\/wp-json\/wp\/v2\/media?parent=177"}],"curies":[{"name":"wp","href":"https:\/\/api.w.org\/{rel}","templated":true}]}}