{"id":18,"date":"2018-10-28T16:41:08","date_gmt":"2018-10-28T15:41:08","guid":{"rendered":"http:\/\/animolistic.com\/chantier\/?page_id=18"},"modified":"2026-02-02T15:01:11","modified_gmt":"2026-02-02T14:01:11","slug":"a-propos-de","status":"publish","type":"page","link":"https:\/\/animaolistic.com\/site\/a-propos-de\/","title":{"rendered":"\u00c0 propos"},"content":{"rendered":"\n<p><\/p>\n\n\n\n<div class=\"wp-block-cover has-background-dim-NaN\"><span aria-hidden=\"true\" class=\"wp-block-cover__background has-background-dim\"><\/span><img loading=\"lazy\" decoding=\"async\" width=\"1000\" height=\"443\" class=\"wp-block-cover__image-background wp-image-437\" alt=\"\" src=\"https:\/\/animaolistic.com\/site\/wp-content\/uploads\/2019\/11\/apropos-illustration.jpg\" style=\"object-position:50% 50%\" data-object-fit=\"cover\" data-object-position=\"50% 50%\" srcset=\"https:\/\/animaolistic.com\/site\/wp-content\/uploads\/2019\/11\/apropos-illustration.jpg 1000w, https:\/\/animaolistic.com\/site\/wp-content\/uploads\/2019\/11\/apropos-illustration-300x133.jpg 300w, https:\/\/animaolistic.com\/site\/wp-content\/uploads\/2019\/11\/apropos-illustration-768x340.jpg 768w\" sizes=\"auto, (max-width: 1000px) 100vw, 1000px\" \/><div class=\"wp-block-cover__inner-container is-layout-flow wp-block-cover-is-layout-flow\">\n<p class=\"has-text-align-center has-large-font-size\">\u00c0 propos<\/p>\n<\/div><\/div>\n\n\n\n<blockquote class=\"wp-block-quote is-layout-flow wp-block-quote-is-layout-flow\">\n<p><strong><em>\u00ab \u00catre heureux \u00e0 cheval, c&rsquo;est \u00eatre entre ciel et terre, \u00e0 une hauteur qui n&rsquo;existe pas. \u00bb<\/em><\/strong><\/p>\n<cite>J\u00e9r\u00f4me Garcin<\/cite><\/blockquote>\n\n\n\n<p><\/p>\n\n\n<p>J\u2019ai longtemps pens\u00e9 ainsi. Et puis chemin faisant, j\u2019ai d\u00e9couvert qu\u2019il \u00e9tait possible de ressentir le m\u00eame bonheur avec les deux pieds au sol, \u00e0 c\u00f4t\u00e9 du cheval.<\/p>\n<p>Et puis chemin faisant, j\u2019ai d\u00e9couvert qu\u2019il \u00e9tait possible de ressentir le m\u00eame bonheur les deux pieds au sol \u00e0 c\u00f4t\u00e9 d\u2019un cheval qui n\u2019est pas le n\u00f4tre et \u00e0 qui on ne demande rien, sauf d\u2019\u00eatre l\u00e0, avec nous. <br \/>Poser les mains sur lui, \u00eatre \u00e0 l\u2019\u00e9coute de nos sensations, \u00eatre \u00e0 l\u2019\u00e9coute de ses sensations, d\u2019une oreille tourn\u00e9e, d\u2019un \u0153il qui questionne, d\u2019une micro-tension rel\u00e2ch\u00e9e, d\u2019un souffle doux de ses naseaux, d\u2019une communion magique qui ne dure parfois que quelques instants&#8230;<\/p>\n<p>Et puis chemin faisant, j\u2019ai d\u00e9couvert que cette communion magique \u00e9tait possible avec tous les \u00eatres vivants.<\/p>\n<p>Le sage Confucius l\u2019avait compris :<\/p>\n\n\n<blockquote class=\"wp-block-quote is-layout-flow wp-block-quote-is-layout-flow\">\n<p><strong><em>\u00ab Choisissez un travail que vous aimez et vous n&rsquo;aurez pas \u00e0 travailler un seul jour de votre vie. \u00bb<\/em><\/strong><\/p>\n<\/blockquote>\n\n\n\n<p><\/p>\n\n\n<div class=\"wp-block-image\">\n<figure class=\"aligncenter size-large is-resized\"><img loading=\"lazy\" decoding=\"async\" width=\"988\" height=\"1024\" src=\"https:\/\/animolistic.com\/site\/wp-content\/uploads\/2019\/12\/CLEO-sepia-988x1024.jpg\" alt=\"\" class=\"wp-image-623\" style=\"width:494px;height:512px\" srcset=\"https:\/\/animaolistic.com\/site\/wp-content\/uploads\/2019\/12\/CLEO-sepia-988x1024.jpg 988w, https:\/\/animaolistic.com\/site\/wp-content\/uploads\/2019\/12\/CLEO-sepia-290x300.jpg 290w, https:\/\/animaolistic.com\/site\/wp-content\/uploads\/2019\/12\/CLEO-sepia-768x796.jpg 768w, https:\/\/animaolistic.com\/site\/wp-content\/uploads\/2019\/12\/CLEO-sepia-1482x1536.jpg 1482w, https:\/\/animaolistic.com\/site\/wp-content\/uploads\/2019\/12\/CLEO-sepia-1977x2048.jpg 1977w, https:\/\/animaolistic.com\/site\/wp-content\/uploads\/2019\/12\/CLEO-sepia.jpg 2048w\" sizes=\"auto, (max-width: 988px) 100vw, 988px\" \/><\/figure><\/div>\n\n\n<p><\/p>\n\n\n\n<p class=\"has-medium-font-size\"><strong>Pourquoi ?<\/strong><\/p>\n\n\n\n<figure class=\"wp-block-image is-resized\"><img loading=\"lazy\" decoding=\"async\" width=\"1024\" height=\"148\" src=\"https:\/\/animolistic.com\/site\/wp-content\/uploads\/2019\/09\/animaolistic-1024x148.png\" alt=\"\" class=\"wp-image-168\" style=\"width:512px;height:74px\" srcset=\"https:\/\/animaolistic.com\/site\/wp-content\/uploads\/2019\/09\/animaolistic-1024x148.png 1024w, https:\/\/animaolistic.com\/site\/wp-content\/uploads\/2019\/09\/animaolistic-300x43.png 300w, https:\/\/animaolistic.com\/site\/wp-content\/uploads\/2019\/09\/animaolistic-768x111.png 768w\" sizes=\"auto, (max-width: 1024px) 100vw, 1024px\" \/><\/figure>\n\n\n\n<p><\/p>\n\n\n\n<p>Mes s\u00e9ances s\u2019adressent \u00e0 l\u2019unit\u00e9 corps-esprit, au principe de vie, de mouvements d\u2019\u00e9nergie et d\u2019\u00e9motions qui animent tout \u00eatre vivant, humain ou animal.<br>Le mot latin \u00ab anima \u00bb signifie \u00ab souffle, \u00e2me \u00bb, il est par ailleurs \u00e0 l\u2019origine du mot \u00ab animal \u00bb.<br>AnimaOlistic, ce sont des soins \u00e9nerg\u00e9tiques et holistiques pour chaque \u00e2me !<\/p>\n\n\n\n<p><\/p>\n\n\n\n<ul class=\"wp-block-list\">\n<li> <strong>Shiatsu et \u00e9nerg\u00e9tique orientale humain, \u00e9quin et animalier<\/strong><\/li>\n\n\n\n<li> <strong>Soins \u00e9nerg\u00e9tiques Reiki<\/strong><\/li>\n\n\n\n<li> <strong>Sinobiologie aromatique et phyto-\u00e9nerg\u00e9tique<\/strong> <\/li>\n<\/ul>\n\n\n\n<p><\/p>\n","protected":false},"excerpt":{"rendered":"<p>\u00ab \u00catre heureux \u00e0 cheval, c&rsquo;est \u00eatre entre ciel et terre, \u00e0 une hauteur qui n&rsquo;existe pas. \u00bb J\u00e9r\u00f4me Garcin J\u2019ai longtemps pens\u00e9 ainsi. Et puis chemin faisant, j\u2019ai d\u00e9couvert qu\u2019il \u00e9tait possible de ressentir le m\u00eame bonheur avec les deux pieds au sol, \u00e0 c\u00f4t\u00e9 du cheval. Et puis chemin faisant, j\u2019ai d\u00e9couvert qu\u2019il [&hellip;]<\/p>\n","protected":false},"author":2,"featured_media":0,"parent":0,"menu_order":0,"comment_status":"closed","ping_status":"closed","template":"","meta":{"ngg_post_thumbnail":0,"footnotes":""},"class_list":["post-18","page","type-page","status-publish","hentry"],"yoast_head":"<!-- This site is optimized with the Yoast SEO plugin v24.5 - https:\/\/yoast.com\/wordpress\/plugins\/seo\/ -->\n<title>\u00c0 propos &#8211; AnimaOlistic<\/title>\n<meta name=\"robots\" content=\"index, follow, max-snippet:-1, max-image-preview:large, max-video-preview:-1\" \/>\n<link rel=\"canonical\" href=\"https:\/\/animaolistic.com\/site\/a-propos-de\/\" \/>\n<meta property=\"og:locale\" content=\"fr_FR\" \/>\n<meta property=\"og:type\" content=\"article\" \/>\n<meta property=\"og:title\" content=\"\u00c0 propos &#8211; AnimaOlistic\" \/>\n<meta property=\"og:description\" content=\"\u00ab \u00catre heureux \u00e0 cheval, c&rsquo;est \u00eatre entre ciel et terre, \u00e0 une hauteur qui n&rsquo;existe pas. \u00bb J\u00e9r\u00f4me Garcin J\u2019ai longtemps pens\u00e9 ainsi. Et puis chemin faisant, j\u2019ai d\u00e9couvert qu\u2019il \u00e9tait possible de ressentir le m\u00eame bonheur avec les deux pieds au sol, \u00e0 c\u00f4t\u00e9 du cheval. Et puis chemin faisant, j\u2019ai d\u00e9couvert qu\u2019il [&hellip;]\" \/>\n<meta property=\"og:url\" content=\"https:\/\/animaolistic.com\/site\/a-propos-de\/\" \/>\n<meta property=\"og:site_name\" content=\"AnimaOlistic\" \/>\n<meta property=\"article:publisher\" content=\"https:\/\/www.facebook.com\/AnimaOlistic\/\" \/>\n<meta property=\"article:modified_time\" content=\"2026-02-02T14:01:11+00:00\" \/>\n<meta property=\"og:image\" content=\"https:\/\/animaolistic.com\/site\/wp-content\/uploads\/2019\/11\/apropos-illustration.jpg\" \/>\n\t<meta property=\"og:image:width\" content=\"1000\" \/>\n\t<meta property=\"og:image:height\" content=\"443\" \/>\n\t<meta property=\"og:image:type\" content=\"image\/jpeg\" \/>\n<meta name=\"twitter:card\" content=\"summary_large_image\" \/>\n<meta name=\"twitter:label1\" content=\"Dur\u00e9e de lecture estim\u00e9e\" \/>\n\t<meta name=\"twitter:data1\" content=\"2 minutes\" \/>\n<script type=\"application\/ld+json\" class=\"yoast-schema-graph\">{\"@context\":\"https:\/\/schema.org\",\"@graph\":[{\"@type\":\"WebPage\",\"@id\":\"https:\/\/animaolistic.com\/site\/a-propos-de\/\",\"url\":\"https:\/\/animaolistic.com\/site\/a-propos-de\/\",\"name\":\"\u00c0 propos &#8211; AnimaOlistic\",\"isPartOf\":{\"@id\":\"https:\/\/animaolistic.com\/site\/#website\"},\"primaryImageOfPage\":{\"@id\":\"https:\/\/animaolistic.com\/site\/a-propos-de\/#primaryimage\"},\"image\":{\"@id\":\"https:\/\/animaolistic.com\/site\/a-propos-de\/#primaryimage\"},\"thumbnailUrl\":\"https:\/\/animaolistic.com\/site\/wp-content\/uploads\/2019\/11\/apropos-illustration.jpg\",\"datePublished\":\"2018-10-28T15:41:08+00:00\",\"dateModified\":\"2026-02-02T14:01:11+00:00\",\"breadcrumb\":{\"@id\":\"https:\/\/animaolistic.com\/site\/a-propos-de\/#breadcrumb\"},\"inLanguage\":\"fr-FR\",\"potentialAction\":[{\"@type\":\"ReadAction\",\"target\":[\"https:\/\/animaolistic.com\/site\/a-propos-de\/\"]}]},{\"@type\":\"ImageObject\",\"inLanguage\":\"fr-FR\",\"@id\":\"https:\/\/animaolistic.com\/site\/a-propos-de\/#primaryimage\",\"url\":\"https:\/\/animaolistic.com\/site\/wp-content\/uploads\/2019\/11\/apropos-illustration.jpg\",\"contentUrl\":\"https:\/\/animaolistic.com\/site\/wp-content\/uploads\/2019\/11\/apropos-illustration.jpg\",\"width\":1000,\"height\":443,\"caption\":\"DIGITAL CAMERA\"},{\"@type\":\"BreadcrumbList\",\"@id\":\"https:\/\/animaolistic.com\/site\/a-propos-de\/#breadcrumb\",\"itemListElement\":[{\"@type\":\"ListItem\",\"position\":1,\"name\":\"Accueil\",\"item\":\"https:\/\/animaolistic.com\/site\/\"},{\"@type\":\"ListItem\",\"position\":2,\"name\":\"\u00c0 propos\"}]},{\"@type\":\"WebSite\",\"@id\":\"https:\/\/animaolistic.com\/site\/#website\",\"url\":\"https:\/\/animaolistic.com\/site\/\",\"name\":\"AnimaOlistic\",\"description\":\"Shiatsu et \u00e9nerg\u00e9tique orientale \u00e9quin, animalier et humain\",\"publisher\":{\"@id\":\"https:\/\/animaolistic.com\/site\/#organization\"},\"potentialAction\":[{\"@type\":\"SearchAction\",\"target\":{\"@type\":\"EntryPoint\",\"urlTemplate\":\"https:\/\/animaolistic.com\/site\/?s={search_term_string}\"},\"query-input\":{\"@type\":\"PropertyValueSpecification\",\"valueRequired\":true,\"valueName\":\"search_term_string\"}}],\"inLanguage\":\"fr-FR\"},{\"@type\":\"Organization\",\"@id\":\"https:\/\/animaolistic.com\/site\/#organization\",\"name\":\"Animaolistic\",\"url\":\"https:\/\/animaolistic.com\/site\/\",\"logo\":{\"@type\":\"ImageObject\",\"inLanguage\":\"fr-FR\",\"@id\":\"https:\/\/animaolistic.com\/site\/#\/schema\/logo\/image\/\",\"url\":\"https:\/\/animaolistic.com\/site\/wp-content\/uploads\/2019\/09\/animaolistic-logo-2.png\",\"contentUrl\":\"https:\/\/animaolistic.com\/site\/wp-content\/uploads\/2019\/09\/animaolistic-logo-2.png\",\"width\":150,\"height\":150,\"caption\":\"Animaolistic\"},\"image\":{\"@id\":\"https:\/\/animaolistic.com\/site\/#\/schema\/logo\/image\/\"},\"sameAs\":[\"https:\/\/www.facebook.com\/AnimaOlistic\/\",\"https:\/\/www.instagram.com\/animaolistic\/\",\"https:\/\/fr.linkedin.com\/in\/nathalie-hilaire-12b32592\"]}]}<\/script>\n<!-- \/ Yoast SEO plugin. -->","yoast_head_json":{"title":"\u00c0 propos &#8211; AnimaOlistic","robots":{"index":"index","follow":"follow","max-snippet":"max-snippet:-1","max-image-preview":"max-image-preview:large","max-video-preview":"max-video-preview:-1"},"canonical":"https:\/\/animaolistic.com\/site\/a-propos-de\/","og_locale":"fr_FR","og_type":"article","og_title":"\u00c0 propos &#8211; AnimaOlistic","og_description":"\u00ab \u00catre heureux \u00e0 cheval, c&rsquo;est \u00eatre entre ciel et terre, \u00e0 une hauteur qui n&rsquo;existe pas. \u00bb J\u00e9r\u00f4me Garcin J\u2019ai longtemps pens\u00e9 ainsi. Et puis chemin faisant, j\u2019ai d\u00e9couvert qu\u2019il \u00e9tait possible de ressentir le m\u00eame bonheur avec les deux pieds au sol, \u00e0 c\u00f4t\u00e9 du cheval. Et puis chemin faisant, j\u2019ai d\u00e9couvert qu\u2019il [&hellip;]","og_url":"https:\/\/animaolistic.com\/site\/a-propos-de\/","og_site_name":"AnimaOlistic","article_publisher":"https:\/\/www.facebook.com\/AnimaOlistic\/","article_modified_time":"2026-02-02T14:01:11+00:00","og_image":[{"width":1000,"height":443,"url":"https:\/\/animaolistic.com\/site\/wp-content\/uploads\/2019\/11\/apropos-illustration.jpg","type":"image\/jpeg"}],"twitter_card":"summary_large_image","twitter_misc":{"Dur\u00e9e de lecture estim\u00e9e":"2 minutes"},"schema":{"@context":"https:\/\/schema.org","@graph":[{"@type":"WebPage","@id":"https:\/\/animaolistic.com\/site\/a-propos-de\/","url":"https:\/\/animaolistic.com\/site\/a-propos-de\/","name":"\u00c0 propos &#8211; AnimaOlistic","isPartOf":{"@id":"https:\/\/animaolistic.com\/site\/#website"},"primaryImageOfPage":{"@id":"https:\/\/animaolistic.com\/site\/a-propos-de\/#primaryimage"},"image":{"@id":"https:\/\/animaolistic.com\/site\/a-propos-de\/#primaryimage"},"thumbnailUrl":"https:\/\/animaolistic.com\/site\/wp-content\/uploads\/2019\/11\/apropos-illustration.jpg","datePublished":"2018-10-28T15:41:08+00:00","dateModified":"2026-02-02T14:01:11+00:00","breadcrumb":{"@id":"https:\/\/animaolistic.com\/site\/a-propos-de\/#breadcrumb"},"inLanguage":"fr-FR","potentialAction":[{"@type":"ReadAction","target":["https:\/\/animaolistic.com\/site\/a-propos-de\/"]}]},{"@type":"ImageObject","inLanguage":"fr-FR","@id":"https:\/\/animaolistic.com\/site\/a-propos-de\/#primaryimage","url":"https:\/\/animaolistic.com\/site\/wp-content\/uploads\/2019\/11\/apropos-illustration.jpg","contentUrl":"https:\/\/animaolistic.com\/site\/wp-content\/uploads\/2019\/11\/apropos-illustration.jpg","width":1000,"height":443,"caption":"DIGITAL CAMERA"},{"@type":"BreadcrumbList","@id":"https:\/\/animaolistic.com\/site\/a-propos-de\/#breadcrumb","itemListElement":[{"@type":"ListItem","position":1,"name":"Accueil","item":"https:\/\/animaolistic.com\/site\/"},{"@type":"ListItem","position":2,"name":"\u00c0 propos"}]},{"@type":"WebSite","@id":"https:\/\/animaolistic.com\/site\/#website","url":"https:\/\/animaolistic.com\/site\/","name":"AnimaOlistic","description":"Shiatsu et \u00e9nerg\u00e9tique orientale \u00e9quin, animalier et humain","publisher":{"@id":"https:\/\/animaolistic.com\/site\/#organization"},"potentialAction":[{"@type":"SearchAction","target":{"@type":"EntryPoint","urlTemplate":"https:\/\/animaolistic.com\/site\/?s={search_term_string}"},"query-input":{"@type":"PropertyValueSpecification","valueRequired":true,"valueName":"search_term_string"}}],"inLanguage":"fr-FR"},{"@type":"Organization","@id":"https:\/\/animaolistic.com\/site\/#organization","name":"Animaolistic","url":"https:\/\/animaolistic.com\/site\/","logo":{"@type":"ImageObject","inLanguage":"fr-FR","@id":"https:\/\/animaolistic.com\/site\/#\/schema\/logo\/image\/","url":"https:\/\/animaolistic.com\/site\/wp-content\/uploads\/2019\/09\/animaolistic-logo-2.png","contentUrl":"https:\/\/animaolistic.com\/site\/wp-content\/uploads\/2019\/09\/animaolistic-logo-2.png","width":150,"height":150,"caption":"Animaolistic"},"image":{"@id":"https:\/\/animaolistic.com\/site\/#\/schema\/logo\/image\/"},"sameAs":["https:\/\/www.facebook.com\/AnimaOlistic\/","https:\/\/www.instagram.com\/animaolistic\/","https:\/\/fr.linkedin.com\/in\/nathalie-hilaire-12b32592"]}]}},"_links":{"self":[{"href":"https:\/\/animaolistic.com\/site\/wp-json\/wp\/v2\/pages\/18","targetHints":{"allow":["GET"]}}],"collection":[{"href":"https:\/\/animaolistic.com\/site\/wp-json\/wp\/v2\/pages"}],"about":[{"href":"https:\/\/animaolistic.com\/site\/wp-json\/wp\/v2\/types\/page"}],"author":[{"embeddable":true,"href":"https:\/\/animaolistic.com\/site\/wp-json\/wp\/v2\/users\/2"}],"replies":[{"embeddable":true,"href":"https:\/\/animaolistic.com\/site\/wp-json\/wp\/v2\/comments?post=18"}],"version-history":[{"count":56,"href":"https:\/\/animaolistic.com\/site\/wp-json\/wp\/v2\/pages\/18\/revisions"}],"predecessor-version":[{"id":2415,"href":"https:\/\/animaolistic.com\/site\/wp-json\/wp\/v2\/pages\/18\/revisions\/2415"}],"wp:attachment":[{"href":"https:\/\/animaolistic.com\/site\/wp-json\/wp\/v2\/media?parent=18"}],"curies":[{"name":"wp","href":"https:\/\/api.w.org\/{rel}","templated":true}]}}