{"id":2159,"date":"2025-02-22T17:56:19","date_gmt":"2025-02-22T16:56:19","guid":{"rendered":"https:\/\/animaolistic.com\/site\/?page_id=2159"},"modified":"2025-08-18T15:43:13","modified_gmt":"2025-08-18T13:43:13","slug":"__trashed","status":"publish","type":"page","link":"https:\/\/animaolistic.com\/site\/__trashed\/","title":{"rendered":"Stages"},"content":{"rendered":"\n<div class=\"wp-block-cover is-light\"><span aria-hidden=\"true\" class=\"wp-block-cover__background has-background-dim\" style=\"background-color:#dcc59e\"><\/span><img loading=\"lazy\" decoding=\"async\" width=\"2560\" height=\"1920\" class=\"wp-block-cover__image-background wp-image-2163\" alt=\"\" src=\"https:\/\/animaolistic.com\/site\/wp-content\/uploads\/P1030413-scaled.jpg\" style=\"object-position:31% 32%\" data-object-fit=\"cover\" data-object-position=\"31% 32%\" srcset=\"https:\/\/animaolistic.com\/site\/wp-content\/uploads\/P1030413-scaled.jpg 2560w, https:\/\/animaolistic.com\/site\/wp-content\/uploads\/P1030413-300x225.jpg 300w, https:\/\/animaolistic.com\/site\/wp-content\/uploads\/P1030413-1024x768.jpg 1024w, https:\/\/animaolistic.com\/site\/wp-content\/uploads\/P1030413-768x576.jpg 768w, https:\/\/animaolistic.com\/site\/wp-content\/uploads\/P1030413-1536x1152.jpg 1536w, https:\/\/animaolistic.com\/site\/wp-content\/uploads\/P1030413-2048x1536.jpg 2048w\" sizes=\"auto, (max-width: 2560px) 100vw, 2560px\" \/><div class=\"wp-block-cover__inner-container is-layout-constrained wp-block-cover-is-layout-constrained\">\n<p class=\"has-text-align-center has-large-font-size\">Stages<\/p>\n<\/div><\/div>\n\n\n\n<p class=\"has-medium-font-size\"><strong>STAGES A LA JOURN\u00c9E :<\/strong><\/p>\n\n\n\n<p>Les stages ont lieu chez vous ou dans l&rsquo;\u00e9curie de votre choix.<br>Possibilit\u00e9 d&rsquo;accueillir le stage dans une \u00e9curie partenaire, avec mise \u00e0 disposition des \u00e9quid\u00e9s (<a href=\"https:\/\/animaolistic.com\/site\/contact\/\">me consulter<\/a>).<br>Minimum participants : 2&nbsp; &nbsp; Maximum : 10<br>Tarif : 100 \u20ac la journ\u00e9e (hors \u00e9ventuels frais de d\u00e9placement selon distance)<br>&nbsp; &nbsp; &nbsp; &nbsp; &nbsp; 130\u20ac la journ\u00e9e si accueil en \u00e9curie partenaire<\/p>\n\n\n\n<p><strong>STAGE \u00ab\u00a0INITIATION AU SHIATSU \u00c9QUIN\u00a0\u00bb :<\/strong><br><strong>Th\u00e9orie&nbsp;:<\/strong><br>Le shiatsu, qu\u2019est-ce que c\u2019est&nbsp;? Comprendre ses bienfaits et son fonctionnement :<br>. Origine du shiatsu et d\u00e9finition du bien-\u00eatre animalier et humain<br>. Les principes : comment \u00e7a fonctionne en pratique, bases de l&rsquo;\u00e9nerg\u00e9tique orientale (\u00e9nergie et m\u00e9ridiens), les 4 phases du bilan \u00e9nerg\u00e9tique <br>. Qui peut recevoir un shiatsu : pourquoi faire appel \u00e0 cette discipline, quels sont les bienfaits, y a t-il des risques ou contre-indications ?<br>. Donn\u00e9es g\u00e9n\u00e9rales&nbsp;: formation et certification des praticiens, le shiatsu animalier dans le monde et r\u00e9sultats de l\u2019enqu\u00eate de satisfaction 2023.<\/p>\n\n\n\n<p><strong>Pratique :<\/strong><br>. Mise en condition du praticien : intention, respiration, position et Do-In, la voie de l\u2019\u00e9nergie ou auto-shiatsu.<br>. Adopter la bonne posture et les bons gestes : les diff\u00e9rentes techniques de pression, massage, mobilisations et \u00e9tirements \u00e9nerg\u00e9tiques.<br>. Technique d\u2019effleurage du corps du cheval, ressentir les d\u00e9s\u00e9quilibres, observer les signaux transmis par le cheval.<br>. Initiation au shiatsu du m\u00e9ridien Vessie&nbsp;(dos), d\u00e9contraction de l\u2019arri\u00e8re-main et de la queue.<br>. Apprentissage du \u00ab&nbsp;brossage \u00e9nerg\u00e9tique&nbsp;\u00bb (dynamisation et mise en circulation des \u00e9nergies yin\/yang permettant de lever stagnations et blocages dans les m\u00e9ridiens).<\/p>\n\n\n\n<p><strong>STAGE \u00ab\u00a0BIOM\u00c9CANIQUE &amp; SHIATSU \u00c9QUIN\u00a0\u00bb :<br><\/strong>En co-animation avec Chlo\u00e9 Bureau-Roubaud, experte FFE \u00e9thologique, aux \u00e9curies \u00c9qui-Paradis \u00e0 Jaillans (26300)<br>Minimum participants : 4&nbsp; &nbsp; &nbsp; Maximum : 10<br>Tarif : 130 \u20ac&nbsp;<\/p>\n\n\n\n<p>Un stage qui int\u00e8gre des notions de biom\u00e9canique, d&rsquo;\u00e9nerg\u00e9tique orientale et de shiatsu, au programme :<br><strong>Le matin, th\u00e9orie et pratique\u00a0:<\/strong><\/p>\n\n\n\n<ul class=\"wp-block-list\">\n<li>Pr\u00e9sentation de la biom\u00e9canique et du shiatsu&nbsp;: comment \u00e7a fonctionne, les bienfaits, pourquoi, pour qui&nbsp;?<\/li>\n\n\n\n<li>D\u00e9finition du bien-\u00eatre animalier et humain<\/li>\n\n\n\n<li>Rep\u00e9rer les signaux de confort\/inconfort<\/li>\n\n\n\n<li>Biom\u00e9canique et shiatsu, quels liens&nbsp;?&nbsp;:<br>&#8211; \u00c9quilibre entre ligne du dessus\/dessous &amp; Vaisseaux Du Mai\/Ren Mai<br>&#8211; Points de tension &amp; triggers points\/trajets de m\u00e9ridiens et zones r\u00e9flexe<br>&#8211; \u00c9tirements, \u00e9veil des neuror\u00e9cepteurs &amp; endorphines et points d\u2019acupuncture<br>&#8211; Qualit\u00e9s et d\u00e9fauts des allures &amp; trajets de m\u00e9ridiens<br>&#8211; Alignement des membres, constitution physique du cheval &amp; \u00e9nergie constitutionnelle des 5 \u00e9l\u00e9ments<\/li>\n\n\n\n<li>Observation du cheval et circulation de l\u2019\u00e9nergie<\/li>\n\n\n\n<li>Pratique&nbsp;: rep\u00e9rage des points de tension, \u00e9tirements biom\u00e9caniques et mobilisations shiatsu<br><br><strong>L\u2019apr\u00e8s-midi, pratique&nbsp;:<\/strong><br><\/li>\n\n\n\n<li>Adopter la bonne posture et les bons gestes&nbsp;: les diff\u00e9rentes techniques de massage shiatsu, mobilisations et \u00e9tirements \u00e9nerg\u00e9tiques (Makko-Ho)<\/li>\n\n\n\n<li>Exp\u00e9rimentation des sensations selon les diff\u00e9rentes techniques shiatsu par un travail en bin\u00f4me<\/li>\n\n\n\n<li>Technique d\u2019effleurage du corps du cheval, d\u00e9tecter les d\u00e9s\u00e9quilibres, observer les signaux transmis.<\/li>\n\n\n\n<li>Initiation au shiatsu du dos (m\u00e9ridien Vessie) et mise en application des techniques de d\u00e9contraction (arri\u00e8re-main, avant-main, encolure).<\/li>\n\n\n\n<li>Nouvelle observation apr\u00e8s correction en statique et mouvement<\/li>\n\n\n\n<li>Proposition d\u2019exercices biom\u00e9caniques pour am\u00e9liorer le confort<\/li>\n\n\n\n<li>Apprentissage du \u00ab&nbsp;brossage \u00e9nerg\u00e9tique&nbsp;\u00bb (dynamisation et mise en circulation des \u00e9nergies<strong> <\/strong>yin\/yang permettant de lever stagnations et blocages dans les m\u00e9ridiens).<\/li>\n<\/ul>\n\n\n\n<p><br><strong>STAGES A LA CARTE :<\/strong><br>En demi-journ\u00e9e ou \u00e0 la journ\u00e9e, en fonction de vos besoins : <a href=\"https:\/\/animaolistic.com\/site\/contact\/\">me consulter<\/a><br><br>Retrouvez les dates de stages en programmation <a href=\"https:\/\/animaolistic.com\/site\/les-tournees-et-deplacements\/\">ici<\/a><\/p>\n\n\n\n<p>&nbsp;<\/p>\n\n\n\n<p>&nbsp;<\/p>\n\n\n\n<p>&nbsp;<\/p>\n","protected":false},"excerpt":{"rendered":"<p>STAGES A LA JOURN\u00c9E : Les stages ont lieu chez vous ou dans l&rsquo;\u00e9curie de votre choix.Possibilit\u00e9 d&rsquo;accueillir le stage dans une \u00e9curie partenaire, avec mise \u00e0 disposition des \u00e9quid\u00e9s (me consulter).Minimum participants : 2&nbsp; &nbsp; Maximum : 10Tarif : 100 \u20ac la journ\u00e9e (hors \u00e9ventuels frais de d\u00e9placement selon distance)&nbsp; &nbsp; &nbsp; &nbsp; &nbsp; [&hellip;]<\/p>\n","protected":false},"author":2,"featured_media":0,"parent":0,"menu_order":0,"comment_status":"closed","ping_status":"closed","template":"","meta":{"ngg_post_thumbnail":0,"footnotes":""},"class_list":["post-2159","page","type-page","status-publish","hentry"],"yoast_head":"<!-- This site is optimized with the Yoast SEO plugin v24.5 - https:\/\/yoast.com\/wordpress\/plugins\/seo\/ -->\n<title>Stages &#8211; AnimaOlistic<\/title>\n<meta name=\"robots\" content=\"index, follow, max-snippet:-1, max-image-preview:large, max-video-preview:-1\" \/>\n<link rel=\"canonical\" href=\"https:\/\/animaolistic.com\/site\/__trashed\/\" \/>\n<meta property=\"og:locale\" content=\"fr_FR\" \/>\n<meta property=\"og:type\" content=\"article\" \/>\n<meta property=\"og:title\" content=\"Stages &#8211; AnimaOlistic\" \/>\n<meta property=\"og:description\" content=\"STAGES A LA JOURN\u00c9E : Les stages ont lieu chez vous ou dans l&rsquo;\u00e9curie de votre choix.Possibilit\u00e9 d&rsquo;accueillir le stage dans une \u00e9curie partenaire, avec mise \u00e0 disposition des \u00e9quid\u00e9s (me consulter).Minimum participants : 2&nbsp; &nbsp; Maximum : 10Tarif : 100 \u20ac la journ\u00e9e (hors \u00e9ventuels frais de d\u00e9placement selon distance)&nbsp; &nbsp; &nbsp; &nbsp; &nbsp; [&hellip;]\" \/>\n<meta property=\"og:url\" content=\"https:\/\/animaolistic.com\/site\/__trashed\/\" \/>\n<meta property=\"og:site_name\" content=\"AnimaOlistic\" \/>\n<meta property=\"article:publisher\" content=\"https:\/\/www.facebook.com\/AnimaOlistic\/\" \/>\n<meta property=\"article:modified_time\" content=\"2025-08-18T13:43:13+00:00\" \/>\n<meta property=\"og:image\" content=\"https:\/\/animaolistic.com\/site\/wp-content\/uploads\/P1030413-scaled.jpg\" \/>\n\t<meta property=\"og:image:width\" content=\"2560\" \/>\n\t<meta property=\"og:image:height\" content=\"1920\" \/>\n\t<meta property=\"og:image:type\" content=\"image\/jpeg\" \/>\n<meta name=\"twitter:card\" content=\"summary_large_image\" \/>\n<meta name=\"twitter:label1\" content=\"Dur\u00e9e de lecture estim\u00e9e\" \/>\n\t<meta name=\"twitter:data1\" content=\"3 minutes\" \/>\n<script type=\"application\/ld+json\" class=\"yoast-schema-graph\">{\"@context\":\"https:\/\/schema.org\",\"@graph\":[{\"@type\":\"WebPage\",\"@id\":\"https:\/\/animaolistic.com\/site\/__trashed\/\",\"url\":\"https:\/\/animaolistic.com\/site\/__trashed\/\",\"name\":\"Stages &#8211; AnimaOlistic\",\"isPartOf\":{\"@id\":\"https:\/\/animaolistic.com\/site\/#website\"},\"primaryImageOfPage\":{\"@id\":\"https:\/\/animaolistic.com\/site\/__trashed\/#primaryimage\"},\"image\":{\"@id\":\"https:\/\/animaolistic.com\/site\/__trashed\/#primaryimage\"},\"thumbnailUrl\":\"https:\/\/animaolistic.com\/site\/wp-content\/uploads\/P1030413-scaled.jpg\",\"datePublished\":\"2025-02-22T16:56:19+00:00\",\"dateModified\":\"2025-08-18T13:43:13+00:00\",\"breadcrumb\":{\"@id\":\"https:\/\/animaolistic.com\/site\/__trashed\/#breadcrumb\"},\"inLanguage\":\"fr-FR\",\"potentialAction\":[{\"@type\":\"ReadAction\",\"target\":[\"https:\/\/animaolistic.com\/site\/__trashed\/\"]}]},{\"@type\":\"ImageObject\",\"inLanguage\":\"fr-FR\",\"@id\":\"https:\/\/animaolistic.com\/site\/__trashed\/#primaryimage\",\"url\":\"https:\/\/animaolistic.com\/site\/wp-content\/uploads\/P1030413-scaled.jpg\",\"contentUrl\":\"https:\/\/animaolistic.com\/site\/wp-content\/uploads\/P1030413-scaled.jpg\",\"width\":2560,\"height\":1920},{\"@type\":\"BreadcrumbList\",\"@id\":\"https:\/\/animaolistic.com\/site\/__trashed\/#breadcrumb\",\"itemListElement\":[{\"@type\":\"ListItem\",\"position\":1,\"name\":\"Accueil\",\"item\":\"https:\/\/animaolistic.com\/site\/\"},{\"@type\":\"ListItem\",\"position\":2,\"name\":\"Stages\"}]},{\"@type\":\"WebSite\",\"@id\":\"https:\/\/animaolistic.com\/site\/#website\",\"url\":\"https:\/\/animaolistic.com\/site\/\",\"name\":\"AnimaOlistic\",\"description\":\"Shiatsu et \u00e9nerg\u00e9tique orientale \u00e9quin, animalier et humain\",\"publisher\":{\"@id\":\"https:\/\/animaolistic.com\/site\/#organization\"},\"potentialAction\":[{\"@type\":\"SearchAction\",\"target\":{\"@type\":\"EntryPoint\",\"urlTemplate\":\"https:\/\/animaolistic.com\/site\/?s={search_term_string}\"},\"query-input\":{\"@type\":\"PropertyValueSpecification\",\"valueRequired\":true,\"valueName\":\"search_term_string\"}}],\"inLanguage\":\"fr-FR\"},{\"@type\":\"Organization\",\"@id\":\"https:\/\/animaolistic.com\/site\/#organization\",\"name\":\"Animaolistic\",\"url\":\"https:\/\/animaolistic.com\/site\/\",\"logo\":{\"@type\":\"ImageObject\",\"inLanguage\":\"fr-FR\",\"@id\":\"https:\/\/animaolistic.com\/site\/#\/schema\/logo\/image\/\",\"url\":\"https:\/\/animaolistic.com\/site\/wp-content\/uploads\/2019\/09\/animaolistic-logo-2.png\",\"contentUrl\":\"https:\/\/animaolistic.com\/site\/wp-content\/uploads\/2019\/09\/animaolistic-logo-2.png\",\"width\":150,\"height\":150,\"caption\":\"Animaolistic\"},\"image\":{\"@id\":\"https:\/\/animaolistic.com\/site\/#\/schema\/logo\/image\/\"},\"sameAs\":[\"https:\/\/www.facebook.com\/AnimaOlistic\/\",\"https:\/\/www.instagram.com\/animaolistic\/\",\"https:\/\/fr.linkedin.com\/in\/nathalie-hilaire-12b32592\"]}]}<\/script>\n<!-- \/ Yoast SEO plugin. -->","yoast_head_json":{"title":"Stages &#8211; AnimaOlistic","robots":{"index":"index","follow":"follow","max-snippet":"max-snippet:-1","max-image-preview":"max-image-preview:large","max-video-preview":"max-video-preview:-1"},"canonical":"https:\/\/animaolistic.com\/site\/__trashed\/","og_locale":"fr_FR","og_type":"article","og_title":"Stages &#8211; AnimaOlistic","og_description":"STAGES A LA JOURN\u00c9E : Les stages ont lieu chez vous ou dans l&rsquo;\u00e9curie de votre choix.Possibilit\u00e9 d&rsquo;accueillir le stage dans une \u00e9curie partenaire, avec mise \u00e0 disposition des \u00e9quid\u00e9s (me consulter).Minimum participants : 2&nbsp; &nbsp; Maximum : 10Tarif : 100 \u20ac la journ\u00e9e (hors \u00e9ventuels frais de d\u00e9placement selon distance)&nbsp; &nbsp; &nbsp; &nbsp; &nbsp; [&hellip;]","og_url":"https:\/\/animaolistic.com\/site\/__trashed\/","og_site_name":"AnimaOlistic","article_publisher":"https:\/\/www.facebook.com\/AnimaOlistic\/","article_modified_time":"2025-08-18T13:43:13+00:00","og_image":[{"width":2560,"height":1920,"url":"https:\/\/animaolistic.com\/site\/wp-content\/uploads\/P1030413-scaled.jpg","type":"image\/jpeg"}],"twitter_card":"summary_large_image","twitter_misc":{"Dur\u00e9e de lecture estim\u00e9e":"3 minutes"},"schema":{"@context":"https:\/\/schema.org","@graph":[{"@type":"WebPage","@id":"https:\/\/animaolistic.com\/site\/__trashed\/","url":"https:\/\/animaolistic.com\/site\/__trashed\/","name":"Stages &#8211; AnimaOlistic","isPartOf":{"@id":"https:\/\/animaolistic.com\/site\/#website"},"primaryImageOfPage":{"@id":"https:\/\/animaolistic.com\/site\/__trashed\/#primaryimage"},"image":{"@id":"https:\/\/animaolistic.com\/site\/__trashed\/#primaryimage"},"thumbnailUrl":"https:\/\/animaolistic.com\/site\/wp-content\/uploads\/P1030413-scaled.jpg","datePublished":"2025-02-22T16:56:19+00:00","dateModified":"2025-08-18T13:43:13+00:00","breadcrumb":{"@id":"https:\/\/animaolistic.com\/site\/__trashed\/#breadcrumb"},"inLanguage":"fr-FR","potentialAction":[{"@type":"ReadAction","target":["https:\/\/animaolistic.com\/site\/__trashed\/"]}]},{"@type":"ImageObject","inLanguage":"fr-FR","@id":"https:\/\/animaolistic.com\/site\/__trashed\/#primaryimage","url":"https:\/\/animaolistic.com\/site\/wp-content\/uploads\/P1030413-scaled.jpg","contentUrl":"https:\/\/animaolistic.com\/site\/wp-content\/uploads\/P1030413-scaled.jpg","width":2560,"height":1920},{"@type":"BreadcrumbList","@id":"https:\/\/animaolistic.com\/site\/__trashed\/#breadcrumb","itemListElement":[{"@type":"ListItem","position":1,"name":"Accueil","item":"https:\/\/animaolistic.com\/site\/"},{"@type":"ListItem","position":2,"name":"Stages"}]},{"@type":"WebSite","@id":"https:\/\/animaolistic.com\/site\/#website","url":"https:\/\/animaolistic.com\/site\/","name":"AnimaOlistic","description":"Shiatsu et \u00e9nerg\u00e9tique orientale \u00e9quin, animalier et humain","publisher":{"@id":"https:\/\/animaolistic.com\/site\/#organization"},"potentialAction":[{"@type":"SearchAction","target":{"@type":"EntryPoint","urlTemplate":"https:\/\/animaolistic.com\/site\/?s={search_term_string}"},"query-input":{"@type":"PropertyValueSpecification","valueRequired":true,"valueName":"search_term_string"}}],"inLanguage":"fr-FR"},{"@type":"Organization","@id":"https:\/\/animaolistic.com\/site\/#organization","name":"Animaolistic","url":"https:\/\/animaolistic.com\/site\/","logo":{"@type":"ImageObject","inLanguage":"fr-FR","@id":"https:\/\/animaolistic.com\/site\/#\/schema\/logo\/image\/","url":"https:\/\/animaolistic.com\/site\/wp-content\/uploads\/2019\/09\/animaolistic-logo-2.png","contentUrl":"https:\/\/animaolistic.com\/site\/wp-content\/uploads\/2019\/09\/animaolistic-logo-2.png","width":150,"height":150,"caption":"Animaolistic"},"image":{"@id":"https:\/\/animaolistic.com\/site\/#\/schema\/logo\/image\/"},"sameAs":["https:\/\/www.facebook.com\/AnimaOlistic\/","https:\/\/www.instagram.com\/animaolistic\/","https:\/\/fr.linkedin.com\/in\/nathalie-hilaire-12b32592"]}]}},"_links":{"self":[{"href":"https:\/\/animaolistic.com\/site\/wp-json\/wp\/v2\/pages\/2159","targetHints":{"allow":["GET"]}}],"collection":[{"href":"https:\/\/animaolistic.com\/site\/wp-json\/wp\/v2\/pages"}],"about":[{"href":"https:\/\/animaolistic.com\/site\/wp-json\/wp\/v2\/types\/page"}],"author":[{"embeddable":true,"href":"https:\/\/animaolistic.com\/site\/wp-json\/wp\/v2\/users\/2"}],"replies":[{"embeddable":true,"href":"https:\/\/animaolistic.com\/site\/wp-json\/wp\/v2\/comments?post=2159"}],"version-history":[{"count":19,"href":"https:\/\/animaolistic.com\/site\/wp-json\/wp\/v2\/pages\/2159\/revisions"}],"predecessor-version":[{"id":2351,"href":"https:\/\/animaolistic.com\/site\/wp-json\/wp\/v2\/pages\/2159\/revisions\/2351"}],"wp:attachment":[{"href":"https:\/\/animaolistic.com\/site\/wp-json\/wp\/v2\/media?parent=2159"}],"curies":[{"name":"wp","href":"https:\/\/api.w.org\/{rel}","templated":true}]}}