{"id":2175,"date":"2025-02-23T18:09:37","date_gmt":"2025-02-23T17:09:37","guid":{"rendered":"https:\/\/animaolistic.com\/site\/?page_id=2175"},"modified":"2025-05-22T18:30:06","modified_gmt":"2025-05-22T16:30:06","slug":"do-in","status":"publish","type":"page","link":"https:\/\/animaolistic.com\/site\/do-in\/","title":{"rendered":"Do-In"},"content":{"rendered":"\n<div class=\"wp-block-cover is-light\"><span aria-hidden=\"true\" class=\"wp-block-cover__background has-background-dim\" style=\"background-color:#bebeaf\"><\/span><img loading=\"lazy\" decoding=\"async\" width=\"2560\" height=\"1920\" class=\"wp-block-cover__image-background wp-image-2182\" alt=\"\" src=\"https:\/\/animaolistic.com\/site\/wp-content\/uploads\/P1030405-scaled.jpg\" data-object-fit=\"cover\" srcset=\"https:\/\/animaolistic.com\/site\/wp-content\/uploads\/P1030405-scaled.jpg 2560w, https:\/\/animaolistic.com\/site\/wp-content\/uploads\/P1030405-300x225.jpg 300w, https:\/\/animaolistic.com\/site\/wp-content\/uploads\/P1030405-1024x768.jpg 1024w, https:\/\/animaolistic.com\/site\/wp-content\/uploads\/P1030405-768x576.jpg 768w, https:\/\/animaolistic.com\/site\/wp-content\/uploads\/P1030405-1536x1152.jpg 1536w, https:\/\/animaolistic.com\/site\/wp-content\/uploads\/P1030405-2048x1536.jpg 2048w\" sizes=\"auto, (max-width: 2560px) 100vw, 2560px\" \/><div class=\"wp-block-cover__inner-container is-layout-constrained wp-block-cover-is-layout-constrained\">\n<p class=\"has-text-align-center has-large-font-size\">Do-In<\/p>\n<\/div><\/div>\n\n\n\n<h2 class=\"wp-block-heading\">Ateliers Do-In<\/h2>\n\n\n\n<p>\u00a0Le Do-In est une technique japonaise qui a pris ses racines en Chine sous le nom de Dao (la voie) et In (recevoir et assimiler).\u00a0<br>C&rsquo;est une discipline compos\u00e9e d&rsquo;un ensemble de techniques corporelles et mentales, qui se pratique pour soi-m\u00eame et vise une meilleure vitalit\u00e9 par la r\u00e9gulation de la circulation \u00e9nerg\u00e9tique dans le corps.<br>Cette discipline est accessible et facile \u00e0 pratiquer en toutes circonstances, et accompagne les personnes \u00e0 tous les \u00e2ges de la vie.<\/p>\n\n\n\n<p>Le Do-In, ou auto-shiatsu, int\u00e8gre un ensemble de postures, mouvements, \u00e9tirements, acupression, automassages, respiration et relaxation.<br>Contrairement au Shiatsu, le Do-In peut se pratiquer seul, \u00e0 n&rsquo;importe quel moment de la journ\u00e9e ou en compl\u00e9ment d&rsquo;une s\u00e9ance de shiatsu.<\/p>\n\n\n\n<p>Les exercices de Do-In visent \u00e0 stimuler les grandes fonctions du corps : respiration, circulation et digestion en se basant sur les principes fondamentaux de la MTC.<br>Sa pratique permet notamment de :<br>   &#8211; Favoriser le r\u00e9chauffement, la circulation du sang et de l&rsquo;\u00e9nergie<br>   &#8211; Renforcer l&rsquo;\u00e9quilibre et la mobilit\u00e9<br>   &#8211; Tonifier la m\u00e9moire et la concentration<br>   &#8211; Am\u00e9liorer la mobilit\u00e9 des articulations, des mains, des pieds<br>   &#8211; Apaiser le Coeur et l&rsquo;Esprit<br>   &#8211; Am\u00e9liorer l&rsquo;humeur, la qualit\u00e9 du sommeil<br>   &#8211; Acqu\u00e9rir des outils pour la gestion du stress, de la charge mentale et de la fatigue.<br><br>Tout comme le Shiatsu, le Do-In s&rsquo;inscrit dans une vision de pr\u00e9servation de la sant\u00e9 et de la vie tout au long des saisons. <br>Tout blocage dans ce mouvement perp\u00e9tuel entraine l&rsquo;apparition de d\u00e9sordres physiques et\/ou \u00e9motionnels.<\/p>\n\n\n\n<p>Le Do-In est avant tout un art de vivre ! C&rsquo;est une m\u00e9thode d&rsquo;autor\u00e9gulation vertueuse qui permet de guider l&rsquo;\u00e9nergie, de r\u00e9tablir sa circulation afin d&rsquo;entretenir bien-\u00eatre et sant\u00e9.<br><br>Retrouvez les dates des ateliers Do-In en programmation <a href=\"https:\/\/animaolistic.com\/site\/les-tournees-et-deplacements\/\">ici<\/a><\/p>\n\n\n\n<p><\/p>\n","protected":false},"excerpt":{"rendered":"<p>Ateliers Do-In \u00a0Le Do-In est une technique japonaise qui a pris ses racines en Chine sous le nom de Dao (la voie) et In (recevoir et assimiler).\u00a0C&rsquo;est une discipline compos\u00e9e d&rsquo;un ensemble de techniques corporelles et mentales, qui se pratique pour soi-m\u00eame et vise une meilleure vitalit\u00e9 par la r\u00e9gulation de la circulation \u00e9nerg\u00e9tique dans [&hellip;]<\/p>\n","protected":false},"author":2,"featured_media":0,"parent":0,"menu_order":0,"comment_status":"closed","ping_status":"closed","template":"","meta":{"ngg_post_thumbnail":0,"footnotes":""},"class_list":["post-2175","page","type-page","status-publish","hentry"],"yoast_head":"<!-- This site is optimized with the Yoast SEO plugin v24.5 - https:\/\/yoast.com\/wordpress\/plugins\/seo\/ -->\n<title>Do-In &#8211; AnimaOlistic<\/title>\n<meta name=\"robots\" content=\"index, follow, max-snippet:-1, max-image-preview:large, max-video-preview:-1\" \/>\n<link rel=\"canonical\" href=\"https:\/\/animaolistic.com\/site\/do-in\/\" \/>\n<meta property=\"og:locale\" content=\"fr_FR\" \/>\n<meta property=\"og:type\" content=\"article\" \/>\n<meta property=\"og:title\" content=\"Do-In &#8211; AnimaOlistic\" \/>\n<meta property=\"og:description\" content=\"Ateliers Do-In \u00a0Le Do-In est une technique japonaise qui a pris ses racines en Chine sous le nom de Dao (la voie) et In (recevoir et assimiler).\u00a0C&rsquo;est une discipline compos\u00e9e d&rsquo;un ensemble de techniques corporelles et mentales, qui se pratique pour soi-m\u00eame et vise une meilleure vitalit\u00e9 par la r\u00e9gulation de la circulation \u00e9nerg\u00e9tique dans [&hellip;]\" \/>\n<meta property=\"og:url\" content=\"https:\/\/animaolistic.com\/site\/do-in\/\" \/>\n<meta property=\"og:site_name\" content=\"AnimaOlistic\" \/>\n<meta property=\"article:publisher\" content=\"https:\/\/www.facebook.com\/AnimaOlistic\/\" \/>\n<meta property=\"article:modified_time\" content=\"2025-05-22T16:30:06+00:00\" \/>\n<meta property=\"og:image\" content=\"https:\/\/animaolistic.com\/site\/wp-content\/uploads\/P1030405-scaled.jpg\" \/>\n\t<meta property=\"og:image:width\" content=\"2560\" \/>\n\t<meta property=\"og:image:height\" content=\"1920\" \/>\n\t<meta property=\"og:image:type\" content=\"image\/jpeg\" \/>\n<meta name=\"twitter:card\" content=\"summary_large_image\" \/>\n<meta name=\"twitter:label1\" content=\"Dur\u00e9e de lecture estim\u00e9e\" \/>\n\t<meta name=\"twitter:data1\" content=\"2 minutes\" \/>\n<script type=\"application\/ld+json\" class=\"yoast-schema-graph\">{\"@context\":\"https:\/\/schema.org\",\"@graph\":[{\"@type\":\"WebPage\",\"@id\":\"https:\/\/animaolistic.com\/site\/do-in\/\",\"url\":\"https:\/\/animaolistic.com\/site\/do-in\/\",\"name\":\"Do-In &#8211; AnimaOlistic\",\"isPartOf\":{\"@id\":\"https:\/\/animaolistic.com\/site\/#website\"},\"primaryImageOfPage\":{\"@id\":\"https:\/\/animaolistic.com\/site\/do-in\/#primaryimage\"},\"image\":{\"@id\":\"https:\/\/animaolistic.com\/site\/do-in\/#primaryimage\"},\"thumbnailUrl\":\"https:\/\/animaolistic.com\/site\/wp-content\/uploads\/P1030405-scaled.jpg\",\"datePublished\":\"2025-02-23T17:09:37+00:00\",\"dateModified\":\"2025-05-22T16:30:06+00:00\",\"breadcrumb\":{\"@id\":\"https:\/\/animaolistic.com\/site\/do-in\/#breadcrumb\"},\"inLanguage\":\"fr-FR\",\"potentialAction\":[{\"@type\":\"ReadAction\",\"target\":[\"https:\/\/animaolistic.com\/site\/do-in\/\"]}]},{\"@type\":\"ImageObject\",\"inLanguage\":\"fr-FR\",\"@id\":\"https:\/\/animaolistic.com\/site\/do-in\/#primaryimage\",\"url\":\"https:\/\/animaolistic.com\/site\/wp-content\/uploads\/P1030405-scaled.jpg\",\"contentUrl\":\"https:\/\/animaolistic.com\/site\/wp-content\/uploads\/P1030405-scaled.jpg\",\"width\":2560,\"height\":1920},{\"@type\":\"BreadcrumbList\",\"@id\":\"https:\/\/animaolistic.com\/site\/do-in\/#breadcrumb\",\"itemListElement\":[{\"@type\":\"ListItem\",\"position\":1,\"name\":\"Accueil\",\"item\":\"https:\/\/animaolistic.com\/site\/\"},{\"@type\":\"ListItem\",\"position\":2,\"name\":\"Do-In\"}]},{\"@type\":\"WebSite\",\"@id\":\"https:\/\/animaolistic.com\/site\/#website\",\"url\":\"https:\/\/animaolistic.com\/site\/\",\"name\":\"AnimaOlistic\",\"description\":\"Shiatsu et \u00e9nerg\u00e9tique orientale \u00e9quin, animalier et humain\",\"publisher\":{\"@id\":\"https:\/\/animaolistic.com\/site\/#organization\"},\"potentialAction\":[{\"@type\":\"SearchAction\",\"target\":{\"@type\":\"EntryPoint\",\"urlTemplate\":\"https:\/\/animaolistic.com\/site\/?s={search_term_string}\"},\"query-input\":{\"@type\":\"PropertyValueSpecification\",\"valueRequired\":true,\"valueName\":\"search_term_string\"}}],\"inLanguage\":\"fr-FR\"},{\"@type\":\"Organization\",\"@id\":\"https:\/\/animaolistic.com\/site\/#organization\",\"name\":\"Animaolistic\",\"url\":\"https:\/\/animaolistic.com\/site\/\",\"logo\":{\"@type\":\"ImageObject\",\"inLanguage\":\"fr-FR\",\"@id\":\"https:\/\/animaolistic.com\/site\/#\/schema\/logo\/image\/\",\"url\":\"https:\/\/animaolistic.com\/site\/wp-content\/uploads\/2019\/09\/animaolistic-logo-2.png\",\"contentUrl\":\"https:\/\/animaolistic.com\/site\/wp-content\/uploads\/2019\/09\/animaolistic-logo-2.png\",\"width\":150,\"height\":150,\"caption\":\"Animaolistic\"},\"image\":{\"@id\":\"https:\/\/animaolistic.com\/site\/#\/schema\/logo\/image\/\"},\"sameAs\":[\"https:\/\/www.facebook.com\/AnimaOlistic\/\",\"https:\/\/www.instagram.com\/animaolistic\/\",\"https:\/\/fr.linkedin.com\/in\/nathalie-hilaire-12b32592\"]}]}<\/script>\n<!-- \/ Yoast SEO plugin. -->","yoast_head_json":{"title":"Do-In &#8211; AnimaOlistic","robots":{"index":"index","follow":"follow","max-snippet":"max-snippet:-1","max-image-preview":"max-image-preview:large","max-video-preview":"max-video-preview:-1"},"canonical":"https:\/\/animaolistic.com\/site\/do-in\/","og_locale":"fr_FR","og_type":"article","og_title":"Do-In &#8211; AnimaOlistic","og_description":"Ateliers Do-In \u00a0Le Do-In est une technique japonaise qui a pris ses racines en Chine sous le nom de Dao (la voie) et In (recevoir et assimiler).\u00a0C&rsquo;est une discipline compos\u00e9e d&rsquo;un ensemble de techniques corporelles et mentales, qui se pratique pour soi-m\u00eame et vise une meilleure vitalit\u00e9 par la r\u00e9gulation de la circulation \u00e9nerg\u00e9tique dans [&hellip;]","og_url":"https:\/\/animaolistic.com\/site\/do-in\/","og_site_name":"AnimaOlistic","article_publisher":"https:\/\/www.facebook.com\/AnimaOlistic\/","article_modified_time":"2025-05-22T16:30:06+00:00","og_image":[{"width":2560,"height":1920,"url":"https:\/\/animaolistic.com\/site\/wp-content\/uploads\/P1030405-scaled.jpg","type":"image\/jpeg"}],"twitter_card":"summary_large_image","twitter_misc":{"Dur\u00e9e de lecture estim\u00e9e":"2 minutes"},"schema":{"@context":"https:\/\/schema.org","@graph":[{"@type":"WebPage","@id":"https:\/\/animaolistic.com\/site\/do-in\/","url":"https:\/\/animaolistic.com\/site\/do-in\/","name":"Do-In &#8211; AnimaOlistic","isPartOf":{"@id":"https:\/\/animaolistic.com\/site\/#website"},"primaryImageOfPage":{"@id":"https:\/\/animaolistic.com\/site\/do-in\/#primaryimage"},"image":{"@id":"https:\/\/animaolistic.com\/site\/do-in\/#primaryimage"},"thumbnailUrl":"https:\/\/animaolistic.com\/site\/wp-content\/uploads\/P1030405-scaled.jpg","datePublished":"2025-02-23T17:09:37+00:00","dateModified":"2025-05-22T16:30:06+00:00","breadcrumb":{"@id":"https:\/\/animaolistic.com\/site\/do-in\/#breadcrumb"},"inLanguage":"fr-FR","potentialAction":[{"@type":"ReadAction","target":["https:\/\/animaolistic.com\/site\/do-in\/"]}]},{"@type":"ImageObject","inLanguage":"fr-FR","@id":"https:\/\/animaolistic.com\/site\/do-in\/#primaryimage","url":"https:\/\/animaolistic.com\/site\/wp-content\/uploads\/P1030405-scaled.jpg","contentUrl":"https:\/\/animaolistic.com\/site\/wp-content\/uploads\/P1030405-scaled.jpg","width":2560,"height":1920},{"@type":"BreadcrumbList","@id":"https:\/\/animaolistic.com\/site\/do-in\/#breadcrumb","itemListElement":[{"@type":"ListItem","position":1,"name":"Accueil","item":"https:\/\/animaolistic.com\/site\/"},{"@type":"ListItem","position":2,"name":"Do-In"}]},{"@type":"WebSite","@id":"https:\/\/animaolistic.com\/site\/#website","url":"https:\/\/animaolistic.com\/site\/","name":"AnimaOlistic","description":"Shiatsu et \u00e9nerg\u00e9tique orientale \u00e9quin, animalier et humain","publisher":{"@id":"https:\/\/animaolistic.com\/site\/#organization"},"potentialAction":[{"@type":"SearchAction","target":{"@type":"EntryPoint","urlTemplate":"https:\/\/animaolistic.com\/site\/?s={search_term_string}"},"query-input":{"@type":"PropertyValueSpecification","valueRequired":true,"valueName":"search_term_string"}}],"inLanguage":"fr-FR"},{"@type":"Organization","@id":"https:\/\/animaolistic.com\/site\/#organization","name":"Animaolistic","url":"https:\/\/animaolistic.com\/site\/","logo":{"@type":"ImageObject","inLanguage":"fr-FR","@id":"https:\/\/animaolistic.com\/site\/#\/schema\/logo\/image\/","url":"https:\/\/animaolistic.com\/site\/wp-content\/uploads\/2019\/09\/animaolistic-logo-2.png","contentUrl":"https:\/\/animaolistic.com\/site\/wp-content\/uploads\/2019\/09\/animaolistic-logo-2.png","width":150,"height":150,"caption":"Animaolistic"},"image":{"@id":"https:\/\/animaolistic.com\/site\/#\/schema\/logo\/image\/"},"sameAs":["https:\/\/www.facebook.com\/AnimaOlistic\/","https:\/\/www.instagram.com\/animaolistic\/","https:\/\/fr.linkedin.com\/in\/nathalie-hilaire-12b32592"]}]}},"_links":{"self":[{"href":"https:\/\/animaolistic.com\/site\/wp-json\/wp\/v2\/pages\/2175","targetHints":{"allow":["GET"]}}],"collection":[{"href":"https:\/\/animaolistic.com\/site\/wp-json\/wp\/v2\/pages"}],"about":[{"href":"https:\/\/animaolistic.com\/site\/wp-json\/wp\/v2\/types\/page"}],"author":[{"embeddable":true,"href":"https:\/\/animaolistic.com\/site\/wp-json\/wp\/v2\/users\/2"}],"replies":[{"embeddable":true,"href":"https:\/\/animaolistic.com\/site\/wp-json\/wp\/v2\/comments?post=2175"}],"version-history":[{"count":5,"href":"https:\/\/animaolistic.com\/site\/wp-json\/wp\/v2\/pages\/2175\/revisions"}],"predecessor-version":[{"id":2296,"href":"https:\/\/animaolistic.com\/site\/wp-json\/wp\/v2\/pages\/2175\/revisions\/2296"}],"wp:attachment":[{"href":"https:\/\/animaolistic.com\/site\/wp-json\/wp\/v2\/media?parent=2175"}],"curies":[{"name":"wp","href":"https:\/\/api.w.org\/{rel}","templated":true}]}}