{"id":257,"date":"2019-09-29T16:31:56","date_gmt":"2019-09-29T14:31:56","guid":{"rendered":"https:\/\/animolistic.com\/chantier\/?page_id=257"},"modified":"2025-02-24T17:15:37","modified_gmt":"2025-02-24T16:15:37","slug":"code-de-deontologie-du-praticien","status":"publish","type":"page","link":"https:\/\/animaolistic.com\/site\/code-de-deontologie-du-praticien\/","title":{"rendered":"Code de d\u00e9ontologie du praticien"},"content":{"rendered":"\n<p><strong>Tout membre du syndicat des praticiens Shiatsu s\u2019engage, d\u00e8s son inscription, au respect du code de d\u00e9ontologie conforme \u00e0 l\u2019esprit du Shiatsu.<\/strong><\/p>\n\n\n\n<p><em>En cons\u00e9quence il s\u2019engage sur l\u2019honneur \u00e0 :<\/em><\/p>\n\n\n\n<ul class=\"wp-block-list\">\n<li>Conna\u00eetre, comprendre, et mettre en pratique ce code,<\/li>\n\n\n\n<li>Traiter les clients et animaux avec dignit\u00e9, respect, consid\u00e9ration et professionnalisme,<\/li>\n\n\n\n<li>Expliquer clairement la nature et proc\u00e9dures des techniques utilis\u00e9es ainsi que les modalit\u00e9s,<\/li>\n\n\n\n<li>Ne tenir aucun propos, ni \u00e9mettre de garantie qui pourrait pr\u00eater \u00e0 confusion sur les effets apport\u00e9s par le shiatsu,<\/li>\n\n\n\n<li>Toujours garantir une prestation optimale, notamment en maintenant ses comp\u00e9tences au plus haut niveau a l\u2019aide de stages et formations compl\u00e9mentaires tout au long de sa carri\u00e8re,<\/li>\n\n\n\n<li>\u00c9viter tout acte compromettant la sant\u00e9 ou le bien-\u00eatre d\u2019un animal ou d\u2019une personne,<\/li>\n\n\n\n<li>Respecter une stricte confidentialit\u00e9, il ne peut en \u00eatre relev\u00e9 qu\u2019avec l\u2019autorisation du client,<\/li>\n\n\n\n<li>Respecter la l\u00e9gislation en vigueur,<\/li>\n\n\n\n<li>Avoir une Responsabilit\u00e9 Civile.<\/li>\n<\/ul>\n\n\n\n<p><strong>Seul un praticien professionnel certifi\u00e9, immatricul\u00e9 et \u00e0 jour de son assurance est en droit de demander des honoraires.<\/strong><\/p>\n\n\n\n<p>Le shiatsu n\u2019est pas une pratique m\u00e9dicale au sens occidental du terme, ni un massage, ni de l&rsquo;ost\u00e9opathie, ni une id\u00e9ologie.<br>Le Shiatsu ne constitue pas un moyen de pr\u00e9vention ni de d\u00e9pistage d\u2019une maladie. II ne permet ni l\u2019\u00e9tablissement, ni le traitement d\u2019une maladie.<\/p>\n\n\n\n<p><em>En cons\u00e9quence le praticien s\u2019engage \u00e0 :<\/em><\/p>\n\n\n\n<ul class=\"wp-block-list\">\n<li>Ne pas \u00e9tablir de diagnostic,<\/li>\n\n\n\n<li>Ne pas prescrire ou conseiller des m\u00e9dicaments,<\/li>\n\n\n\n<li>Ne pas interrompre ou modifier un traitement m\u00e9dical ou v\u00e9t\u00e9rinaire,<\/li>\n\n\n\n<li>Ne pas critiquer les avis, conseils, diagnostics, prescriptions de professionnels de la sant\u00e9.<\/li>\n\n\n\n<li>Collaborer avec les professionnels de la sant\u00e9,<\/li>\n\n\n\n<li>Tenir compte de ses limites d\u2019aptitudes, de connaissances et de comp\u00e9tences, des limites imparties par la loi et r\u00e9f\u00e9rer au moindre doute vers un professionnel de la sant\u00e9 (m\u00e9decin, v\u00e9t\u00e9rinaire, dentiste, mar\u00e9chal-ferrant,\u2026).<\/li>\n<\/ul>\n\n\n\n<p><em>Afin de respecter l\u2019esprit du Shiatsu le praticien s\u2019engage :<\/em><\/p>\n\n\n\n<ul class=\"wp-block-list\">\n<li>A la confidentialit\u00e9 entre praticiens,<\/li>\n\n\n\n<li> En aucune fa\u00e7on nuire \u00e0 la r\u00e9putation d\u2019un autre praticien ayant adh\u00e9r\u00e9 et respect\u00e9 ce code,<\/li>\n\n\n\n<li> Collaborer en toute intelligence avec un autre praticien,<\/li>\n\n\n\n<li> Ne pas remettre en cause la bonne foi d\u2019un autre praticien,<\/li>\n\n\n\n<li> Ne pas user de concurrence ou proc\u00e9d\u00e9 d\u00e9loyal.<\/li>\n<\/ul>\n\n\n\n<p><\/p>\n\n\n\n<p><strong>Adh\u00e9rente <a href=\"https:\/\/syndicatshiatsuequin.fr\/\">Syndicat des Praticiens en Shiatsu \u00c9quin &amp; Animalier<\/a><\/strong><br><strong>Adh\u00e9rente <a href=\"http:\/\/ffst.fr\/\">F\u00e9d\u00e9ration Fran\u00e7aise de Shiatsu Traditionnel<\/a><\/strong><\/p>\n\n\n\nngg_shortcode_0_placeholder\n","protected":false},"excerpt":{"rendered":"<p>Tout membre du syndicat des praticiens Shiatsu s\u2019engage, d\u00e8s son inscription, au respect du code de d\u00e9ontologie conforme \u00e0 l\u2019esprit du Shiatsu. En cons\u00e9quence il s\u2019engage sur l\u2019honneur \u00e0 : Seul un praticien professionnel certifi\u00e9, immatricul\u00e9 et \u00e0 jour de son assurance est en droit de demander des honoraires. Le shiatsu n\u2019est pas une pratique [&hellip;]<\/p>\n","protected":false},"author":2,"featured_media":0,"parent":0,"menu_order":0,"comment_status":"closed","ping_status":"closed","template":"","meta":{"ngg_post_thumbnail":0,"footnotes":""},"class_list":["post-257","page","type-page","status-publish","hentry"],"yoast_head":"<!-- This site is optimized with the Yoast SEO plugin v24.5 - https:\/\/yoast.com\/wordpress\/plugins\/seo\/ -->\n<title>Code de d\u00e9ontologie du praticien &#8211; AnimaOlistic<\/title>\n<meta name=\"robots\" content=\"index, follow, max-snippet:-1, max-image-preview:large, max-video-preview:-1\" \/>\n<link rel=\"canonical\" href=\"https:\/\/animaolistic.com\/site\/code-de-deontologie-du-praticien\/\" \/>\n<meta property=\"og:locale\" content=\"fr_FR\" \/>\n<meta property=\"og:type\" content=\"article\" \/>\n<meta property=\"og:title\" content=\"Code de d\u00e9ontologie du praticien &#8211; AnimaOlistic\" \/>\n<meta property=\"og:description\" content=\"Tout membre du syndicat des praticiens Shiatsu s\u2019engage, d\u00e8s son inscription, au respect du code de d\u00e9ontologie conforme \u00e0 l\u2019esprit du Shiatsu. En cons\u00e9quence il s\u2019engage sur l\u2019honneur \u00e0 : Seul un praticien professionnel certifi\u00e9, immatricul\u00e9 et \u00e0 jour de son assurance est en droit de demander des honoraires. Le shiatsu n\u2019est pas une pratique [&hellip;]\" \/>\n<meta property=\"og:url\" content=\"https:\/\/animaolistic.com\/site\/code-de-deontologie-du-praticien\/\" \/>\n<meta property=\"og:site_name\" content=\"AnimaOlistic\" \/>\n<meta property=\"article:publisher\" content=\"https:\/\/www.facebook.com\/AnimaOlistic\/\" \/>\n<meta property=\"article:modified_time\" content=\"2025-02-24T16:15:37+00:00\" \/>\n<meta name=\"twitter:card\" content=\"summary_large_image\" \/>\n<meta name=\"twitter:label1\" content=\"Dur\u00e9e de lecture estim\u00e9e\" \/>\n\t<meta name=\"twitter:data1\" content=\"2 minutes\" \/>\n<script type=\"application\/ld+json\" class=\"yoast-schema-graph\">{\"@context\":\"https:\/\/schema.org\",\"@graph\":[{\"@type\":\"WebPage\",\"@id\":\"https:\/\/animaolistic.com\/site\/code-de-deontologie-du-praticien\/\",\"url\":\"https:\/\/animaolistic.com\/site\/code-de-deontologie-du-praticien\/\",\"name\":\"Code de d\u00e9ontologie du praticien &#8211; AnimaOlistic\",\"isPartOf\":{\"@id\":\"https:\/\/animaolistic.com\/site\/#website\"},\"datePublished\":\"2019-09-29T14:31:56+00:00\",\"dateModified\":\"2025-02-24T16:15:37+00:00\",\"breadcrumb\":{\"@id\":\"https:\/\/animaolistic.com\/site\/code-de-deontologie-du-praticien\/#breadcrumb\"},\"inLanguage\":\"fr-FR\",\"potentialAction\":[{\"@type\":\"ReadAction\",\"target\":[\"https:\/\/animaolistic.com\/site\/code-de-deontologie-du-praticien\/\"]}]},{\"@type\":\"BreadcrumbList\",\"@id\":\"https:\/\/animaolistic.com\/site\/code-de-deontologie-du-praticien\/#breadcrumb\",\"itemListElement\":[{\"@type\":\"ListItem\",\"position\":1,\"name\":\"Accueil\",\"item\":\"https:\/\/animaolistic.com\/site\/\"},{\"@type\":\"ListItem\",\"position\":2,\"name\":\"Code de d\u00e9ontologie du praticien\"}]},{\"@type\":\"WebSite\",\"@id\":\"https:\/\/animaolistic.com\/site\/#website\",\"url\":\"https:\/\/animaolistic.com\/site\/\",\"name\":\"AnimaOlistic\",\"description\":\"Shiatsu et \u00e9nerg\u00e9tique orientale \u00e9quin, animalier et humain\",\"publisher\":{\"@id\":\"https:\/\/animaolistic.com\/site\/#organization\"},\"potentialAction\":[{\"@type\":\"SearchAction\",\"target\":{\"@type\":\"EntryPoint\",\"urlTemplate\":\"https:\/\/animaolistic.com\/site\/?s={search_term_string}\"},\"query-input\":{\"@type\":\"PropertyValueSpecification\",\"valueRequired\":true,\"valueName\":\"search_term_string\"}}],\"inLanguage\":\"fr-FR\"},{\"@type\":\"Organization\",\"@id\":\"https:\/\/animaolistic.com\/site\/#organization\",\"name\":\"Animaolistic\",\"url\":\"https:\/\/animaolistic.com\/site\/\",\"logo\":{\"@type\":\"ImageObject\",\"inLanguage\":\"fr-FR\",\"@id\":\"https:\/\/animaolistic.com\/site\/#\/schema\/logo\/image\/\",\"url\":\"https:\/\/animaolistic.com\/site\/wp-content\/uploads\/2019\/09\/animaolistic-logo-2.png\",\"contentUrl\":\"https:\/\/animaolistic.com\/site\/wp-content\/uploads\/2019\/09\/animaolistic-logo-2.png\",\"width\":150,\"height\":150,\"caption\":\"Animaolistic\"},\"image\":{\"@id\":\"https:\/\/animaolistic.com\/site\/#\/schema\/logo\/image\/\"},\"sameAs\":[\"https:\/\/www.facebook.com\/AnimaOlistic\/\",\"https:\/\/www.instagram.com\/animaolistic\/\",\"https:\/\/fr.linkedin.com\/in\/nathalie-hilaire-12b32592\"]}]}<\/script>\n<!-- \/ Yoast SEO plugin. -->","yoast_head_json":{"title":"Code de d\u00e9ontologie du praticien &#8211; AnimaOlistic","robots":{"index":"index","follow":"follow","max-snippet":"max-snippet:-1","max-image-preview":"max-image-preview:large","max-video-preview":"max-video-preview:-1"},"canonical":"https:\/\/animaolistic.com\/site\/code-de-deontologie-du-praticien\/","og_locale":"fr_FR","og_type":"article","og_title":"Code de d\u00e9ontologie du praticien &#8211; AnimaOlistic","og_description":"Tout membre du syndicat des praticiens Shiatsu s\u2019engage, d\u00e8s son inscription, au respect du code de d\u00e9ontologie conforme \u00e0 l\u2019esprit du Shiatsu. En cons\u00e9quence il s\u2019engage sur l\u2019honneur \u00e0 : Seul un praticien professionnel certifi\u00e9, immatricul\u00e9 et \u00e0 jour de son assurance est en droit de demander des honoraires. Le shiatsu n\u2019est pas une pratique [&hellip;]","og_url":"https:\/\/animaolistic.com\/site\/code-de-deontologie-du-praticien\/","og_site_name":"AnimaOlistic","article_publisher":"https:\/\/www.facebook.com\/AnimaOlistic\/","article_modified_time":"2025-02-24T16:15:37+00:00","twitter_card":"summary_large_image","twitter_misc":{"Dur\u00e9e de lecture estim\u00e9e":"2 minutes"},"schema":{"@context":"https:\/\/schema.org","@graph":[{"@type":"WebPage","@id":"https:\/\/animaolistic.com\/site\/code-de-deontologie-du-praticien\/","url":"https:\/\/animaolistic.com\/site\/code-de-deontologie-du-praticien\/","name":"Code de d\u00e9ontologie du praticien &#8211; AnimaOlistic","isPartOf":{"@id":"https:\/\/animaolistic.com\/site\/#website"},"datePublished":"2019-09-29T14:31:56+00:00","dateModified":"2025-02-24T16:15:37+00:00","breadcrumb":{"@id":"https:\/\/animaolistic.com\/site\/code-de-deontologie-du-praticien\/#breadcrumb"},"inLanguage":"fr-FR","potentialAction":[{"@type":"ReadAction","target":["https:\/\/animaolistic.com\/site\/code-de-deontologie-du-praticien\/"]}]},{"@type":"BreadcrumbList","@id":"https:\/\/animaolistic.com\/site\/code-de-deontologie-du-praticien\/#breadcrumb","itemListElement":[{"@type":"ListItem","position":1,"name":"Accueil","item":"https:\/\/animaolistic.com\/site\/"},{"@type":"ListItem","position":2,"name":"Code de d\u00e9ontologie du praticien"}]},{"@type":"WebSite","@id":"https:\/\/animaolistic.com\/site\/#website","url":"https:\/\/animaolistic.com\/site\/","name":"AnimaOlistic","description":"Shiatsu et \u00e9nerg\u00e9tique orientale \u00e9quin, animalier et humain","publisher":{"@id":"https:\/\/animaolistic.com\/site\/#organization"},"potentialAction":[{"@type":"SearchAction","target":{"@type":"EntryPoint","urlTemplate":"https:\/\/animaolistic.com\/site\/?s={search_term_string}"},"query-input":{"@type":"PropertyValueSpecification","valueRequired":true,"valueName":"search_term_string"}}],"inLanguage":"fr-FR"},{"@type":"Organization","@id":"https:\/\/animaolistic.com\/site\/#organization","name":"Animaolistic","url":"https:\/\/animaolistic.com\/site\/","logo":{"@type":"ImageObject","inLanguage":"fr-FR","@id":"https:\/\/animaolistic.com\/site\/#\/schema\/logo\/image\/","url":"https:\/\/animaolistic.com\/site\/wp-content\/uploads\/2019\/09\/animaolistic-logo-2.png","contentUrl":"https:\/\/animaolistic.com\/site\/wp-content\/uploads\/2019\/09\/animaolistic-logo-2.png","width":150,"height":150,"caption":"Animaolistic"},"image":{"@id":"https:\/\/animaolistic.com\/site\/#\/schema\/logo\/image\/"},"sameAs":["https:\/\/www.facebook.com\/AnimaOlistic\/","https:\/\/www.instagram.com\/animaolistic\/","https:\/\/fr.linkedin.com\/in\/nathalie-hilaire-12b32592"]}]}},"_links":{"self":[{"href":"https:\/\/animaolistic.com\/site\/wp-json\/wp\/v2\/pages\/257","targetHints":{"allow":["GET"]}}],"collection":[{"href":"https:\/\/animaolistic.com\/site\/wp-json\/wp\/v2\/pages"}],"about":[{"href":"https:\/\/animaolistic.com\/site\/wp-json\/wp\/v2\/types\/page"}],"author":[{"embeddable":true,"href":"https:\/\/animaolistic.com\/site\/wp-json\/wp\/v2\/users\/2"}],"replies":[{"embeddable":true,"href":"https:\/\/animaolistic.com\/site\/wp-json\/wp\/v2\/comments?post=257"}],"version-history":[{"count":13,"href":"https:\/\/animaolistic.com\/site\/wp-json\/wp\/v2\/pages\/257\/revisions"}],"predecessor-version":[{"id":2213,"href":"https:\/\/animaolistic.com\/site\/wp-json\/wp\/v2\/pages\/257\/revisions\/2213"}],"wp:attachment":[{"href":"https:\/\/animaolistic.com\/site\/wp-json\/wp\/v2\/media?parent=257"}],"curies":[{"name":"wp","href":"https:\/\/api.w.org\/{rel}","templated":true}]}}