{"id":303,"date":"2019-10-13T16:34:50","date_gmt":"2019-10-13T14:34:50","guid":{"rendered":"https:\/\/animolistic.com\/chantier\/?page_id=303"},"modified":"2024-02-27T17:42:02","modified_gmt":"2024-02-27T16:42:02","slug":"autres-soins-energetiques","status":"publish","type":"page","link":"https:\/\/animaolistic.com\/site\/autres-soins-energetiques\/","title":{"rendered":"Aromatologie"},"content":{"rendered":"\n<div class=\"wp-block-cover is-light\"><span aria-hidden=\"true\" class=\"wp-block-cover__background has-background-dim\"><\/span><img loading=\"lazy\" decoding=\"async\" width=\"1000\" height=\"430\" class=\"wp-block-cover__image-background wp-image-310\" alt=\"\" src=\"https:\/\/animolistic.com\/site\/wp-content\/uploads\/2019\/10\/illustration-autressoinsenergetiques.jpg\" data-object-fit=\"cover\" srcset=\"https:\/\/animaolistic.com\/site\/wp-content\/uploads\/2019\/10\/illustration-autressoinsenergetiques.jpg 1000w, https:\/\/animaolistic.com\/site\/wp-content\/uploads\/2019\/10\/illustration-autressoinsenergetiques-300x129.jpg 300w, https:\/\/animaolistic.com\/site\/wp-content\/uploads\/2019\/10\/illustration-autressoinsenergetiques-768x330.jpg 768w\" sizes=\"auto, (max-width: 1000px) 100vw, 1000px\" \/><div class=\"wp-block-cover__inner-container is-layout-flow wp-block-cover-is-layout-flow\">\n<p class=\"has-text-align-center has-large-font-size\">Aromatologie<\/p>\n<\/div><\/div>\n\n\n\n<blockquote class=\"wp-block-quote is-layout-flow wp-block-quote-is-layout-flow\">\n<p><em>\u00ab&nbsp;Le monde est constitu\u00e9 d&rsquo;\u00e9l\u00e9ments invisibles et subtils que nous ne pouvons percevoir qu&rsquo;avec notre coeur ou notre intuition.&nbsp;\u00bb<\/em><\/p>\n<cite>Fr\u00e9d\u00e9ric Lenoir<\/cite><\/blockquote>\n\n\n\n<h2 class=\"wp-block-heading\">Aromath\u00e9rapie et \u00e9nerg\u00e9tique<\/h2>\n\n\n\n<p>Consid\u00e9r\u00e9es par les civilisations ant\u00e9rieures comme \u00ab&nbsp;l\u2019\u00e2me et l\u2019esprit des plantes&nbsp;\u00bb, les huiles essentielles \u00e9taient per\u00e7ues par le pass\u00e9 comme \u00e9minemment pr\u00e9cieuses. Autrefois, seuls les chamans, les pr\u00eatres-m\u00e9decins et les nobles avaient le droit de les employer.<\/p>\n\n\n\n<p>On peut aborder l\u2019aromath\u00e9rapie comme un <strong>simple outil phyto-allopathique<\/strong> \u00e0 base de biochimie et d\u2019aromatogramme ou comme <strong>un outil de d\u00e9veloppement holistique<\/strong> bas\u00e9 sur la connaissance des chakras et de l\u2019\u00e9nerg\u00e9tique.<br>Certaines \u00e9coles d\u2019aromath\u00e9rapie, en particulier issues du monde anglo-saxon, sont moins rigoureuses que celles d\u2019approche m\u00e9dico-scientifique de l\u2019\u00e9cole fran\u00e7aise, qui passe bien souvent sous silence l\u2019aspect global de la plante et son c\u00f4t\u00e9 vibratoire. <br>Ces \u00e9coles consid\u00e8rent avant tout <strong>l\u2019aromath\u00e9rapie comme une th\u00e9rapie \u00e9nerg\u00e9tique<\/strong> et emploient les huiles essentielles en les associant aux <strong>sens olfactif ou tactile<\/strong>.<br>Ces deux approches ne sont pas forc\u00e9ment antagonistes et peuvent au contraire se combiner avantageusement.<\/p>\n\n\n\n<p>Les huiles essentielles n\u2019ont pas seulement un effet sur le corps physique. Elles ont aussi une action sur notre <strong>syst\u00e8me hormonal<\/strong> et agissent sur <strong>notre \u00e9tat psycho-\u00e9motionnel et spirituel<\/strong>, sur nos sens, nos corps subtils et les centres \u00e9nerg\u00e9tiques que sont les chakras et les points d\u2019acupuncture.<\/p>\n\n\n\n<p>Enracin\u00e9es dans la terre, les plantes aromatiques auraient parfois besoin, pour se maintenir en vie, de se d\u00e9placer dans un endroit plus riche en \u00e9l\u00e9ments nutritifs mais elles ne le peuvent pas. Aussi se servent-elles de leurs essences <strong>comme r\u00e9serves d\u2019\u00e9nergie<\/strong> dans lesquelles puiser en cas de changements climatiques.<br>De m\u00eame, les plantes ne peuvent pas fuir les agressions qui se pr\u00e9sentent \u00e0 elles, mais elles peuvent en revanche faire fuir leurs agresseurs. Les plantes aromatiques utilisent leurs essences pour se <strong>prot\u00e9ger d\u2019attaques microbiennes<\/strong>, les mol\u00e9cules aromatiques font partie de leurs d\u00e9fenses.<br>Enfin, les plantes aromatiques se servent de leurs essences <strong>pour communiquer<\/strong>. Lorsqu\u2019elles per\u00e7oivent la pr\u00e9sence de micro-organismes n\u00e9fastes \u00e0 leur survie, elles envoient des messages d\u2019alerte aux plantes voisines. Ainsi, la premi\u00e8re plante touch\u00e9e communique avec les plantes environnantes en produisant des mol\u00e9cules aromatiques qui fonctionnent suivant le principe <strong>des ph\u00e9romones<\/strong>. Par la diffusion de ces phyto-ph\u00e9romones, la plante informe ses cong\u00e9n\u00e8res du danger et leur signale qu\u2019il est temps de s\u00e9cr\u00e9ter tel principe chimique pour se d\u00e9fendre contre l\u2019agression.<br>Si l\u2019on poursuit cette vision anthropomorphique des plantes aromatiques pour \u00e9lucider l\u2019utilit\u00e9 des essences pour l\u2019homme, nous ne pouvons ignorer <strong>l\u2019analogie entre ce syst\u00e8me de communication aromatique et le syst\u00e8me endocrinien hormonal<\/strong> qui r\u00e9git le bon fonctionnement de l\u2019organisme humain et animal.<br>Si les plantes aromatiques savent repousser les \u00e9l\u00e9ments de leur environnement, elles savent aussi les attirer. Elles se servent de leurs essences aromatiques <strong>pour attirer<\/strong> les insectes et assurer leur f\u00e9condation.<br>Cet \u00e9change vital entre insectes et plantes nous conduit \u00e0 concevoir l\u2019effet b\u00e9n\u00e9fique qu\u2019exercent les parfums des fleurs et les essences sur <strong>l\u2019\u00e9quilibre nerveux et le bien-\u00eatre g\u00e9n\u00e9ral <\/strong>de l\u2019\u00eatre.<br>En effet, le sens de l\u2019odorat est directement li\u00e9 \u00e0 cette partie pr\u00e9cieuse du cerveau qui est le si\u00e8ge des \u00e9motions et de la m\u00e9moire.<\/p>\n\n\n\n<p>La premi\u00e8re condition de notre vie est <strong>le souffle<\/strong>. Par le premier souffle nous commen\u00e7ons notre vie terrestre, par le dernier souffle nous quittons mat\u00e9riellement la vie terrestre. Entre cette premi\u00e8re inspiration et l\u2019expiration derni\u00e8re, notre diaphragme et nos c\u00f4tes auront rythmiquement accompagn\u00e9 chaque instant de notre vie, <strong>en lien \u00e9troit avec notre c\u0153ur<\/strong>.<br>Les huiles essentielles poss\u00e8dent une aptitude \u00e0 aider la fonction respiratoire \u00e0 nulle autre pareille, du fait de la connexion entre la cage thoracique et le nez. Qui parle de nez parle d\u2019olfaction. <br>Si une odeur nous agresse, par r\u00e9flexe de protection nous allons modifier notre souffle et le restreindre. Si une odeur nous attire, nous allons amplifier notre souffle, ouvrir en grand notre cage thoracique et par l\u00e0 m\u00eame aussi notre c\u0153ur, car cette senteur nous touche et nous \u00e9meut.<br>On se rend ainsi compte de cet extraordinaire <strong>lien indissociable&nbsp;: nez \u2013 olfaction \u2013 respiration \u2013 \u00e9motion.<\/strong><\/p>\n\n\n\n<h2 class=\"wp-block-heading\">Aromath\u00e9rapie et aromatologie<\/h2>\n\n\n\n<p>Le souhait d&rsquo;aborder tout \u00eatre vivant dans sa globalit\u00e9 \u00ab&nbsp;corps-esprit&nbsp;\u00bb m\u2019a progressivement conduite au d\u00e9sir de <strong>combiner le syst\u00e8me \u00e9nerg\u00e9tique des chakras<\/strong> (utilis\u00e9 en <a href=\"\/site\/le-reiki\/\">Re\u00efki<\/a>) et celui de<strong> l&rsquo;\u00e9nerg\u00e9tique chinoise<\/strong>, ce travail de recherches ayant fait l\u2019objet de mon m\u00e9moire de fin de cycle de praticien <a href=\"\/site\/le-shiatsu\/\">shiatsu<\/a>.<\/p>\n\n\n\n<p>La science a progressivement prouv\u00e9 l\u2019existence d\u2019\u00e9nergies subtiles utilis\u00e9es par les th\u00e9rapeutes. Chaque chakra a un lien avec le corps physique, comme un point \u00e9nerg\u00e9tique tsubo. On peut dire que chaque point tsubo sur la surface du corps repr\u00e9sente un \u00ab&nbsp;mini-chakra&nbsp;\u00bb et r\u00e9sonne \u00e0 une fr\u00e9quence particuli\u00e8re. Chaque aspect physique d\u2019un chakra repr\u00e9sente un m\u00e9ridien et poss\u00e8de ses propres points cl\u00e9s. <br>En stimulant ces points, on peut influencer le flux de l&rsquo;\u00e9nergie dans le corps, qui active \u00e0 son tour les autres aspects du chakra d\u2019une mani\u00e8re subtile.<br>Tout comme les corps \u00e9th\u00e9rique, \u00e9motionnel, mental et l\u2019aura peuvent influencer le corps physique, la stimulation de l\u2019aspect physique des chakras peut influer sur le plan \u00e9th\u00e9rique et les autres corps subtils.<br>Chaque chakra majeur est li\u00e9 \u00e0 un, deux ou trois m\u00e9ridiens comprenant les huit Merveilleux Vaisseaux.<\/p>\n\n\n\n<p><strong>L\u2019aromatologie permet d&rsquo;associer cette connaissance de l\u2019\u00e2me des plantes et des huiles essentielles \u00e0 la science des chakras et des corps subtils<\/strong>, ainsi qu\u2019\u00e0 toutes les fonctions sensorielles, en premier lieu les sens olfactif et tactile. Cette science cherche \u00e0 d\u00e9terminer les effets des odeurs sur les comportements afin de g\u00e9rer troubles et dysfonctionnements et procurer \u00e0 l\u2019ensemble de l\u2019organisme une sensation de bien-\u00eatre physique et psychique. <br>En appliquant des huiles essentielles sur les points tsubos ou les chakras, ou en les proposant en olfaction, elles agissent au niveau de notre <strong>\u00e9quilibre psycho-\u00e9motionnel et physique<\/strong>. Elles peuvent ainsi influencer subtilement et efficacement le fonctionnement de notre physiologie et de notre psychisme.<\/p>\n\n\n\n<p><\/p>\n","protected":false},"excerpt":{"rendered":"<p>\u00ab&nbsp;Le monde est constitu\u00e9 d&rsquo;\u00e9l\u00e9ments invisibles et subtils que nous ne pouvons percevoir qu&rsquo;avec notre coeur ou notre intuition.&nbsp;\u00bb Fr\u00e9d\u00e9ric Lenoir Aromath\u00e9rapie et \u00e9nerg\u00e9tique Consid\u00e9r\u00e9es par les civilisations ant\u00e9rieures comme \u00ab&nbsp;l\u2019\u00e2me et l\u2019esprit des plantes&nbsp;\u00bb, les huiles essentielles \u00e9taient per\u00e7ues par le pass\u00e9 comme \u00e9minemment pr\u00e9cieuses. Autrefois, seuls les chamans, les pr\u00eatres-m\u00e9decins et les nobles [&hellip;]<\/p>\n","protected":false},"author":2,"featured_media":0,"parent":0,"menu_order":0,"comment_status":"closed","ping_status":"closed","template":"","meta":{"ngg_post_thumbnail":0,"footnotes":""},"class_list":["post-303","page","type-page","status-publish","hentry"],"yoast_head":"<!-- This site is optimized with the Yoast SEO plugin v24.5 - https:\/\/yoast.com\/wordpress\/plugins\/seo\/ -->\n<title>Aromatologie &#8211; AnimaOlistic<\/title>\n<meta name=\"description\" content=\"L\u2019aromath\u00e9rapie est un outil de d\u00e9veloppement holistique bas\u00e9 sur la connaissance des chakras et l\u2019\u00e9nerg\u00e9tique.\" \/>\n<meta name=\"robots\" content=\"index, follow, max-snippet:-1, max-image-preview:large, max-video-preview:-1\" \/>\n<link rel=\"canonical\" href=\"https:\/\/animaolistic.com\/site\/autres-soins-energetiques\/\" \/>\n<meta property=\"og:locale\" content=\"fr_FR\" \/>\n<meta property=\"og:type\" content=\"article\" \/>\n<meta property=\"og:title\" content=\"Aromatologie &#8211; AnimaOlistic\" \/>\n<meta property=\"og:description\" content=\"L\u2019aromath\u00e9rapie est un outil de d\u00e9veloppement holistique bas\u00e9 sur la connaissance des chakras et l\u2019\u00e9nerg\u00e9tique.\" \/>\n<meta property=\"og:url\" content=\"https:\/\/animaolistic.com\/site\/autres-soins-energetiques\/\" \/>\n<meta property=\"og:site_name\" content=\"AnimaOlistic\" \/>\n<meta property=\"article:publisher\" content=\"https:\/\/www.facebook.com\/AnimaOlistic\/\" \/>\n<meta property=\"article:modified_time\" content=\"2024-02-27T16:42:02+00:00\" \/>\n<meta property=\"og:image\" content=\"https:\/\/animolistic.com\/site\/wp-content\/uploads\/2019\/10\/illustration-autressoinsenergetiques.jpg\" \/>\n<meta name=\"twitter:card\" content=\"summary_large_image\" \/>\n<meta name=\"twitter:label1\" content=\"Dur\u00e9e de lecture estim\u00e9e\" \/>\n\t<meta name=\"twitter:data1\" content=\"5 minutes\" \/>\n<script type=\"application\/ld+json\" class=\"yoast-schema-graph\">{\"@context\":\"https:\/\/schema.org\",\"@graph\":[{\"@type\":\"WebPage\",\"@id\":\"https:\/\/animaolistic.com\/site\/autres-soins-energetiques\/\",\"url\":\"https:\/\/animaolistic.com\/site\/autres-soins-energetiques\/\",\"name\":\"Aromatologie &#8211; AnimaOlistic\",\"isPartOf\":{\"@id\":\"https:\/\/animaolistic.com\/site\/#website\"},\"primaryImageOfPage\":{\"@id\":\"https:\/\/animaolistic.com\/site\/autres-soins-energetiques\/#primaryimage\"},\"image\":{\"@id\":\"https:\/\/animaolistic.com\/site\/autres-soins-energetiques\/#primaryimage\"},\"thumbnailUrl\":\"https:\/\/animolistic.com\/site\/wp-content\/uploads\/2019\/10\/illustration-autressoinsenergetiques.jpg\",\"datePublished\":\"2019-10-13T14:34:50+00:00\",\"dateModified\":\"2024-02-27T16:42:02+00:00\",\"description\":\"L\u2019aromath\u00e9rapie est un outil de d\u00e9veloppement holistique bas\u00e9 sur la connaissance des chakras et l\u2019\u00e9nerg\u00e9tique.\",\"breadcrumb\":{\"@id\":\"https:\/\/animaolistic.com\/site\/autres-soins-energetiques\/#breadcrumb\"},\"inLanguage\":\"fr-FR\",\"potentialAction\":[{\"@type\":\"ReadAction\",\"target\":[\"https:\/\/animaolistic.com\/site\/autres-soins-energetiques\/\"]}]},{\"@type\":\"ImageObject\",\"inLanguage\":\"fr-FR\",\"@id\":\"https:\/\/animaolistic.com\/site\/autres-soins-energetiques\/#primaryimage\",\"url\":\"https:\/\/animolistic.com\/site\/wp-content\/uploads\/2019\/10\/illustration-autressoinsenergetiques.jpg\",\"contentUrl\":\"https:\/\/animolistic.com\/site\/wp-content\/uploads\/2019\/10\/illustration-autressoinsenergetiques.jpg\"},{\"@type\":\"BreadcrumbList\",\"@id\":\"https:\/\/animaolistic.com\/site\/autres-soins-energetiques\/#breadcrumb\",\"itemListElement\":[{\"@type\":\"ListItem\",\"position\":1,\"name\":\"Accueil\",\"item\":\"https:\/\/animaolistic.com\/site\/\"},{\"@type\":\"ListItem\",\"position\":2,\"name\":\"Aromatologie\"}]},{\"@type\":\"WebSite\",\"@id\":\"https:\/\/animaolistic.com\/site\/#website\",\"url\":\"https:\/\/animaolistic.com\/site\/\",\"name\":\"AnimaOlistic\",\"description\":\"Shiatsu et \u00e9nerg\u00e9tique orientale \u00e9quin, animalier et humain\",\"publisher\":{\"@id\":\"https:\/\/animaolistic.com\/site\/#organization\"},\"potentialAction\":[{\"@type\":\"SearchAction\",\"target\":{\"@type\":\"EntryPoint\",\"urlTemplate\":\"https:\/\/animaolistic.com\/site\/?s={search_term_string}\"},\"query-input\":{\"@type\":\"PropertyValueSpecification\",\"valueRequired\":true,\"valueName\":\"search_term_string\"}}],\"inLanguage\":\"fr-FR\"},{\"@type\":\"Organization\",\"@id\":\"https:\/\/animaolistic.com\/site\/#organization\",\"name\":\"Animaolistic\",\"url\":\"https:\/\/animaolistic.com\/site\/\",\"logo\":{\"@type\":\"ImageObject\",\"inLanguage\":\"fr-FR\",\"@id\":\"https:\/\/animaolistic.com\/site\/#\/schema\/logo\/image\/\",\"url\":\"https:\/\/animaolistic.com\/site\/wp-content\/uploads\/2019\/09\/animaolistic-logo-2.png\",\"contentUrl\":\"https:\/\/animaolistic.com\/site\/wp-content\/uploads\/2019\/09\/animaolistic-logo-2.png\",\"width\":150,\"height\":150,\"caption\":\"Animaolistic\"},\"image\":{\"@id\":\"https:\/\/animaolistic.com\/site\/#\/schema\/logo\/image\/\"},\"sameAs\":[\"https:\/\/www.facebook.com\/AnimaOlistic\/\",\"https:\/\/www.instagram.com\/animaolistic\/\",\"https:\/\/fr.linkedin.com\/in\/nathalie-hilaire-12b32592\"]}]}<\/script>\n<!-- \/ Yoast SEO plugin. -->","yoast_head_json":{"title":"Aromatologie &#8211; AnimaOlistic","description":"L\u2019aromath\u00e9rapie est un outil de d\u00e9veloppement holistique bas\u00e9 sur la connaissance des chakras et l\u2019\u00e9nerg\u00e9tique.","robots":{"index":"index","follow":"follow","max-snippet":"max-snippet:-1","max-image-preview":"max-image-preview:large","max-video-preview":"max-video-preview:-1"},"canonical":"https:\/\/animaolistic.com\/site\/autres-soins-energetiques\/","og_locale":"fr_FR","og_type":"article","og_title":"Aromatologie &#8211; AnimaOlistic","og_description":"L\u2019aromath\u00e9rapie est un outil de d\u00e9veloppement holistique bas\u00e9 sur la connaissance des chakras et l\u2019\u00e9nerg\u00e9tique.","og_url":"https:\/\/animaolistic.com\/site\/autres-soins-energetiques\/","og_site_name":"AnimaOlistic","article_publisher":"https:\/\/www.facebook.com\/AnimaOlistic\/","article_modified_time":"2024-02-27T16:42:02+00:00","og_image":[{"url":"https:\/\/animolistic.com\/site\/wp-content\/uploads\/2019\/10\/illustration-autressoinsenergetiques.jpg","type":"","width":"","height":""}],"twitter_card":"summary_large_image","twitter_misc":{"Dur\u00e9e de lecture estim\u00e9e":"5 minutes"},"schema":{"@context":"https:\/\/schema.org","@graph":[{"@type":"WebPage","@id":"https:\/\/animaolistic.com\/site\/autres-soins-energetiques\/","url":"https:\/\/animaolistic.com\/site\/autres-soins-energetiques\/","name":"Aromatologie &#8211; AnimaOlistic","isPartOf":{"@id":"https:\/\/animaolistic.com\/site\/#website"},"primaryImageOfPage":{"@id":"https:\/\/animaolistic.com\/site\/autres-soins-energetiques\/#primaryimage"},"image":{"@id":"https:\/\/animaolistic.com\/site\/autres-soins-energetiques\/#primaryimage"},"thumbnailUrl":"https:\/\/animolistic.com\/site\/wp-content\/uploads\/2019\/10\/illustration-autressoinsenergetiques.jpg","datePublished":"2019-10-13T14:34:50+00:00","dateModified":"2024-02-27T16:42:02+00:00","description":"L\u2019aromath\u00e9rapie est un outil de d\u00e9veloppement holistique bas\u00e9 sur la connaissance des chakras et l\u2019\u00e9nerg\u00e9tique.","breadcrumb":{"@id":"https:\/\/animaolistic.com\/site\/autres-soins-energetiques\/#breadcrumb"},"inLanguage":"fr-FR","potentialAction":[{"@type":"ReadAction","target":["https:\/\/animaolistic.com\/site\/autres-soins-energetiques\/"]}]},{"@type":"ImageObject","inLanguage":"fr-FR","@id":"https:\/\/animaolistic.com\/site\/autres-soins-energetiques\/#primaryimage","url":"https:\/\/animolistic.com\/site\/wp-content\/uploads\/2019\/10\/illustration-autressoinsenergetiques.jpg","contentUrl":"https:\/\/animolistic.com\/site\/wp-content\/uploads\/2019\/10\/illustration-autressoinsenergetiques.jpg"},{"@type":"BreadcrumbList","@id":"https:\/\/animaolistic.com\/site\/autres-soins-energetiques\/#breadcrumb","itemListElement":[{"@type":"ListItem","position":1,"name":"Accueil","item":"https:\/\/animaolistic.com\/site\/"},{"@type":"ListItem","position":2,"name":"Aromatologie"}]},{"@type":"WebSite","@id":"https:\/\/animaolistic.com\/site\/#website","url":"https:\/\/animaolistic.com\/site\/","name":"AnimaOlistic","description":"Shiatsu et \u00e9nerg\u00e9tique orientale \u00e9quin, animalier et humain","publisher":{"@id":"https:\/\/animaolistic.com\/site\/#organization"},"potentialAction":[{"@type":"SearchAction","target":{"@type":"EntryPoint","urlTemplate":"https:\/\/animaolistic.com\/site\/?s={search_term_string}"},"query-input":{"@type":"PropertyValueSpecification","valueRequired":true,"valueName":"search_term_string"}}],"inLanguage":"fr-FR"},{"@type":"Organization","@id":"https:\/\/animaolistic.com\/site\/#organization","name":"Animaolistic","url":"https:\/\/animaolistic.com\/site\/","logo":{"@type":"ImageObject","inLanguage":"fr-FR","@id":"https:\/\/animaolistic.com\/site\/#\/schema\/logo\/image\/","url":"https:\/\/animaolistic.com\/site\/wp-content\/uploads\/2019\/09\/animaolistic-logo-2.png","contentUrl":"https:\/\/animaolistic.com\/site\/wp-content\/uploads\/2019\/09\/animaolistic-logo-2.png","width":150,"height":150,"caption":"Animaolistic"},"image":{"@id":"https:\/\/animaolistic.com\/site\/#\/schema\/logo\/image\/"},"sameAs":["https:\/\/www.facebook.com\/AnimaOlistic\/","https:\/\/www.instagram.com\/animaolistic\/","https:\/\/fr.linkedin.com\/in\/nathalie-hilaire-12b32592"]}]}},"_links":{"self":[{"href":"https:\/\/animaolistic.com\/site\/wp-json\/wp\/v2\/pages\/303","targetHints":{"allow":["GET"]}}],"collection":[{"href":"https:\/\/animaolistic.com\/site\/wp-json\/wp\/v2\/pages"}],"about":[{"href":"https:\/\/animaolistic.com\/site\/wp-json\/wp\/v2\/types\/page"}],"author":[{"embeddable":true,"href":"https:\/\/animaolistic.com\/site\/wp-json\/wp\/v2\/users\/2"}],"replies":[{"embeddable":true,"href":"https:\/\/animaolistic.com\/site\/wp-json\/wp\/v2\/comments?post=303"}],"version-history":[{"count":19,"href":"https:\/\/animaolistic.com\/site\/wp-json\/wp\/v2\/pages\/303\/revisions"}],"predecessor-version":[{"id":1931,"href":"https:\/\/animaolistic.com\/site\/wp-json\/wp\/v2\/pages\/303\/revisions\/1931"}],"wp:attachment":[{"href":"https:\/\/animaolistic.com\/site\/wp-json\/wp\/v2\/media?parent=303"}],"curies":[{"name":"wp","href":"https:\/\/api.w.org\/{rel}","templated":true}]}}