{"id":314,"date":"2019-10-13T17:00:57","date_gmt":"2019-10-13T15:00:57","guid":{"rendered":"https:\/\/animolistic.com\/chantier\/?page_id=314"},"modified":"2026-03-01T17:54:33","modified_gmt":"2026-03-01T16:54:33","slug":"naturopathie","status":"publish","type":"page","link":"https:\/\/animaolistic.com\/site\/naturopathie\/","title":{"rendered":"Sinobiologie et bien-\u00eatre"},"content":{"rendered":"\n<div class=\"wp-block-cover is-light\"><span aria-hidden=\"true\" class=\"wp-block-cover__background has-background-dim\"><\/span><img loading=\"lazy\" decoding=\"async\" width=\"2560\" height=\"1920\" class=\"wp-block-cover__image-background wp-image-716\" alt=\"\" src=\"https:\/\/animaolistic.com\/site\/wp-content\/uploads\/2020\/03\/IMG_5159-scaled.jpg\" data-object-fit=\"cover\" srcset=\"https:\/\/animaolistic.com\/site\/wp-content\/uploads\/2020\/03\/IMG_5159-scaled.jpg 2560w, https:\/\/animaolistic.com\/site\/wp-content\/uploads\/2020\/03\/IMG_5159-300x225.jpg 300w, https:\/\/animaolistic.com\/site\/wp-content\/uploads\/2020\/03\/IMG_5159-1024x768.jpg 1024w, https:\/\/animaolistic.com\/site\/wp-content\/uploads\/2020\/03\/IMG_5159-768x576.jpg 768w, https:\/\/animaolistic.com\/site\/wp-content\/uploads\/2020\/03\/IMG_5159-1536x1152.jpg 1536w, https:\/\/animaolistic.com\/site\/wp-content\/uploads\/2020\/03\/IMG_5159-2048x1536.jpg 2048w\" sizes=\"auto, (max-width: 2560px) 100vw, 2560px\" \/><div class=\"wp-block-cover__inner-container is-layout-flow wp-block-cover-is-layout-flow\">\n<p class=\"has-text-align-center has-large-font-size\">Sinobiologie<\/p>\n<\/div><\/div>\n\n\n\n<blockquote class=\"wp-block-quote is-layout-flow wp-block-quote-is-layout-flow\">\n<p><em>\u00ab&nbsp;<\/em> L&rsquo;homme doit harmoniser l&rsquo;esprit et le corps.<em>\u00bb<\/em><\/p>\n<cite>Hippocrate<\/cite><\/blockquote>\n\n\n\n<p><\/p>\n\n\n\n<h2 class=\"wp-block-heading\">Sinobiologie et bien-\u00eatre : nourrir la vie<\/h2>\n\n\n\n<p>La Sinobiologie permet d&rsquo;aborder la pratique de l&rsquo;hygi\u00e8ne de vie asiatique et de r\u00e9tablir un \u00e9quilibre \u00e9nerg\u00e9tique yin-yang par les m\u00e9thodes traditionnelles chinoises.<br>Ainsi, le Yang Sheng Fa est une branche de l&rsquo;\u00e9nerg\u00e9tique chinoise et&nbsp;repr\u00e9sente un ensemble de concepts permettant de vivre longtemps en bonne Sant\u00e9. Yang, signifie \u00ab\u00a0nourrir\u00a0\u00bb et Sheng signifie \u00ab\u00a0vie\u00a0\u00bb.  Cet art de sant\u00e9 rassemble des enseignements permettant de \u00ab\u00a0nourrir la vie\u00a0\u00bb. <br>Cela regroupe des recommandations d&rsquo;hygi\u00e8ne de vie avec des enseignements sp\u00e9cifiques concernant l&rsquo;activit\u00e9 physique, l&rsquo;alimentation, la respiration, la gestion des \u00e9motions, les auto-massages&#8230;<br><\/p>\n\n\n\n<h3 class=\"wp-block-heading\">Les huiles essentielles <\/h3>\n\n\n\n<p>L\u2019approche des huiles essentielles appliqu\u00e9e \u00e0 l\u2019\u00e9nerg\u00e9tique chinoise (sinobiologie) se base sur leur analyse selon les param\u00e8tres utilis\u00e9s en pharmacop\u00e9e : analogie avec la plante aromatique (couleur, forme, partie distill\u00e9e\u2026), note de l\u2019huile essentielle (de t\u00eate, interm\u00e9diaire et de fond), sa nature (ce qui appartient \u00e0 l\u2019Eau va au Rein = rafra\u00eechissant), sa saveur (douce, piquante\u2026), les m\u00e9ridiens destinataires (Poumon, Rein&#8230;) et les fonctions en termes de syndromes (tonifie le Qi, r\u00e9chauffe l&rsquo;interne, transforme l\u2019humidit\u00e9&#8230;).<\/p>\n\n\n\n<p><strong><a href=\"https:\/\/www.osmobiose.com\/\">Huiles essentielles Osmobiose<\/a><\/strong><br>Les huiles essentielles OB Osmobiose ont \u00e9t\u00e9 s\u00e9lectionn\u00e9es en se basant sur les recherches du Dr P\u00e9no\u00ebl.<br>Osmobiose axe ses recherches sur des huiles essentielles avec des mol\u00e9cules les moins irritantes possibles, respectant un \u00e9quilibre ayant prouv\u00e9 une efficacit\u00e9 et une bonne tol\u00e9rance au niveau respiratoire ou cutan\u00e9 pour une utilisation sur les personnes sensibles ou les enfants, ainsi que les animaux.<br>C&rsquo;est la garantie d&rsquo;avoir des essences v\u00e9g\u00e9tales de qualit\u00e9, \u00ab\u00a0dures sur le probl\u00e8me et douces sur la personne\u00a0\u00bb<br><br><strong><a href=\"https:\/\/www.lafeespagyria.com\/categorie-produit\/huiles-essentielles\/\">Huiles essentielles spagyriqes La F\u00e9e Spagyria<\/a><\/strong><br>Les Quintessentielles sont la gamme des huiles essentielles spagyriques de la marque La F\u00e9e Spagyria.<br>Nos huiles essentielles sont uniques et diff\u00e9rentes de l\u2019aromath\u00e9rapie classique.<br>La Spagyrie leur apporte une dimension compl\u00e8te. La plante retrouve sa coh\u00e9sion int\u00e9grale tout en se magnifiant dans sa structure huileuse.<br>L\u2019huile essentielle spagyrique est biodisponible et \u00e9nergiquement harmonieuse.<\/p>\n\n\n\n<p><\/p>\n\n\n\n<h3 class=\"wp-block-heading\">Gemmoth\u00e9rapie :<\/h3>\n\n\n\n<p>Le nom de cette m\u00e9decine naturelle provient du mot latin gemmae, qui signifie \u00e0 la fois bourgeon et pierre pr\u00e9cieuse. Ce double sens est une allusion au caract\u00e8re pr\u00e9cieux de ces pousses qui apparaissent en hiver et \u00e0 leur stabilit\u00e9 apparente au cours de cette rude saison.<br>Cette phytoth\u00e9rapie tr\u00e8s particuli\u00e8re utilise les parties en voie de croissance des arbres ou des plantes : ce sont principalement les <strong>bourgeons<\/strong> mais aussi les <strong>jeunes feuilles, pousses, radicelles<\/strong> ou encore les <strong>\u00e9corces internes<\/strong> de tige et de racine.<br><br><strong><a href=\"https:\/\/www.lafeespagyria.com\/categorie-produit\/macerats-de-bourgeons\/\">Mac\u00e9rats de bourgeons La F\u00e9e Spagyria<\/a><\/strong><br>Une gamme de 45 mac\u00e9rats de bourgeons de plantes \u00ab&nbsp;Gemoplantes&nbsp;\u00bb pr\u00e9par\u00e9e selon un proc\u00e9d\u00e9 unique et complet en Spagyrie.<br>L\u2019alchimie v\u00e9g\u00e9tale est appliqu\u00e9e \u00e0 la gemmoth\u00e9rapie pour ainsi obtenir des mac\u00e9rats biodisponibles et complets. Ils redonnent au corps et au mental, le mouvement \u00e9nerg\u00e9tique premier pour favoriser une harmonie entre le neuro-sensoriel et le m\u00e9tabolisme.<br>Chaque mac\u00e9rat apporte un concentr\u00e9 de r\u00e9g\u00e9n\u00e9ration et de drainage cellulaire avec une r\u00e9solution corpo-psycho \u00e9motionnelle.<br><br><strong><a href=\"http:\/\/amedessimples.fr\/\">Les Macer\u2019agave L\u2019Ame des Simples<\/a><\/strong> :<br>Bourgeons, jeunes pousses et radicelles en mac\u00e9rations \u00ab M\u00e8res \u00bb (non dilu\u00e9es) sur une base d\u2019eau, d\u2019alcool et de sirop d\u2019agave.<br>D\u00e8s leur r\u00e9colte, ces jeunes tissus sont mis \u00e0 mac\u00e9rer dans un m\u00e9lange d&rsquo;eau, d&rsquo;alcool et de glyc\u00e9rine (ou de sirop d\u2019agave). On obtient alors des mac\u00e9rats m\u00e8re, ou concentr\u00e9s.<br>Le but est d\u2019en extraire les principes embryonnaires et les facteurs de croissance, tr\u00e8s nombreux \u00e0 ce stade pr\u00e9coce. Ce sont eux qui vont transmettre de mani\u00e8re subtile des informations \u00e0 l&rsquo;organisme.<\/p>\n\n\n\n<p><\/p>\n\n\n\n<h3 class=\"wp-block-heading\">Compl\u00e9ments alimentaires issus de la pharmacop\u00e9e chinoise&nbsp;: <\/h3>\n\n\n\n<p>La m\u00e9decine chinoise est un syst\u00e8me complet et autonome qui appr\u00e9hende l\u2019\u00eatre humain dans sa globalit\u00e9 et corrige les d\u00e9s\u00e9quilibres \u00e9nerg\u00e9tiques en accord avec ses th\u00e9ories holistiques. Cette philosophie repose sur le concept de l&rsquo;\u00e9quilibre du corps et des \u00e9nergies. Au fil du temps, les m\u00e9decins chinois et praticiens ont rassembl\u00e9 leurs connaissances pour optimiser l&rsquo;effet des plantes et des m\u00e9langes.<br>La pharmacop\u00e9e chinoise consiste \u00e0 utiliser des synergies de plantes et de min\u00e9raux sous la forme de d\u00e9coctions, poudres, comprim\u00e9s ou g\u00e9lules.<br>Certaines interactions sont b\u00e9n\u00e9fiques et l&rsquo;effet synergique de plusieurs plantes est souvent sup\u00e9rieur \u00e0 l&rsquo;effet additionn\u00e9 des plantes prises s\u00e9par\u00e9ment. <br>Cette pratique tr\u00e8s riche et complexe intervient apr\u00e8s un bilan en \u00e9nerg\u00e9tique chinoise, o\u00f9 le consultant se voit souvent conseiller une formule adapt\u00e9e \u00e0 sa nature et \u00e0 ses d\u00e9s\u00e9quilibres \u00e9nerg\u00e9tiques.<br><br><strong><a href=\"https:\/\/calebasse.com\/laboratoire-calebasse\">Laboratoire Calebasse Verte<\/a> :<\/strong><br>Gr\u00e2ce \u00e0 son \u00e9quipe compos\u00e9e de m\u00e9decins, de pharmaciens et des praticiens en MTC, ce laboratoire offre des produits minutieusement s\u00e9lectionn\u00e9s et \u00e9tudi\u00e9s, conformes au savoir ancestral ainsi qu&rsquo;aux crit\u00e8res de qualit\u00e9 moderne.<br>Il propose une s\u00e9lection de plantes en vrac, de tisanes et des formules traditionnelles et modernes.<br><br><a href=\"https:\/\/www.laboratoiresbimont.com\/\"><strong>Laboratoires Bimont<\/strong> <\/a>:<br>Les Laboratoires Bimont, ce sont avant tout 5 gammes de compl\u00e9ments alimentaires et cosm\u00e9tiques d\u00e9di\u00e9s \u00e0 la sant\u00e9, au bien-\u00eatre des femmes et des hommes.<br>85% des plantes utilis\u00e9es dans ces compl\u00e9ments proviennent de Chine. En pharmacop\u00e9e chinoise, des extraits de concentration des plantes sont utilis\u00e9s. Les plantes sont s\u00e9ch\u00e9es \u00e0 basse temp\u00e9rature, afin de conserver tous leurs principes actifs et sont \u00e9galement certifi\u00e9es sans pesticides, sans adjuvants, sans m\u00e9taux lourds et non irradi\u00e9es. Elles r\u00e9pondent \u00e0 la norme GMP 9001 (Good Manufacturing Practices) et font l\u2019objet d\u2019un double contr\u00f4le\u00a0: en Chine et en France, lors de leur arriv\u00e9e apr\u00e8s importation.<br>Code praticien : T547 HILAIRE NATHALIE<br><br><strong><a href=\"https:\/\/lian-sinovital.fr\/index.php\">Lian Sinovital<\/a> : <\/strong><br>Pharmacie-herboristerie sp\u00e9cialis\u00e9e en pharmacop\u00e9e chinoise, ce laboratoire produit et commercialise des ingr\u00e9dients et rem\u00e8des traditionnels chinois de premi\u00e8re qualit\u00e9. Tous les contr\u00f4les n\u00e9cessaires sont effectu\u00e9s pour garantir au plus grand nombre l\u2019acc\u00e8s \u00e0 des produits efficaces, s\u00fbrs et r\u00e9pondants aux exigences \u00e9thiques et r\u00e9glementaires.<br>Ces produits sont destin\u00e9s \u00e0 \u00eatre utilis\u00e9s pour contribuer \u00e0 la sant\u00e9, \u00e0 l\u2019\u00e9quilibre, au bien-\u00eatre, \u00e0 la joie et \u00e0 la vitalit\u00e9 de toute personne qui fait le choix d\u2019y avoir recours, dans le cadre d\u2019une d\u00e9marche souveraine, sous la responsabilit\u00e9 d\u2019un praticien form\u00e9 et comp\u00e9tent.<\/p>\n\n\n\n<p><strong><a href=\"https:\/\/www.planetaverd.net\/\">Planeta Verd<\/a><\/strong><br>En s&rsquo;appuyant sur le tr\u00e9sor mill\u00e9naire de sagesse et de connaissance profonde des myst\u00e8res de la vie que repr\u00e9sente la M\u00e9decine Traditionnelle Chinoise, Planeta Verd propose plantes et recettes naturelles soigneusement s\u00e9lectionn\u00e9es pour r\u00e9pondre aux besoins de l&rsquo;homme moderne.<br>La certification \u00ab GAP \u00bb (Good Agricultural Practices) est utilis\u00e9e pour les produits issus de transformations \u00e0 partir de plantes brutes : concentr\u00e9s de plantes, comprim\u00e9s et autres formules gal\u00e9niques. Les produits sont certifi\u00e9s \u00ab\u00a0Plantes non contamin\u00e9es\u00a0\u00bb (sans pesticides, sans m\u00e9taux lourds, non irradi\u00e9es, absence de contamination bact\u00e9riologique ou fongique, absence de sulfures).<br><\/p>\n\n\n\n<p><a href=\"http:\/\/www.animotao.com\/?src=link&amp;ref=hilaire\"><strong>AnimoTao<\/strong> : <strong>la tradition chinoise pour le bien-\u00eatre des animaux<\/strong><\/a><br>Analogie entre l&rsquo;animal et l&rsquo;Univers :<br>Les saisons, les lunaisons, l\u2019alternance du jour et de la nuit sont quelques-uns des cycles de la nature. L&rsquo;animal aussi a ses cycles. Par exemple, chaque sph\u00e8re associ\u00e9e \u00e0 un organe est en pl\u00e9nitude d\u2019\u00e9nergie \u00e0 une saison donn\u00e9e : pour la sph\u00e8re Foie, c\u2019est le printemps, pour l\u2019\u00e9t\u00e9 c\u2019est la sph\u00e8re C\u0153ur, etc&#8230;<br>N&rsquo;a t-on jamais rencontr\u00e9 des animaux qui ont les m\u00eames probl\u00e9matiques chaque ann\u00e9e \u00e0 la<strong> <\/strong>m\u00eame \u00e9poque ?&nbsp;Selon la saison o\u00f9 l&rsquo;animal a le plus de difficult\u00e9s, elle correspond sans doute \u00e0 un d\u00e9s\u00e9quilibre \u00e9nerg\u00e9tique de l\u2019organe correspondant. <br>Le principe est le m\u00eame pour une p\u00e9riode d\u2019un jour. Chaque sph\u00e8re associ\u00e9e \u00e0 un organe a son maximum d\u2019\u00e9nergie \u00e0 un moment pr\u00e9cis de la journ\u00e9e. Matins difficiles, baisse de performance \u00e0 certains moments de la journ\u00e9e, agitation le soir sont des exemples de ces mouvements d\u2019\u00e9nergie qui ne s\u2019effectuent pas de fa\u00e7on harmonieuse.<br>5\u20ac de r\u00e9duction sur la premi\u00e8re commande via le lien d&rsquo;affiliation ci-dessous<br><a href=\"http:\/\/www.animotao.com\/?src=link&amp;ref=hilaire\">http:\/\/www.animotao.com\/?src=link&amp;ref=hilaire<\/a><br><\/p>\n\n\n\n<h3 class=\"wp-block-heading\">Micronutrition et compl\u00e9ments alimentaires pour animaux<\/h3>\n\n\n\n<p><strong><a href=\"https:\/\/www.biodalg.com\/\">Biodalg<\/a><\/strong> : <strong>gamme Chevaux, Chiens, Chats, NAC, Ruminants et Volailles<\/strong><br>Ces produits ont \u00e9t\u00e9 formul\u00e9s par les v\u00e9t\u00e9rinaires Alain Boutonnet et Fran\u00e7oise Loshouarn<br>Le Laboratoire Biodalg a mis au point une gamme de produits de micronutrition pour les animaux : des compl\u00e9ments alimentaires enti\u00e8rement naturels, qui associent algues marines et d&rsquo;eau douce, plantes adaptog\u00e8nes, levures. Ces produits apportent des <strong>nutriments biodisponibles de qualit\u00e9 et sont particuli\u00e8rement riches en anti-oxydants.<\/strong><br>Le laboratoire Biodalg a \u00e9labor\u00e9 une gamme de compl\u00e9ments alimentaires naturels en s\u2019appuyant sur une d\u00e9marche \u00e0 la fois scientifique et intuitive. <br>L&rsquo;\u00e9quipe Biodalg est compos\u00e9e de v\u00e9t\u00e9rinaires (hom\u00e9opathes, ost\u00e9opathes, acupuncteurs), de femmes et d\u2019hommes de professions diverses, tous concern\u00e9s par les enjeux li\u00e9s au respect du monde animal et de l\u2019environnement.<br>En communiquant le code \u00ab NHILAIRE26 \u00bb, lors de votre commande sur le site Biodalg, vous b\u00e9n\u00e9ficierez automatiquement d\u2019une r\u00e9duction de 5 % sur l\u2019ensemble de la gamme.<\/p>\n","protected":false},"excerpt":{"rendered":"<p>\u00ab&nbsp; L&rsquo;homme doit harmoniser l&rsquo;esprit et le corps.\u00bb Hippocrate Sinobiologie et bien-\u00eatre : nourrir la vie La Sinobiologie permet d&rsquo;aborder la pratique de l&rsquo;hygi\u00e8ne de vie asiatique et de r\u00e9tablir un \u00e9quilibre \u00e9nerg\u00e9tique yin-yang par les m\u00e9thodes traditionnelles chinoises.Ainsi, le Yang Sheng Fa est une branche de l&rsquo;\u00e9nerg\u00e9tique chinoise et&nbsp;repr\u00e9sente un ensemble de concepts permettant [&hellip;]<\/p>\n","protected":false},"author":2,"featured_media":0,"parent":0,"menu_order":0,"comment_status":"closed","ping_status":"closed","template":"","meta":{"ngg_post_thumbnail":0,"footnotes":""},"class_list":["post-314","page","type-page","status-publish","hentry"],"yoast_head":"<!-- This site is optimized with the Yoast SEO plugin v24.5 - https:\/\/yoast.com\/wordpress\/plugins\/seo\/ -->\n<title>Sinobiologie et bien-\u00eatre &#8211; AnimaOlistic<\/title>\n<meta name=\"robots\" content=\"index, follow, max-snippet:-1, max-image-preview:large, max-video-preview:-1\" \/>\n<link rel=\"canonical\" href=\"https:\/\/animaolistic.com\/site\/naturopathie\/\" \/>\n<meta property=\"og:locale\" content=\"fr_FR\" \/>\n<meta property=\"og:type\" content=\"article\" \/>\n<meta property=\"og:title\" content=\"Sinobiologie et bien-\u00eatre &#8211; AnimaOlistic\" \/>\n<meta property=\"og:description\" content=\"\u00ab&nbsp; L&rsquo;homme doit harmoniser l&rsquo;esprit et le corps.\u00bb Hippocrate Sinobiologie et bien-\u00eatre : nourrir la vie La Sinobiologie permet d&rsquo;aborder la pratique de l&rsquo;hygi\u00e8ne de vie asiatique et de r\u00e9tablir un \u00e9quilibre \u00e9nerg\u00e9tique yin-yang par les m\u00e9thodes traditionnelles chinoises.Ainsi, le Yang Sheng Fa est une branche de l&rsquo;\u00e9nerg\u00e9tique chinoise et&nbsp;repr\u00e9sente un ensemble de concepts permettant [&hellip;]\" \/>\n<meta property=\"og:url\" content=\"https:\/\/animaolistic.com\/site\/naturopathie\/\" \/>\n<meta property=\"og:site_name\" content=\"AnimaOlistic\" \/>\n<meta property=\"article:publisher\" content=\"https:\/\/www.facebook.com\/AnimaOlistic\/\" \/>\n<meta property=\"article:modified_time\" content=\"2026-03-01T16:54:33+00:00\" \/>\n<meta property=\"og:image\" content=\"https:\/\/animaolistic.com\/site\/wp-content\/uploads\/2020\/03\/IMG_5159-scaled.jpg\" \/>\n\t<meta property=\"og:image:width\" content=\"2560\" \/>\n\t<meta property=\"og:image:height\" content=\"1920\" \/>\n\t<meta property=\"og:image:type\" content=\"image\/jpeg\" \/>\n<meta name=\"twitter:card\" content=\"summary_large_image\" \/>\n<meta name=\"twitter:label1\" content=\"Dur\u00e9e de lecture estim\u00e9e\" \/>\n\t<meta name=\"twitter:data1\" content=\"6 minutes\" \/>\n<script type=\"application\/ld+json\" class=\"yoast-schema-graph\">{\"@context\":\"https:\/\/schema.org\",\"@graph\":[{\"@type\":\"WebPage\",\"@id\":\"https:\/\/animaolistic.com\/site\/naturopathie\/\",\"url\":\"https:\/\/animaolistic.com\/site\/naturopathie\/\",\"name\":\"Sinobiologie et bien-\u00eatre &#8211; AnimaOlistic\",\"isPartOf\":{\"@id\":\"https:\/\/animaolistic.com\/site\/#website\"},\"primaryImageOfPage\":{\"@id\":\"https:\/\/animaolistic.com\/site\/naturopathie\/#primaryimage\"},\"image\":{\"@id\":\"https:\/\/animaolistic.com\/site\/naturopathie\/#primaryimage\"},\"thumbnailUrl\":\"https:\/\/animaolistic.com\/site\/wp-content\/uploads\/2020\/03\/IMG_5159-scaled.jpg\",\"datePublished\":\"2019-10-13T15:00:57+00:00\",\"dateModified\":\"2026-03-01T16:54:33+00:00\",\"breadcrumb\":{\"@id\":\"https:\/\/animaolistic.com\/site\/naturopathie\/#breadcrumb\"},\"inLanguage\":\"fr-FR\",\"potentialAction\":[{\"@type\":\"ReadAction\",\"target\":[\"https:\/\/animaolistic.com\/site\/naturopathie\/\"]}]},{\"@type\":\"ImageObject\",\"inLanguage\":\"fr-FR\",\"@id\":\"https:\/\/animaolistic.com\/site\/naturopathie\/#primaryimage\",\"url\":\"https:\/\/animaolistic.com\/site\/wp-content\/uploads\/2020\/03\/IMG_5159-scaled.jpg\",\"contentUrl\":\"https:\/\/animaolistic.com\/site\/wp-content\/uploads\/2020\/03\/IMG_5159-scaled.jpg\",\"width\":2560,\"height\":1920},{\"@type\":\"BreadcrumbList\",\"@id\":\"https:\/\/animaolistic.com\/site\/naturopathie\/#breadcrumb\",\"itemListElement\":[{\"@type\":\"ListItem\",\"position\":1,\"name\":\"Accueil\",\"item\":\"https:\/\/animaolistic.com\/site\/\"},{\"@type\":\"ListItem\",\"position\":2,\"name\":\"Sinobiologie et bien-\u00eatre\"}]},{\"@type\":\"WebSite\",\"@id\":\"https:\/\/animaolistic.com\/site\/#website\",\"url\":\"https:\/\/animaolistic.com\/site\/\",\"name\":\"AnimaOlistic\",\"description\":\"Shiatsu et \u00e9nerg\u00e9tique orientale \u00e9quin, animalier et humain\",\"publisher\":{\"@id\":\"https:\/\/animaolistic.com\/site\/#organization\"},\"potentialAction\":[{\"@type\":\"SearchAction\",\"target\":{\"@type\":\"EntryPoint\",\"urlTemplate\":\"https:\/\/animaolistic.com\/site\/?s={search_term_string}\"},\"query-input\":{\"@type\":\"PropertyValueSpecification\",\"valueRequired\":true,\"valueName\":\"search_term_string\"}}],\"inLanguage\":\"fr-FR\"},{\"@type\":\"Organization\",\"@id\":\"https:\/\/animaolistic.com\/site\/#organization\",\"name\":\"Animaolistic\",\"url\":\"https:\/\/animaolistic.com\/site\/\",\"logo\":{\"@type\":\"ImageObject\",\"inLanguage\":\"fr-FR\",\"@id\":\"https:\/\/animaolistic.com\/site\/#\/schema\/logo\/image\/\",\"url\":\"https:\/\/animaolistic.com\/site\/wp-content\/uploads\/2019\/09\/animaolistic-logo-2.png\",\"contentUrl\":\"https:\/\/animaolistic.com\/site\/wp-content\/uploads\/2019\/09\/animaolistic-logo-2.png\",\"width\":150,\"height\":150,\"caption\":\"Animaolistic\"},\"image\":{\"@id\":\"https:\/\/animaolistic.com\/site\/#\/schema\/logo\/image\/\"},\"sameAs\":[\"https:\/\/www.facebook.com\/AnimaOlistic\/\",\"https:\/\/www.instagram.com\/animaolistic\/\",\"https:\/\/fr.linkedin.com\/in\/nathalie-hilaire-12b32592\"]}]}<\/script>\n<!-- \/ Yoast SEO plugin. -->","yoast_head_json":{"title":"Sinobiologie et bien-\u00eatre &#8211; AnimaOlistic","robots":{"index":"index","follow":"follow","max-snippet":"max-snippet:-1","max-image-preview":"max-image-preview:large","max-video-preview":"max-video-preview:-1"},"canonical":"https:\/\/animaolistic.com\/site\/naturopathie\/","og_locale":"fr_FR","og_type":"article","og_title":"Sinobiologie et bien-\u00eatre &#8211; AnimaOlistic","og_description":"\u00ab&nbsp; L&rsquo;homme doit harmoniser l&rsquo;esprit et le corps.\u00bb Hippocrate Sinobiologie et bien-\u00eatre : nourrir la vie La Sinobiologie permet d&rsquo;aborder la pratique de l&rsquo;hygi\u00e8ne de vie asiatique et de r\u00e9tablir un \u00e9quilibre \u00e9nerg\u00e9tique yin-yang par les m\u00e9thodes traditionnelles chinoises.Ainsi, le Yang Sheng Fa est une branche de l&rsquo;\u00e9nerg\u00e9tique chinoise et&nbsp;repr\u00e9sente un ensemble de concepts permettant [&hellip;]","og_url":"https:\/\/animaolistic.com\/site\/naturopathie\/","og_site_name":"AnimaOlistic","article_publisher":"https:\/\/www.facebook.com\/AnimaOlistic\/","article_modified_time":"2026-03-01T16:54:33+00:00","og_image":[{"width":2560,"height":1920,"url":"https:\/\/animaolistic.com\/site\/wp-content\/uploads\/2020\/03\/IMG_5159-scaled.jpg","type":"image\/jpeg"}],"twitter_card":"summary_large_image","twitter_misc":{"Dur\u00e9e de lecture estim\u00e9e":"6 minutes"},"schema":{"@context":"https:\/\/schema.org","@graph":[{"@type":"WebPage","@id":"https:\/\/animaolistic.com\/site\/naturopathie\/","url":"https:\/\/animaolistic.com\/site\/naturopathie\/","name":"Sinobiologie et bien-\u00eatre &#8211; AnimaOlistic","isPartOf":{"@id":"https:\/\/animaolistic.com\/site\/#website"},"primaryImageOfPage":{"@id":"https:\/\/animaolistic.com\/site\/naturopathie\/#primaryimage"},"image":{"@id":"https:\/\/animaolistic.com\/site\/naturopathie\/#primaryimage"},"thumbnailUrl":"https:\/\/animaolistic.com\/site\/wp-content\/uploads\/2020\/03\/IMG_5159-scaled.jpg","datePublished":"2019-10-13T15:00:57+00:00","dateModified":"2026-03-01T16:54:33+00:00","breadcrumb":{"@id":"https:\/\/animaolistic.com\/site\/naturopathie\/#breadcrumb"},"inLanguage":"fr-FR","potentialAction":[{"@type":"ReadAction","target":["https:\/\/animaolistic.com\/site\/naturopathie\/"]}]},{"@type":"ImageObject","inLanguage":"fr-FR","@id":"https:\/\/animaolistic.com\/site\/naturopathie\/#primaryimage","url":"https:\/\/animaolistic.com\/site\/wp-content\/uploads\/2020\/03\/IMG_5159-scaled.jpg","contentUrl":"https:\/\/animaolistic.com\/site\/wp-content\/uploads\/2020\/03\/IMG_5159-scaled.jpg","width":2560,"height":1920},{"@type":"BreadcrumbList","@id":"https:\/\/animaolistic.com\/site\/naturopathie\/#breadcrumb","itemListElement":[{"@type":"ListItem","position":1,"name":"Accueil","item":"https:\/\/animaolistic.com\/site\/"},{"@type":"ListItem","position":2,"name":"Sinobiologie et bien-\u00eatre"}]},{"@type":"WebSite","@id":"https:\/\/animaolistic.com\/site\/#website","url":"https:\/\/animaolistic.com\/site\/","name":"AnimaOlistic","description":"Shiatsu et \u00e9nerg\u00e9tique orientale \u00e9quin, animalier et humain","publisher":{"@id":"https:\/\/animaolistic.com\/site\/#organization"},"potentialAction":[{"@type":"SearchAction","target":{"@type":"EntryPoint","urlTemplate":"https:\/\/animaolistic.com\/site\/?s={search_term_string}"},"query-input":{"@type":"PropertyValueSpecification","valueRequired":true,"valueName":"search_term_string"}}],"inLanguage":"fr-FR"},{"@type":"Organization","@id":"https:\/\/animaolistic.com\/site\/#organization","name":"Animaolistic","url":"https:\/\/animaolistic.com\/site\/","logo":{"@type":"ImageObject","inLanguage":"fr-FR","@id":"https:\/\/animaolistic.com\/site\/#\/schema\/logo\/image\/","url":"https:\/\/animaolistic.com\/site\/wp-content\/uploads\/2019\/09\/animaolistic-logo-2.png","contentUrl":"https:\/\/animaolistic.com\/site\/wp-content\/uploads\/2019\/09\/animaolistic-logo-2.png","width":150,"height":150,"caption":"Animaolistic"},"image":{"@id":"https:\/\/animaolistic.com\/site\/#\/schema\/logo\/image\/"},"sameAs":["https:\/\/www.facebook.com\/AnimaOlistic\/","https:\/\/www.instagram.com\/animaolistic\/","https:\/\/fr.linkedin.com\/in\/nathalie-hilaire-12b32592"]}]}},"_links":{"self":[{"href":"https:\/\/animaolistic.com\/site\/wp-json\/wp\/v2\/pages\/314","targetHints":{"allow":["GET"]}}],"collection":[{"href":"https:\/\/animaolistic.com\/site\/wp-json\/wp\/v2\/pages"}],"about":[{"href":"https:\/\/animaolistic.com\/site\/wp-json\/wp\/v2\/types\/page"}],"author":[{"embeddable":true,"href":"https:\/\/animaolistic.com\/site\/wp-json\/wp\/v2\/users\/2"}],"replies":[{"embeddable":true,"href":"https:\/\/animaolistic.com\/site\/wp-json\/wp\/v2\/comments?post=314"}],"version-history":[{"count":56,"href":"https:\/\/animaolistic.com\/site\/wp-json\/wp\/v2\/pages\/314\/revisions"}],"predecessor-version":[{"id":2445,"href":"https:\/\/animaolistic.com\/site\/wp-json\/wp\/v2\/pages\/314\/revisions\/2445"}],"wp:attachment":[{"href":"https:\/\/animaolistic.com\/site\/wp-json\/wp\/v2\/media?parent=314"}],"curies":[{"name":"wp","href":"https:\/\/api.w.org\/{rel}","templated":true}]}}