{"id":322,"date":"2019-10-13T17:17:44","date_gmt":"2019-10-13T15:17:44","guid":{"rendered":"https:\/\/animolistic.com\/chantier\/?page_id=322"},"modified":"2025-04-15T11:23:10","modified_gmt":"2025-04-15T09:23:10","slug":"les-seances-equin-et-animalier","status":"publish","type":"page","link":"https:\/\/animaolistic.com\/site\/les-seances-equin-et-animalier\/","title":{"rendered":"Les s\u00e9ances : \u00e9quin et animalier"},"content":{"rendered":"\n<div class=\"wp-block-cover is-light\"><span aria-hidden=\"true\" class=\"wp-block-cover__background has-background-dim\"><\/span><img loading=\"lazy\" decoding=\"async\" width=\"1000\" height=\"430\" class=\"wp-block-cover__image-background wp-image-341\" alt=\"\" src=\"https:\/\/animolistic.com\/site\/wp-content\/uploads\/2019\/10\/illustration-seanceequinetanimalier.jpg\" data-object-fit=\"cover\" srcset=\"https:\/\/animaolistic.com\/site\/wp-content\/uploads\/2019\/10\/illustration-seanceequinetanimalier.jpg 1000w, https:\/\/animaolistic.com\/site\/wp-content\/uploads\/2019\/10\/illustration-seanceequinetanimalier-300x129.jpg 300w, https:\/\/animaolistic.com\/site\/wp-content\/uploads\/2019\/10\/illustration-seanceequinetanimalier-768x330.jpg 768w\" sizes=\"auto, (max-width: 1000px) 100vw, 1000px\" \/><div class=\"wp-block-cover__inner-container is-layout-flow wp-block-cover-is-layout-flow\">\n<p class=\"has-text-align-center has-large-font-size\">Les s\u00e9ances :<br>\u00e9quin et animalier<\/p>\n<\/div><\/div>\n\n\n\n<blockquote class=\"wp-block-quote is-layout-flow wp-block-quote-is-layout-flow\">\n<p><em>\u00ab Toute croyance s&rsquo;exprime d&rsquo;abord dans le Coeur, l\u00e0 o\u00f9 nos exp\u00e9riences sont traduites en ondes \u00e9lectriques et magn\u00e9tiques, en constante interaction avec le monde physique \u00bb<\/em><\/p>\n<cite>Gregg Braden<\/cite><\/blockquote>\n\n\n\n<h2 class=\"wp-block-heading\">Shiatsu et \u00e9nerg\u00e9tique orientale \u00e9quin, canin et animalier<\/h2>\n\n\n\n<p>Ma pratique est bas\u00e9e <strong>sur le shiatsu et l&rsquo;\u00e9nerg\u00e9tique orientale<\/strong>, mais fait appel \u00e0 d&rsquo;autres m\u00e9thodes telles que <a href=\"https:\/\/animolistic.com\/site\/le-reiki\/\"><strong>le Re\u00efki<\/strong><\/a>, <a href=\"https:\/\/animaolistic.com\/site\/autres-soins-energetiques\/\"><strong>l&rsquo;Aromatologie<\/strong><\/a> et la <strong><a href=\"https:\/\/animaolistic.com\/site\/naturopathie\/\">Sinobiologie<\/a>.<\/strong><br> <br>Le shiatsu est une discipline manuelle de r\u00e9gulation des \u00e9nergies et de d\u00e9tente, pratiqu\u00e9e depuis des mill\u00e9naires en Extr\u00eame-Orient, il permet de maintenir ou d\u00e9velopper un niveau optimal de bien-\u00eatre physique, psychique et \u00e9motionnel.<br><br>En accord avec la philosophie tao\u00efste, le shiatsu intervient avant tout dans <strong>un travail de pr\u00e9servation<\/strong>, id\u00e9alement 4 fois par an<strong> \u00e0 chaque changement de saison<\/strong>, mais \u00e9galement lors de d\u00e9sordres <strong>physiques ou psychiques<\/strong>.<br>Le r\u00e9\u00e9quilibrage \u00e9nerg\u00e9tique s\u2018\u00e9tablit dans ce cas en une ou plusieurs s\u00e9ances cons\u00e9cutives, espac\u00e9es de deux \u00e0 trois semaines.<br><br><strong>Pourquoi une s\u00e9ance pour votre cheval, votre animal ?<\/strong><\/p>\n\n\n\n<ul class=\"wp-block-list\">\n<li><strong>Revitaliser<\/strong> l&rsquo;organisme, le pr\u00e9parer aux<strong> changements de saison<\/strong><\/li>\n\n\n\n<li><strong>Apaiser les \u00e9tats d&rsquo;\u00e2me<\/strong>, les troubles \u00e9motionnels : stress, nervosit\u00e9, tensions, anxi\u00e9t\u00e9, tristesse peurs, agressivit\u00e9, manque d&rsquo;entrain, difficult\u00e9s relationnelles, adaptation aux changements de vie&#8230;<\/li>\n\n\n\n<li>Optimiser le <strong>flux lymphatique et sanguin<\/strong><\/li>\n\n\n\n<li>Soulager les tensions, favoriser la souplesse des muscles, <strong>la pr\u00e9paration<\/strong> <strong>et la<\/strong> <strong>r\u00e9cup\u00e9ration sportive<\/strong><\/li>\n\n\n\n<li>Renforcer la qualit\u00e9 des tissus et favoriser la<strong> d\u00e9toxication<\/strong><\/li>\n\n\n\n<li>R\u00e9tablir le syst\u00e8me de <strong>d\u00e9fense naturelle<\/strong> de l&rsquo;organisme<\/li>\n\n\n\n<li>Apporter un mieux-vivre aux <strong>animaux \u00e2g\u00e9s<\/strong><\/li>\n\n\n\n<li>Le shiatsu peut \u00eatre le <strong>compl\u00e9ment d\u2019un traitement v\u00e9t\u00e9rinaire<\/strong> pour un meilleur confort physique et psychique.<\/li>\n<\/ul>\n\n\n\n<p>Que ce soit par son bilan \u00e9nerg\u00e9tique ou par son action, le shiatsu reste une approche holistique qui se pratique sur l\u2019ensemble du corps \u00e0 chaque s\u00e9ance. Le shiatsu apporte confort, d\u00e9tente et bien-\u00eatre en r\u00e9\u00e9quilibrant la circulation \u00e9nerg\u00e9tique de l&rsquo;organisme.<br><br><em>N.B&nbsp;: <br>Le shiatsu intervient en compl\u00e9ment des autres corps de m\u00e9tier de la sant\u00e9. <\/em><br><em>Il ne remplace en aucun cas leur intervention. La d\u00e9ontologie du praticien implique de travailler dans le cadre de nos comp\u00e9tences et de bien poser les limites de notre action. Le travail en shiatsu \u00e9quin et animalier vient en compl\u00e9ment de celui du v\u00e9t\u00e9rinaire ou de l\u2019ost\u00e9opathe.<\/em><\/p>\n\n\n\n<p>Le livre blanc du shiatsu \u00e9quin &amp; animalier est disponible <a href=\"https:\/\/animaolistic.com\/site\/wp-content\/uploads\/mep_Livre_Blanc_MAJ-decembre-2023.pdf\">ici<\/a><\/p>\n\n\n\n<h2 class=\"wp-block-heading\">D\u00e9roulement de la s\u00e9ance et pr\u00e9cautions \u00e9ventuelles<\/h2>\n\n\n\n<p><strong>Une s\u00e9ance de shiatsu \u00e9quin dure environ 1h30<\/strong> (environ 1h pour un chien ou un chat) sans compter les temps d\u2019\u00e9change avant\/apr\u00e8s, pr\u00e9voyez au moins 2 heures pour \u00eatre \u00e0 l\u2019aise.<\/p>\n\n\n\n<p><strong>Le lieu&nbsp;:<\/strong> il n\u2019y a pas d\u2019exigences particuli\u00e8res, <strong>la s\u00e9ance peut se faire n\u2019importe o\u00f9<\/strong>, si l\u2019animal se sent mieux sur son lieu de vie au milieu de ses cong\u00e9n\u00e8res c\u2019est l\u00e0 que nous la ferons (pr\u00e9, chenil ou autre).<br> <strong>S\u2019il pleut, il est pr\u00e9f\u00e9rable qu\u2019il ait eu le temps de s\u00e9cher<\/strong> avant car les pressions sur son poil mouill\u00e9 ne lui seront pas agr\u00e9ables.<br><br><strong><u>Avant le shiatsu :<\/u><\/strong><\/p>\n\n\n\n<ul class=\"wp-block-list\">\n<li><strong>Ne pas le brosser ou le toiletter<\/strong>, car les observations de son corps sont de pr\u00e9cieuses indications (brillance du poil, poils frott\u00e9s, hirsutes, sens invers\u00e9 sur certaines zones, comment retombe la crini\u00e8re ou la queue, \u0153il ou nez qui coule etc\u2026)<\/li>\n\n\n\n<li>Signaler si l\u2019animal a de <strong>la fi\u00e8vre<\/strong>, ou s\u2019il est sous<strong> traitement v\u00e9t\u00e9rinaire<\/strong> (antibiotique, anti-inflammatoire&#8230;)<\/li>\n\n\n\n<li>Signaler s\u2019il a une<strong> maladie grave<\/strong> (cancer, maladie auto-immune&#8230;) ou de nombreux m\u00e9lanomes<\/li>\n\n\n\n<li>Signaler s\u2019il s\u2019agit d\u2019une <strong>femelle en gestation<\/strong> (car le travail sur les m\u00e9ridiens devra \u00eatre adapt\u00e9)<\/li>\n\n\n\n<li>Signaler s\u2019il pr\u00e9sente une <strong>maladie contagieuse<\/strong> (afin de prendre les pr\u00e9cautions n\u00e9cessaires pour les autres animaux vus le m\u00eame jour)<\/li>\n\n\n\n<li>Pr\u00e9voir un temps de r\u00e9cup\u00e9ration si l\u2019animal vient de fournir un <strong>effort physique important<\/strong> (s\u00e9ance de travail, chasse\u2026).<\/li>\n<\/ul>\n\n\n\n<p><strong><u>Pendant le shiatsu&nbsp;:<\/u><\/strong><br>Apr\u00e8s un temps d\u2019\u00e9change, je vais tout d&rsquo;abord \u00e9tablir  le <strong>bilan \u00e9nerg\u00e9tique<\/strong> du corps. Je commence par observer l\u2019animal, puis pratique un effleurage sur tout le corps afin de d\u00e9terminer les zones de tensions, les zones molles, chaudes, la qualit\u00e9 de l&rsquo;\u00e9nergie dans les m\u00e9ridiens. Je peux aussi effectuer des rotations de membres, palper des zones ou points particuliers.<\/p>\n\n\n\n<p>Ce bilan \u00e9nerg\u00e9tique permet de d\u00e9terminer les m\u00e9ridiens sur lesquels le travail va se porter.<br>Le shiatsu fait appel \u00e0 l&rsquo;\u00e9nerg\u00e9tique chinoise pour associer des d\u00e9s\u00e9quilibres \u00e0 un organe (Foie, Rein, C\u0153ur, Poumon, Rate\u2026). Tous les organes repr\u00e9sentent des fonctions dans le corps. <\/p>\n\n\n\n<p>Apr\u00e8s les pressions et les rel\u00e2chements sur les m\u00e9ridiens, je vais faire le choix de points particuliers (tsubos) que je vais chauffer au MOXA (b\u00e2ton d\u2019armoise) pour un<strong> r\u00e9\u00e9quilibrage \u00e9nerg\u00e9tique global<\/strong>. <\/p>\n\n\n\n<p>Lors de la s\u00e9ance, je peux \u00e9galement travailler sur <strong>les chakras<\/strong>, selon les d\u00e9s\u00e9quilibres relev\u00e9s durant mon shiatsu, par imposition des mains, digipression et\/ou la proposition d&rsquo;huiles essentielles en harmonisation.<\/p>\n\n\n\n<p><strong><u>Apr\u00e8s le shiatsu&nbsp;:<\/u><\/strong><br>Laisser l\u2019animal <strong>48 heures au repos et au calme<\/strong> car il peut \u00eatre fatigu\u00e9, et pour permettre la libre circulation de l\u2019\u00e9nergie (qui se poursuit sur une quinzaine de jour).<\/p>\n","protected":false},"excerpt":{"rendered":"<p>\u00ab Toute croyance s&rsquo;exprime d&rsquo;abord dans le Coeur, l\u00e0 o\u00f9 nos exp\u00e9riences sont traduites en ondes \u00e9lectriques et magn\u00e9tiques, en constante interaction avec le monde physique \u00bb Gregg Braden Shiatsu et \u00e9nerg\u00e9tique orientale \u00e9quin, canin et animalier Ma pratique est bas\u00e9e sur le shiatsu et l&rsquo;\u00e9nerg\u00e9tique orientale, mais fait appel \u00e0 d&rsquo;autres m\u00e9thodes telles que [&hellip;]<\/p>\n","protected":false},"author":2,"featured_media":0,"parent":0,"menu_order":0,"comment_status":"closed","ping_status":"closed","template":"","meta":{"ngg_post_thumbnail":0,"footnotes":""},"class_list":["post-322","page","type-page","status-publish","hentry"],"yoast_head":"<!-- This site is optimized with the Yoast SEO plugin v24.5 - https:\/\/yoast.com\/wordpress\/plugins\/seo\/ -->\n<title>Les s\u00e9ances : \u00e9quin et animalier &#8211; AnimaOlistic<\/title>\n<meta name=\"robots\" content=\"index, follow, max-snippet:-1, max-image-preview:large, max-video-preview:-1\" \/>\n<link rel=\"canonical\" href=\"https:\/\/animaolistic.com\/site\/les-seances-equin-et-animalier\/\" \/>\n<meta property=\"og:locale\" content=\"fr_FR\" \/>\n<meta property=\"og:type\" content=\"article\" \/>\n<meta property=\"og:title\" content=\"Les s\u00e9ances : \u00e9quin et animalier &#8211; AnimaOlistic\" \/>\n<meta property=\"og:description\" content=\"\u00ab Toute croyance s&rsquo;exprime d&rsquo;abord dans le Coeur, l\u00e0 o\u00f9 nos exp\u00e9riences sont traduites en ondes \u00e9lectriques et magn\u00e9tiques, en constante interaction avec le monde physique \u00bb Gregg Braden Shiatsu et \u00e9nerg\u00e9tique orientale \u00e9quin, canin et animalier Ma pratique est bas\u00e9e sur le shiatsu et l&rsquo;\u00e9nerg\u00e9tique orientale, mais fait appel \u00e0 d&rsquo;autres m\u00e9thodes telles que [&hellip;]\" \/>\n<meta property=\"og:url\" content=\"https:\/\/animaolistic.com\/site\/les-seances-equin-et-animalier\/\" \/>\n<meta property=\"og:site_name\" content=\"AnimaOlistic\" \/>\n<meta property=\"article:publisher\" content=\"https:\/\/www.facebook.com\/AnimaOlistic\/\" \/>\n<meta property=\"article:modified_time\" content=\"2025-04-15T09:23:10+00:00\" \/>\n<meta property=\"og:image\" content=\"https:\/\/animaolistic.com\/site\/wp-content\/uploads\/2019\/10\/illustration-seanceequinetanimalier.jpg\" \/>\n\t<meta property=\"og:image:width\" content=\"1000\" \/>\n\t<meta property=\"og:image:height\" content=\"430\" \/>\n\t<meta property=\"og:image:type\" content=\"image\/jpeg\" \/>\n<meta name=\"twitter:card\" content=\"summary_large_image\" \/>\n<meta name=\"twitter:label1\" content=\"Dur\u00e9e de lecture estim\u00e9e\" \/>\n\t<meta name=\"twitter:data1\" content=\"5 minutes\" \/>\n<script type=\"application\/ld+json\" class=\"yoast-schema-graph\">{\"@context\":\"https:\/\/schema.org\",\"@graph\":[{\"@type\":\"WebPage\",\"@id\":\"https:\/\/animaolistic.com\/site\/les-seances-equin-et-animalier\/\",\"url\":\"https:\/\/animaolistic.com\/site\/les-seances-equin-et-animalier\/\",\"name\":\"Les s\u00e9ances : \u00e9quin et animalier &#8211; AnimaOlistic\",\"isPartOf\":{\"@id\":\"https:\/\/animaolistic.com\/site\/#website\"},\"primaryImageOfPage\":{\"@id\":\"https:\/\/animaolistic.com\/site\/les-seances-equin-et-animalier\/#primaryimage\"},\"image\":{\"@id\":\"https:\/\/animaolistic.com\/site\/les-seances-equin-et-animalier\/#primaryimage\"},\"thumbnailUrl\":\"https:\/\/animolistic.com\/site\/wp-content\/uploads\/2019\/10\/illustration-seanceequinetanimalier.jpg\",\"datePublished\":\"2019-10-13T15:17:44+00:00\",\"dateModified\":\"2025-04-15T09:23:10+00:00\",\"breadcrumb\":{\"@id\":\"https:\/\/animaolistic.com\/site\/les-seances-equin-et-animalier\/#breadcrumb\"},\"inLanguage\":\"fr-FR\",\"potentialAction\":[{\"@type\":\"ReadAction\",\"target\":[\"https:\/\/animaolistic.com\/site\/les-seances-equin-et-animalier\/\"]}]},{\"@type\":\"ImageObject\",\"inLanguage\":\"fr-FR\",\"@id\":\"https:\/\/animaolistic.com\/site\/les-seances-equin-et-animalier\/#primaryimage\",\"url\":\"https:\/\/animolistic.com\/site\/wp-content\/uploads\/2019\/10\/illustration-seanceequinetanimalier.jpg\",\"contentUrl\":\"https:\/\/animolistic.com\/site\/wp-content\/uploads\/2019\/10\/illustration-seanceequinetanimalier.jpg\"},{\"@type\":\"BreadcrumbList\",\"@id\":\"https:\/\/animaolistic.com\/site\/les-seances-equin-et-animalier\/#breadcrumb\",\"itemListElement\":[{\"@type\":\"ListItem\",\"position\":1,\"name\":\"Accueil\",\"item\":\"https:\/\/animaolistic.com\/site\/\"},{\"@type\":\"ListItem\",\"position\":2,\"name\":\"Les s\u00e9ances : \u00e9quin et animalier\"}]},{\"@type\":\"WebSite\",\"@id\":\"https:\/\/animaolistic.com\/site\/#website\",\"url\":\"https:\/\/animaolistic.com\/site\/\",\"name\":\"AnimaOlistic\",\"description\":\"Shiatsu et \u00e9nerg\u00e9tique orientale \u00e9quin, animalier et humain\",\"publisher\":{\"@id\":\"https:\/\/animaolistic.com\/site\/#organization\"},\"potentialAction\":[{\"@type\":\"SearchAction\",\"target\":{\"@type\":\"EntryPoint\",\"urlTemplate\":\"https:\/\/animaolistic.com\/site\/?s={search_term_string}\"},\"query-input\":{\"@type\":\"PropertyValueSpecification\",\"valueRequired\":true,\"valueName\":\"search_term_string\"}}],\"inLanguage\":\"fr-FR\"},{\"@type\":\"Organization\",\"@id\":\"https:\/\/animaolistic.com\/site\/#organization\",\"name\":\"Animaolistic\",\"url\":\"https:\/\/animaolistic.com\/site\/\",\"logo\":{\"@type\":\"ImageObject\",\"inLanguage\":\"fr-FR\",\"@id\":\"https:\/\/animaolistic.com\/site\/#\/schema\/logo\/image\/\",\"url\":\"https:\/\/animaolistic.com\/site\/wp-content\/uploads\/2019\/09\/animaolistic-logo-2.png\",\"contentUrl\":\"https:\/\/animaolistic.com\/site\/wp-content\/uploads\/2019\/09\/animaolistic-logo-2.png\",\"width\":150,\"height\":150,\"caption\":\"Animaolistic\"},\"image\":{\"@id\":\"https:\/\/animaolistic.com\/site\/#\/schema\/logo\/image\/\"},\"sameAs\":[\"https:\/\/www.facebook.com\/AnimaOlistic\/\",\"https:\/\/www.instagram.com\/animaolistic\/\",\"https:\/\/fr.linkedin.com\/in\/nathalie-hilaire-12b32592\"]}]}<\/script>\n<!-- \/ Yoast SEO plugin. -->","yoast_head_json":{"title":"Les s\u00e9ances : \u00e9quin et animalier &#8211; AnimaOlistic","robots":{"index":"index","follow":"follow","max-snippet":"max-snippet:-1","max-image-preview":"max-image-preview:large","max-video-preview":"max-video-preview:-1"},"canonical":"https:\/\/animaolistic.com\/site\/les-seances-equin-et-animalier\/","og_locale":"fr_FR","og_type":"article","og_title":"Les s\u00e9ances : \u00e9quin et animalier &#8211; AnimaOlistic","og_description":"\u00ab Toute croyance s&rsquo;exprime d&rsquo;abord dans le Coeur, l\u00e0 o\u00f9 nos exp\u00e9riences sont traduites en ondes \u00e9lectriques et magn\u00e9tiques, en constante interaction avec le monde physique \u00bb Gregg Braden Shiatsu et \u00e9nerg\u00e9tique orientale \u00e9quin, canin et animalier Ma pratique est bas\u00e9e sur le shiatsu et l&rsquo;\u00e9nerg\u00e9tique orientale, mais fait appel \u00e0 d&rsquo;autres m\u00e9thodes telles que [&hellip;]","og_url":"https:\/\/animaolistic.com\/site\/les-seances-equin-et-animalier\/","og_site_name":"AnimaOlistic","article_publisher":"https:\/\/www.facebook.com\/AnimaOlistic\/","article_modified_time":"2025-04-15T09:23:10+00:00","og_image":[{"width":1000,"height":430,"url":"https:\/\/animaolistic.com\/site\/wp-content\/uploads\/2019\/10\/illustration-seanceequinetanimalier.jpg","type":"image\/jpeg"}],"twitter_card":"summary_large_image","twitter_misc":{"Dur\u00e9e de lecture estim\u00e9e":"5 minutes"},"schema":{"@context":"https:\/\/schema.org","@graph":[{"@type":"WebPage","@id":"https:\/\/animaolistic.com\/site\/les-seances-equin-et-animalier\/","url":"https:\/\/animaolistic.com\/site\/les-seances-equin-et-animalier\/","name":"Les s\u00e9ances : \u00e9quin et animalier &#8211; AnimaOlistic","isPartOf":{"@id":"https:\/\/animaolistic.com\/site\/#website"},"primaryImageOfPage":{"@id":"https:\/\/animaolistic.com\/site\/les-seances-equin-et-animalier\/#primaryimage"},"image":{"@id":"https:\/\/animaolistic.com\/site\/les-seances-equin-et-animalier\/#primaryimage"},"thumbnailUrl":"https:\/\/animolistic.com\/site\/wp-content\/uploads\/2019\/10\/illustration-seanceequinetanimalier.jpg","datePublished":"2019-10-13T15:17:44+00:00","dateModified":"2025-04-15T09:23:10+00:00","breadcrumb":{"@id":"https:\/\/animaolistic.com\/site\/les-seances-equin-et-animalier\/#breadcrumb"},"inLanguage":"fr-FR","potentialAction":[{"@type":"ReadAction","target":["https:\/\/animaolistic.com\/site\/les-seances-equin-et-animalier\/"]}]},{"@type":"ImageObject","inLanguage":"fr-FR","@id":"https:\/\/animaolistic.com\/site\/les-seances-equin-et-animalier\/#primaryimage","url":"https:\/\/animolistic.com\/site\/wp-content\/uploads\/2019\/10\/illustration-seanceequinetanimalier.jpg","contentUrl":"https:\/\/animolistic.com\/site\/wp-content\/uploads\/2019\/10\/illustration-seanceequinetanimalier.jpg"},{"@type":"BreadcrumbList","@id":"https:\/\/animaolistic.com\/site\/les-seances-equin-et-animalier\/#breadcrumb","itemListElement":[{"@type":"ListItem","position":1,"name":"Accueil","item":"https:\/\/animaolistic.com\/site\/"},{"@type":"ListItem","position":2,"name":"Les s\u00e9ances : \u00e9quin et animalier"}]},{"@type":"WebSite","@id":"https:\/\/animaolistic.com\/site\/#website","url":"https:\/\/animaolistic.com\/site\/","name":"AnimaOlistic","description":"Shiatsu et \u00e9nerg\u00e9tique orientale \u00e9quin, animalier et humain","publisher":{"@id":"https:\/\/animaolistic.com\/site\/#organization"},"potentialAction":[{"@type":"SearchAction","target":{"@type":"EntryPoint","urlTemplate":"https:\/\/animaolistic.com\/site\/?s={search_term_string}"},"query-input":{"@type":"PropertyValueSpecification","valueRequired":true,"valueName":"search_term_string"}}],"inLanguage":"fr-FR"},{"@type":"Organization","@id":"https:\/\/animaolistic.com\/site\/#organization","name":"Animaolistic","url":"https:\/\/animaolistic.com\/site\/","logo":{"@type":"ImageObject","inLanguage":"fr-FR","@id":"https:\/\/animaolistic.com\/site\/#\/schema\/logo\/image\/","url":"https:\/\/animaolistic.com\/site\/wp-content\/uploads\/2019\/09\/animaolistic-logo-2.png","contentUrl":"https:\/\/animaolistic.com\/site\/wp-content\/uploads\/2019\/09\/animaolistic-logo-2.png","width":150,"height":150,"caption":"Animaolistic"},"image":{"@id":"https:\/\/animaolistic.com\/site\/#\/schema\/logo\/image\/"},"sameAs":["https:\/\/www.facebook.com\/AnimaOlistic\/","https:\/\/www.instagram.com\/animaolistic\/","https:\/\/fr.linkedin.com\/in\/nathalie-hilaire-12b32592"]}]}},"_links":{"self":[{"href":"https:\/\/animaolistic.com\/site\/wp-json\/wp\/v2\/pages\/322","targetHints":{"allow":["GET"]}}],"collection":[{"href":"https:\/\/animaolistic.com\/site\/wp-json\/wp\/v2\/pages"}],"about":[{"href":"https:\/\/animaolistic.com\/site\/wp-json\/wp\/v2\/types\/page"}],"author":[{"embeddable":true,"href":"https:\/\/animaolistic.com\/site\/wp-json\/wp\/v2\/users\/2"}],"replies":[{"embeddable":true,"href":"https:\/\/animaolistic.com\/site\/wp-json\/wp\/v2\/comments?post=322"}],"version-history":[{"count":57,"href":"https:\/\/animaolistic.com\/site\/wp-json\/wp\/v2\/pages\/322\/revisions"}],"predecessor-version":[{"id":2253,"href":"https:\/\/animaolistic.com\/site\/wp-json\/wp\/v2\/pages\/322\/revisions\/2253"}],"wp:attachment":[{"href":"https:\/\/animaolistic.com\/site\/wp-json\/wp\/v2\/media?parent=322"}],"curies":[{"name":"wp","href":"https:\/\/api.w.org\/{rel}","templated":true}]}}