{"id":394,"date":"2019-11-11T11:57:08","date_gmt":"2019-11-11T10:57:08","guid":{"rendered":"https:\/\/animolistic.com\/chantier\/?page_id=394"},"modified":"2025-12-26T18:11:43","modified_gmt":"2025-12-26T17:11:43","slug":"tarifs","status":"publish","type":"page","link":"https:\/\/animaolistic.com\/site\/tarifs\/","title":{"rendered":"Tarifs"},"content":{"rendered":"\n<div class=\"wp-block-cover is-light\"><span aria-hidden=\"true\" class=\"wp-block-cover__background has-background-dim\"><\/span><img loading=\"lazy\" decoding=\"async\" width=\"1000\" height=\"664\" class=\"wp-block-cover__image-background wp-image-455\" alt=\"\" src=\"https:\/\/animolistic.com\/site\/wp-content\/uploads\/2019\/11\/Illustration-tarifs.jpg\" data-object-fit=\"cover\" srcset=\"https:\/\/animaolistic.com\/site\/wp-content\/uploads\/2019\/11\/Illustration-tarifs.jpg 1000w, https:\/\/animaolistic.com\/site\/wp-content\/uploads\/2019\/11\/Illustration-tarifs-300x199.jpg 300w, https:\/\/animaolistic.com\/site\/wp-content\/uploads\/2019\/11\/Illustration-tarifs-768x510.jpg 768w\" sizes=\"auto, (max-width: 1000px) 100vw, 1000px\" \/><div class=\"wp-block-cover__inner-container is-layout-flow wp-block-cover-is-layout-flow\">\n<p class=\"has-text-align-center has-large-font-size\">Tarifs<\/p>\n<\/div><\/div>\n\n\n\n<h2 class=\"wp-block-heading has-text-align-center\">Tarifs des s\u00e9ances (hors d\u00e9placement)<\/h2>\n\n\n\n<p class=\"has-text-align-center\"><strong><em>Tarifs au 1er janvier 2026 : d\u00e9placement inclus jusqu&rsquo;\u00e0 50 kms<\/em><\/strong><br><\/p>\n\n\n\n<p>Certaines mutuelles, comit\u00e9s d\u2019entreprises ou mutuelles animali\u00e8res&nbsp;prennent en charge&nbsp;les s\u00e9ances de Shiatsu&nbsp;et de&nbsp;m\u00e9decines douces, n\u2019h\u00e9sitez pas \u00e0 vous renseigner aupr\u00e8s des v\u00f4tres.<br>Consultez la liste des mutuelles recens\u00e9es par la F\u00e9d\u00e9ration Fran\u00e7aise de Shiatsu Traditionnel <a href=\"https:\/\/ffst.fr\/wp-content\/uploads\/2025\/01\/FicheMutuelles-241127.pdf\">ici<\/a><\/p>\n\n\n\n<div class=\"wp-block-columns is-layout-flex wp-container-core-columns-is-layout-1 wp-block-columns-is-layout-flex\">\n<div class=\"wp-block-column is-layout-flow wp-block-column-is-layout-flow\" style=\"flex-basis:100%\">\n<p class=\"has-text-align-center\"><strong>TARIFS R\u00c9DUITS \u00e0 partir de 3 s\u00e9ances sur le m\u00eame secteur : <\/strong><a href=\"https:\/\/animaolistic.com\/site\/les-tournees-et-deplacements\/\">Les tourn\u00e9es<\/a><\/p>\n<\/div>\n<\/div>\n\n\n\n<figure class=\"wp-block-table aligncenter is-style-stripes\"><table><tbody><tr><td><br><strong>\u00c9QUIN :<\/strong><br><strong>La s\u00e9ance = 80\u20ac<\/strong><br> <br><strong>Forfait \u00c9QUILIBRE : 4 s\u00e9ances \/ an<\/strong> <strong>= 280\u20ac ou 4 x 70 \u20ac<\/strong><br>4 s\u00e9ances de shiatsu cibl\u00e9, espac\u00e9es d&rsquo;une \u00e0 3 semaines<br>ou 1 s\u00e9ance pr\u00e9ventive par saison entre le :<br>21\/12 et 21\/03 (printemps Bois &#8211; Foie)<br>21\/03 et 21\/06 (\u00e9t\u00e9 Feu &#8211; Coeur)<br>21\/06 et 21\/09 (automne M\u00e9tal &#8211; Poumon)<br>21\/09 et 21\/12 (hiver Eau &#8211; Rein)<br><strong>Si la s\u00e9ance n&rsquo;a pas eu lieu la saison pr\u00e9c\u00e9dente : 75 \u20ac<\/strong><br><br><strong>Duo cavalier + cheval = 145\u20ac<br>Duo cavalier shiatsu anma assis (dur\u00e9e env. 30 mn) + cheval = 105\u20ac<\/strong><br><\/td><\/tr><tr><td><br><strong>CANIN &#8211; F\u00c9LIN :<\/strong><br><strong>La s\u00e9ance = 65\u20ac<\/strong><br> <br><strong>Forfait \u00c9QUILIBRE : 4 s\u00e9ances \/ an = 220\u20ac<\/strong> <strong>ou 4 x 55 \u20ac<\/strong><br>4 s\u00e9ances de shiatsu cibl\u00e9, espac\u00e9es d&rsquo;une \u00e0 3 semaines<br>ou 1 s\u00e9ance pr\u00e9ventive par saison entre le :<br>21\/12 et 21\/03 (printemps Bois &#8211; Foie)<br>21\/03 et 21\/06 (\u00e9t\u00e9 Feu &#8211; Coeur)<br>21\/06 et 21\/09 (automne M\u00e9tal &#8211; Poumon)<br>21\/09 et 21\/12 (hiver Eau &#8211; Rein)<br><strong>Si la s\u00e9ance n&rsquo;a pas eu lieu la saison pr\u00e9c\u00e9dente : 60 \u20ac<\/strong><br><br><strong>Duo humain + chien\/chat = 130\u20ac<br>Duo humain shiatsu anma assis (dur\u00e9e env. 30 mn) + chien\/chat = 90\u20ac<\/strong> <br><br><\/td><\/tr><tr><td><br><strong>HUMAIN :<\/strong><br><strong>La s\u00e9ance = 75\u20ac<\/strong><br> <br><strong>Forfait \u00c9QUILIBRE : 4 s\u00e9ances \/ an<\/strong> <strong>= 260\u20ac<\/strong> <strong>ou 4 x 65 \u20ac<\/strong><br>4 s\u00e9ances de shiatsu cibl\u00e9, espac\u00e9es d&rsquo;une \u00e0 3 semaines<br>ou 1 s\u00e9ance pr\u00e9ventive par saison entre le :<br>21\/12 et 21\/03 (printemps Bois &#8211; Foie)<br>21\/03 et 21\/06 (\u00e9t\u00e9 Feu &#8211; Coeur)<br>21\/06 et 21\/09 (automne M\u00e9tal &#8211; Poumon)<br>21\/09 et 21\/12 (hiver Eau &#8211; Rein)<br><strong>Si la s\u00e9ance n&rsquo;a pas eu lieu la saison pr\u00e9c\u00e9dente : 70 \u20ac<\/strong><br> <br><strong>Shiatsu anma assis (sur chaise)  : 35\u20ac (dur\u00e9e env. 30mn)<\/strong><br>Au cabinet de Crest, sur rdv<br>A domicile : minimum 2 personnes, ou en suppl\u00e9ment d&rsquo;une s\u00e9ance animali\u00e8re<br><\/td><\/tr><tr><td><br><strong>PROFESSIONNELS : \u00e9levages, centres \u00e9questres, associations de m\u00e9diation et de protection animale&#8230;<\/strong><br>Tarifs d\u00e9gressifs selon le nombre de s\u00e9ances \u00e0 effectuer : <a href=\"https:\/\/animaolistic.com\/site\/contact\/\"><strong>me consulter<\/strong><\/a><br><br> <\/td><\/tr><tr><td> <br><strong>Autre animal (bovin, caprin, ovin, NAC) : <a href=\"https:\/\/animolistic.com\/site\/contact\/\">me consulter<\/a><\/strong><br> <\/td><\/tr><tr><td><br><strong>Re\u00efki, bilan et soins \u00e9nerg\u00e9tiques \u00e0 distance : 65\u20ac<\/strong><br><strong>S\u00e9ance de suivi \u00e0 distance (si besoin) : 45\u20ac<\/strong><br><\/td><\/tr><\/tbody><\/table><\/figure>\n\n\n\n<hr class=\"wp-block-separator has-css-opacity is-style-dots\"\/>\n\n\n\n<h2 class=\"wp-block-heading has-text-align-left\">D\u00e9placement<\/h2>\n\n\n\n<p class=\"has-text-align-left\">Calcul\u00e9 \u00e0 partir de Suze\/Crest (26400)<\/p>\n\n\n\n<figure class=\"wp-block-table is-style-stripes\"><table><tbody><tr><td><strong>Dans un rayon de 50 kms<\/strong> : <strong>offert<\/strong><br><strong>puis 5\u20ac par tranche de 10 kms <\/strong>suppl\u00e9mentaires<\/td><td><strong>De 50 \u00e0 60 kms : 5\u20ac<\/strong> <\/td><td><strong>De 60 \u00e0 70 kms : 10\u20ac<\/strong><\/td><td><strong>De 70 \u00e0 80 kms : 15\u20ac<\/strong> &#8230;etc<\/td><td><strong>Au-del\u00e0 de 100 kms  : <\/strong><a href=\"https:\/\/animolistic.com\/site\/contact\/\"><strong>me consulter<\/strong><\/a><\/td><\/tr><\/tbody><\/table><\/figure>\n\n\n\n<p><\/p>\n","protected":false},"excerpt":{"rendered":"<p>Tarifs des s\u00e9ances (hors d\u00e9placement) Tarifs au 1er janvier 2026 : d\u00e9placement inclus jusqu&rsquo;\u00e0 50 kms Certaines mutuelles, comit\u00e9s d\u2019entreprises ou mutuelles animali\u00e8res&nbsp;prennent en charge&nbsp;les s\u00e9ances de Shiatsu&nbsp;et de&nbsp;m\u00e9decines douces, n\u2019h\u00e9sitez pas \u00e0 vous renseigner aupr\u00e8s des v\u00f4tres.Consultez la liste des mutuelles recens\u00e9es par la F\u00e9d\u00e9ration Fran\u00e7aise de Shiatsu Traditionnel ici TARIFS R\u00c9DUITS \u00e0 partir [&hellip;]<\/p>\n","protected":false},"author":2,"featured_media":0,"parent":0,"menu_order":0,"comment_status":"closed","ping_status":"closed","template":"","meta":{"ngg_post_thumbnail":0,"footnotes":""},"class_list":["post-394","page","type-page","status-publish","hentry"],"yoast_head":"<!-- This site is optimized with the Yoast SEO plugin v24.5 - https:\/\/yoast.com\/wordpress\/plugins\/seo\/ -->\n<title>Tarifs &#8211; AnimaOlistic<\/title>\n<meta name=\"robots\" content=\"index, follow, max-snippet:-1, max-image-preview:large, max-video-preview:-1\" \/>\n<link rel=\"canonical\" href=\"https:\/\/animaolistic.com\/site\/tarifs\/\" \/>\n<meta property=\"og:locale\" content=\"fr_FR\" \/>\n<meta property=\"og:type\" content=\"article\" \/>\n<meta property=\"og:title\" content=\"Tarifs &#8211; AnimaOlistic\" \/>\n<meta property=\"og:description\" content=\"Tarifs des s\u00e9ances (hors d\u00e9placement) Tarifs au 1er janvier 2026 : d\u00e9placement inclus jusqu&rsquo;\u00e0 50 kms Certaines mutuelles, comit\u00e9s d\u2019entreprises ou mutuelles animali\u00e8res&nbsp;prennent en charge&nbsp;les s\u00e9ances de Shiatsu&nbsp;et de&nbsp;m\u00e9decines douces, n\u2019h\u00e9sitez pas \u00e0 vous renseigner aupr\u00e8s des v\u00f4tres.Consultez la liste des mutuelles recens\u00e9es par la F\u00e9d\u00e9ration Fran\u00e7aise de Shiatsu Traditionnel ici TARIFS R\u00c9DUITS \u00e0 partir [&hellip;]\" \/>\n<meta property=\"og:url\" content=\"https:\/\/animaolistic.com\/site\/tarifs\/\" \/>\n<meta property=\"og:site_name\" content=\"AnimaOlistic\" \/>\n<meta property=\"article:publisher\" content=\"https:\/\/www.facebook.com\/AnimaOlistic\/\" \/>\n<meta property=\"article:modified_time\" content=\"2025-12-26T17:11:43+00:00\" \/>\n<meta property=\"og:image\" content=\"https:\/\/animaolistic.com\/site\/wp-content\/uploads\/2019\/11\/Illustration-tarifs.jpg\" \/>\n\t<meta property=\"og:image:width\" content=\"1000\" \/>\n\t<meta property=\"og:image:height\" content=\"664\" \/>\n\t<meta property=\"og:image:type\" content=\"image\/jpeg\" \/>\n<meta name=\"twitter:card\" content=\"summary_large_image\" \/>\n<meta name=\"twitter:label1\" content=\"Dur\u00e9e de lecture estim\u00e9e\" \/>\n\t<meta name=\"twitter:data1\" content=\"2 minutes\" \/>\n<script type=\"application\/ld+json\" class=\"yoast-schema-graph\">{\"@context\":\"https:\/\/schema.org\",\"@graph\":[{\"@type\":\"WebPage\",\"@id\":\"https:\/\/animaolistic.com\/site\/tarifs\/\",\"url\":\"https:\/\/animaolistic.com\/site\/tarifs\/\",\"name\":\"Tarifs &#8211; AnimaOlistic\",\"isPartOf\":{\"@id\":\"https:\/\/animaolistic.com\/site\/#website\"},\"primaryImageOfPage\":{\"@id\":\"https:\/\/animaolistic.com\/site\/tarifs\/#primaryimage\"},\"image\":{\"@id\":\"https:\/\/animaolistic.com\/site\/tarifs\/#primaryimage\"},\"thumbnailUrl\":\"https:\/\/animolistic.com\/site\/wp-content\/uploads\/2019\/11\/Illustration-tarifs.jpg\",\"datePublished\":\"2019-11-11T10:57:08+00:00\",\"dateModified\":\"2025-12-26T17:11:43+00:00\",\"breadcrumb\":{\"@id\":\"https:\/\/animaolistic.com\/site\/tarifs\/#breadcrumb\"},\"inLanguage\":\"fr-FR\",\"potentialAction\":[{\"@type\":\"ReadAction\",\"target\":[\"https:\/\/animaolistic.com\/site\/tarifs\/\"]}]},{\"@type\":\"ImageObject\",\"inLanguage\":\"fr-FR\",\"@id\":\"https:\/\/animaolistic.com\/site\/tarifs\/#primaryimage\",\"url\":\"https:\/\/animolistic.com\/site\/wp-content\/uploads\/2019\/11\/Illustration-tarifs.jpg\",\"contentUrl\":\"https:\/\/animolistic.com\/site\/wp-content\/uploads\/2019\/11\/Illustration-tarifs.jpg\"},{\"@type\":\"BreadcrumbList\",\"@id\":\"https:\/\/animaolistic.com\/site\/tarifs\/#breadcrumb\",\"itemListElement\":[{\"@type\":\"ListItem\",\"position\":1,\"name\":\"Accueil\",\"item\":\"https:\/\/animaolistic.com\/site\/\"},{\"@type\":\"ListItem\",\"position\":2,\"name\":\"Tarifs\"}]},{\"@type\":\"WebSite\",\"@id\":\"https:\/\/animaolistic.com\/site\/#website\",\"url\":\"https:\/\/animaolistic.com\/site\/\",\"name\":\"AnimaOlistic\",\"description\":\"Shiatsu et \u00e9nerg\u00e9tique orientale \u00e9quin, animalier et humain\",\"publisher\":{\"@id\":\"https:\/\/animaolistic.com\/site\/#organization\"},\"potentialAction\":[{\"@type\":\"SearchAction\",\"target\":{\"@type\":\"EntryPoint\",\"urlTemplate\":\"https:\/\/animaolistic.com\/site\/?s={search_term_string}\"},\"query-input\":{\"@type\":\"PropertyValueSpecification\",\"valueRequired\":true,\"valueName\":\"search_term_string\"}}],\"inLanguage\":\"fr-FR\"},{\"@type\":\"Organization\",\"@id\":\"https:\/\/animaolistic.com\/site\/#organization\",\"name\":\"Animaolistic\",\"url\":\"https:\/\/animaolistic.com\/site\/\",\"logo\":{\"@type\":\"ImageObject\",\"inLanguage\":\"fr-FR\",\"@id\":\"https:\/\/animaolistic.com\/site\/#\/schema\/logo\/image\/\",\"url\":\"https:\/\/animaolistic.com\/site\/wp-content\/uploads\/2019\/09\/animaolistic-logo-2.png\",\"contentUrl\":\"https:\/\/animaolistic.com\/site\/wp-content\/uploads\/2019\/09\/animaolistic-logo-2.png\",\"width\":150,\"height\":150,\"caption\":\"Animaolistic\"},\"image\":{\"@id\":\"https:\/\/animaolistic.com\/site\/#\/schema\/logo\/image\/\"},\"sameAs\":[\"https:\/\/www.facebook.com\/AnimaOlistic\/\",\"https:\/\/www.instagram.com\/animaolistic\/\",\"https:\/\/fr.linkedin.com\/in\/nathalie-hilaire-12b32592\"]}]}<\/script>\n<!-- \/ Yoast SEO plugin. -->","yoast_head_json":{"title":"Tarifs &#8211; AnimaOlistic","robots":{"index":"index","follow":"follow","max-snippet":"max-snippet:-1","max-image-preview":"max-image-preview:large","max-video-preview":"max-video-preview:-1"},"canonical":"https:\/\/animaolistic.com\/site\/tarifs\/","og_locale":"fr_FR","og_type":"article","og_title":"Tarifs &#8211; AnimaOlistic","og_description":"Tarifs des s\u00e9ances (hors d\u00e9placement) Tarifs au 1er janvier 2026 : d\u00e9placement inclus jusqu&rsquo;\u00e0 50 kms Certaines mutuelles, comit\u00e9s d\u2019entreprises ou mutuelles animali\u00e8res&nbsp;prennent en charge&nbsp;les s\u00e9ances de Shiatsu&nbsp;et de&nbsp;m\u00e9decines douces, n\u2019h\u00e9sitez pas \u00e0 vous renseigner aupr\u00e8s des v\u00f4tres.Consultez la liste des mutuelles recens\u00e9es par la F\u00e9d\u00e9ration Fran\u00e7aise de Shiatsu Traditionnel ici TARIFS R\u00c9DUITS \u00e0 partir [&hellip;]","og_url":"https:\/\/animaolistic.com\/site\/tarifs\/","og_site_name":"AnimaOlistic","article_publisher":"https:\/\/www.facebook.com\/AnimaOlistic\/","article_modified_time":"2025-12-26T17:11:43+00:00","og_image":[{"width":1000,"height":664,"url":"https:\/\/animaolistic.com\/site\/wp-content\/uploads\/2019\/11\/Illustration-tarifs.jpg","type":"image\/jpeg"}],"twitter_card":"summary_large_image","twitter_misc":{"Dur\u00e9e de lecture estim\u00e9e":"2 minutes"},"schema":{"@context":"https:\/\/schema.org","@graph":[{"@type":"WebPage","@id":"https:\/\/animaolistic.com\/site\/tarifs\/","url":"https:\/\/animaolistic.com\/site\/tarifs\/","name":"Tarifs &#8211; AnimaOlistic","isPartOf":{"@id":"https:\/\/animaolistic.com\/site\/#website"},"primaryImageOfPage":{"@id":"https:\/\/animaolistic.com\/site\/tarifs\/#primaryimage"},"image":{"@id":"https:\/\/animaolistic.com\/site\/tarifs\/#primaryimage"},"thumbnailUrl":"https:\/\/animolistic.com\/site\/wp-content\/uploads\/2019\/11\/Illustration-tarifs.jpg","datePublished":"2019-11-11T10:57:08+00:00","dateModified":"2025-12-26T17:11:43+00:00","breadcrumb":{"@id":"https:\/\/animaolistic.com\/site\/tarifs\/#breadcrumb"},"inLanguage":"fr-FR","potentialAction":[{"@type":"ReadAction","target":["https:\/\/animaolistic.com\/site\/tarifs\/"]}]},{"@type":"ImageObject","inLanguage":"fr-FR","@id":"https:\/\/animaolistic.com\/site\/tarifs\/#primaryimage","url":"https:\/\/animolistic.com\/site\/wp-content\/uploads\/2019\/11\/Illustration-tarifs.jpg","contentUrl":"https:\/\/animolistic.com\/site\/wp-content\/uploads\/2019\/11\/Illustration-tarifs.jpg"},{"@type":"BreadcrumbList","@id":"https:\/\/animaolistic.com\/site\/tarifs\/#breadcrumb","itemListElement":[{"@type":"ListItem","position":1,"name":"Accueil","item":"https:\/\/animaolistic.com\/site\/"},{"@type":"ListItem","position":2,"name":"Tarifs"}]},{"@type":"WebSite","@id":"https:\/\/animaolistic.com\/site\/#website","url":"https:\/\/animaolistic.com\/site\/","name":"AnimaOlistic","description":"Shiatsu et \u00e9nerg\u00e9tique orientale \u00e9quin, animalier et humain","publisher":{"@id":"https:\/\/animaolistic.com\/site\/#organization"},"potentialAction":[{"@type":"SearchAction","target":{"@type":"EntryPoint","urlTemplate":"https:\/\/animaolistic.com\/site\/?s={search_term_string}"},"query-input":{"@type":"PropertyValueSpecification","valueRequired":true,"valueName":"search_term_string"}}],"inLanguage":"fr-FR"},{"@type":"Organization","@id":"https:\/\/animaolistic.com\/site\/#organization","name":"Animaolistic","url":"https:\/\/animaolistic.com\/site\/","logo":{"@type":"ImageObject","inLanguage":"fr-FR","@id":"https:\/\/animaolistic.com\/site\/#\/schema\/logo\/image\/","url":"https:\/\/animaolistic.com\/site\/wp-content\/uploads\/2019\/09\/animaolistic-logo-2.png","contentUrl":"https:\/\/animaolistic.com\/site\/wp-content\/uploads\/2019\/09\/animaolistic-logo-2.png","width":150,"height":150,"caption":"Animaolistic"},"image":{"@id":"https:\/\/animaolistic.com\/site\/#\/schema\/logo\/image\/"},"sameAs":["https:\/\/www.facebook.com\/AnimaOlistic\/","https:\/\/www.instagram.com\/animaolistic\/","https:\/\/fr.linkedin.com\/in\/nathalie-hilaire-12b32592"]}]}},"_links":{"self":[{"href":"https:\/\/animaolistic.com\/site\/wp-json\/wp\/v2\/pages\/394","targetHints":{"allow":["GET"]}}],"collection":[{"href":"https:\/\/animaolistic.com\/site\/wp-json\/wp\/v2\/pages"}],"about":[{"href":"https:\/\/animaolistic.com\/site\/wp-json\/wp\/v2\/types\/page"}],"author":[{"embeddable":true,"href":"https:\/\/animaolistic.com\/site\/wp-json\/wp\/v2\/users\/2"}],"replies":[{"embeddable":true,"href":"https:\/\/animaolistic.com\/site\/wp-json\/wp\/v2\/comments?post=394"}],"version-history":[{"count":86,"href":"https:\/\/animaolistic.com\/site\/wp-json\/wp\/v2\/pages\/394\/revisions"}],"predecessor-version":[{"id":2392,"href":"https:\/\/animaolistic.com\/site\/wp-json\/wp\/v2\/pages\/394\/revisions\/2392"}],"wp:attachment":[{"href":"https:\/\/animaolistic.com\/site\/wp-json\/wp\/v2\/media?parent=394"}],"curies":[{"name":"wp","href":"https:\/\/api.w.org\/{rel}","templated":true}]}}