{"id":560,"date":"2019-11-11T16:52:59","date_gmt":"2019-11-11T15:52:59","guid":{"rendered":"https:\/\/animolistic.com\/chantier\/?page_id=560"},"modified":"2025-02-24T18:04:10","modified_gmt":"2025-02-24T17:04:10","slug":"galerie-photo","status":"publish","type":"page","link":"https:\/\/animaolistic.com\/site\/galerie-photo\/","title":{"rendered":"Galerie photo"},"content":{"rendered":"ngg_shortcode_0_placeholder\n","protected":false},"excerpt":{"rendered":"","protected":false},"author":2,"featured_media":0,"parent":0,"menu_order":0,"comment_status":"closed","ping_status":"closed","template":"","meta":{"ngg_post_thumbnail":0,"footnotes":""},"class_list":["post-560","page","type-page","status-publish","hentry"],"yoast_head":"<!-- This site is optimized with the Yoast SEO plugin v24.5 - https:\/\/yoast.com\/wordpress\/plugins\/seo\/ -->\n<title>Galerie photo &#8211; AnimaOlistic<\/title>\n<meta name=\"robots\" content=\"index, follow, max-snippet:-1, max-image-preview:large, max-video-preview:-1\" \/>\n<link rel=\"canonical\" href=\"https:\/\/animaolistic.com\/site\/galerie-photo\/\" \/>\n<meta property=\"og:locale\" content=\"fr_FR\" \/>\n<meta property=\"og:type\" content=\"article\" \/>\n<meta property=\"og:title\" content=\"Galerie photo &#8211; AnimaOlistic\" \/>\n<meta property=\"og:url\" content=\"https:\/\/animaolistic.com\/site\/galerie-photo\/\" \/>\n<meta property=\"og:site_name\" content=\"AnimaOlistic\" \/>\n<meta property=\"article:publisher\" content=\"https:\/\/www.facebook.com\/AnimaOlistic\/\" \/>\n<meta property=\"article:modified_time\" content=\"2025-02-24T17:04:10+00:00\" \/>\n<meta name=\"twitter:card\" content=\"summary_large_image\" \/>\n<script type=\"application\/ld+json\" class=\"yoast-schema-graph\">{\"@context\":\"https:\/\/schema.org\",\"@graph\":[{\"@type\":\"WebPage\",\"@id\":\"https:\/\/animaolistic.com\/site\/galerie-photo\/\",\"url\":\"https:\/\/animaolistic.com\/site\/galerie-photo\/\",\"name\":\"Galerie photo &#8211; AnimaOlistic\",\"isPartOf\":{\"@id\":\"https:\/\/animaolistic.com\/site\/#website\"},\"datePublished\":\"2019-11-11T15:52:59+00:00\",\"dateModified\":\"2025-02-24T17:04:10+00:00\",\"breadcrumb\":{\"@id\":\"https:\/\/animaolistic.com\/site\/galerie-photo\/#breadcrumb\"},\"inLanguage\":\"fr-FR\",\"potentialAction\":[{\"@type\":\"ReadAction\",\"target\":[\"https:\/\/animaolistic.com\/site\/galerie-photo\/\"]}]},{\"@type\":\"BreadcrumbList\",\"@id\":\"https:\/\/animaolistic.com\/site\/galerie-photo\/#breadcrumb\",\"itemListElement\":[{\"@type\":\"ListItem\",\"position\":1,\"name\":\"Accueil\",\"item\":\"https:\/\/animaolistic.com\/site\/\"},{\"@type\":\"ListItem\",\"position\":2,\"name\":\"Galerie photo\"}]},{\"@type\":\"WebSite\",\"@id\":\"https:\/\/animaolistic.com\/site\/#website\",\"url\":\"https:\/\/animaolistic.com\/site\/\",\"name\":\"AnimaOlistic\",\"description\":\"Shiatsu et \u00e9nerg\u00e9tique orientale \u00e9quin, animalier et humain\",\"publisher\":{\"@id\":\"https:\/\/animaolistic.com\/site\/#organization\"},\"potentialAction\":[{\"@type\":\"SearchAction\",\"target\":{\"@type\":\"EntryPoint\",\"urlTemplate\":\"https:\/\/animaolistic.com\/site\/?s={search_term_string}\"},\"query-input\":{\"@type\":\"PropertyValueSpecification\",\"valueRequired\":true,\"valueName\":\"search_term_string\"}}],\"inLanguage\":\"fr-FR\"},{\"@type\":\"Organization\",\"@id\":\"https:\/\/animaolistic.com\/site\/#organization\",\"name\":\"Animaolistic\",\"url\":\"https:\/\/animaolistic.com\/site\/\",\"logo\":{\"@type\":\"ImageObject\",\"inLanguage\":\"fr-FR\",\"@id\":\"https:\/\/animaolistic.com\/site\/#\/schema\/logo\/image\/\",\"url\":\"https:\/\/animaolistic.com\/site\/wp-content\/uploads\/2019\/09\/animaolistic-logo-2.png\",\"contentUrl\":\"https:\/\/animaolistic.com\/site\/wp-content\/uploads\/2019\/09\/animaolistic-logo-2.png\",\"width\":150,\"height\":150,\"caption\":\"Animaolistic\"},\"image\":{\"@id\":\"https:\/\/animaolistic.com\/site\/#\/schema\/logo\/image\/\"},\"sameAs\":[\"https:\/\/www.facebook.com\/AnimaOlistic\/\",\"https:\/\/www.instagram.com\/animaolistic\/\",\"https:\/\/fr.linkedin.com\/in\/nathalie-hilaire-12b32592\"]}]}<\/script>\n<!-- \/ Yoast SEO plugin. -->","yoast_head_json":{"title":"Galerie photo &#8211; AnimaOlistic","robots":{"index":"index","follow":"follow","max-snippet":"max-snippet:-1","max-image-preview":"max-image-preview:large","max-video-preview":"max-video-preview:-1"},"canonical":"https:\/\/animaolistic.com\/site\/galerie-photo\/","og_locale":"fr_FR","og_type":"article","og_title":"Galerie photo &#8211; AnimaOlistic","og_url":"https:\/\/animaolistic.com\/site\/galerie-photo\/","og_site_name":"AnimaOlistic","article_publisher":"https:\/\/www.facebook.com\/AnimaOlistic\/","article_modified_time":"2025-02-24T17:04:10+00:00","twitter_card":"summary_large_image","schema":{"@context":"https:\/\/schema.org","@graph":[{"@type":"WebPage","@id":"https:\/\/animaolistic.com\/site\/galerie-photo\/","url":"https:\/\/animaolistic.com\/site\/galerie-photo\/","name":"Galerie photo &#8211; AnimaOlistic","isPartOf":{"@id":"https:\/\/animaolistic.com\/site\/#website"},"datePublished":"2019-11-11T15:52:59+00:00","dateModified":"2025-02-24T17:04:10+00:00","breadcrumb":{"@id":"https:\/\/animaolistic.com\/site\/galerie-photo\/#breadcrumb"},"inLanguage":"fr-FR","potentialAction":[{"@type":"ReadAction","target":["https:\/\/animaolistic.com\/site\/galerie-photo\/"]}]},{"@type":"BreadcrumbList","@id":"https:\/\/animaolistic.com\/site\/galerie-photo\/#breadcrumb","itemListElement":[{"@type":"ListItem","position":1,"name":"Accueil","item":"https:\/\/animaolistic.com\/site\/"},{"@type":"ListItem","position":2,"name":"Galerie photo"}]},{"@type":"WebSite","@id":"https:\/\/animaolistic.com\/site\/#website","url":"https:\/\/animaolistic.com\/site\/","name":"AnimaOlistic","description":"Shiatsu et \u00e9nerg\u00e9tique orientale \u00e9quin, animalier et humain","publisher":{"@id":"https:\/\/animaolistic.com\/site\/#organization"},"potentialAction":[{"@type":"SearchAction","target":{"@type":"EntryPoint","urlTemplate":"https:\/\/animaolistic.com\/site\/?s={search_term_string}"},"query-input":{"@type":"PropertyValueSpecification","valueRequired":true,"valueName":"search_term_string"}}],"inLanguage":"fr-FR"},{"@type":"Organization","@id":"https:\/\/animaolistic.com\/site\/#organization","name":"Animaolistic","url":"https:\/\/animaolistic.com\/site\/","logo":{"@type":"ImageObject","inLanguage":"fr-FR","@id":"https:\/\/animaolistic.com\/site\/#\/schema\/logo\/image\/","url":"https:\/\/animaolistic.com\/site\/wp-content\/uploads\/2019\/09\/animaolistic-logo-2.png","contentUrl":"https:\/\/animaolistic.com\/site\/wp-content\/uploads\/2019\/09\/animaolistic-logo-2.png","width":150,"height":150,"caption":"Animaolistic"},"image":{"@id":"https:\/\/animaolistic.com\/site\/#\/schema\/logo\/image\/"},"sameAs":["https:\/\/www.facebook.com\/AnimaOlistic\/","https:\/\/www.instagram.com\/animaolistic\/","https:\/\/fr.linkedin.com\/in\/nathalie-hilaire-12b32592"]}]}},"_links":{"self":[{"href":"https:\/\/animaolistic.com\/site\/wp-json\/wp\/v2\/pages\/560","targetHints":{"allow":["GET"]}}],"collection":[{"href":"https:\/\/animaolistic.com\/site\/wp-json\/wp\/v2\/pages"}],"about":[{"href":"https:\/\/animaolistic.com\/site\/wp-json\/wp\/v2\/types\/page"}],"author":[{"embeddable":true,"href":"https:\/\/animaolistic.com\/site\/wp-json\/wp\/v2\/users\/2"}],"replies":[{"embeddable":true,"href":"https:\/\/animaolistic.com\/site\/wp-json\/wp\/v2\/comments?post=560"}],"version-history":[{"count":4,"href":"https:\/\/animaolistic.com\/site\/wp-json\/wp\/v2\/pages\/560\/revisions"}],"predecessor-version":[{"id":2220,"href":"https:\/\/animaolistic.com\/site\/wp-json\/wp\/v2\/pages\/560\/revisions\/2220"}],"wp:attachment":[{"href":"https:\/\/animaolistic.com\/site\/wp-json\/wp\/v2\/media?parent=560"}],"curies":[{"name":"wp","href":"https:\/\/api.w.org\/{rel}","templated":true}]}}